{"id":985,"date":"2019-10-25T13:20:55","date_gmt":"2019-10-25T13:20:55","guid":{"rendered":"http:\/\/worklaser.pt\/?post_type=product&#038;p=985"},"modified":"2022-02-18T21:03:43","modified_gmt":"2022-02-18T21:03:43","slug":"relogio-madrinha-2","status":"publish","type":"product","link":"https:\/\/worklaser.pt\/?product=relogio-madrinha-2","title":{"rendered":"Rel\u00f3gio Madrinha 2"},"content":{"rendered":"","protected":false},"excerpt":{"rendered":"<p>Rel\u00f3gio em a\u00e7o ouro rosa. Bracelete ajust\u00e1vel a qualquer medida por patilha.<strong><br \/>\n<\/strong>Mostrador com flor em relevo e min\u00fasculos brilhantes, frase &#8220;Madrinha&#8221; .<\/p>\n<p>Di\u00e2metro do mostrador cerca de 3,5 cm.<\/p>\n","protected":false},"featured_media":8631,"comment_status":"open","ping_status":"closed","template":"","meta":[],"product_cat":[52,116],"product_tag":[],"yoast_head":"<!-- This site is optimized with the Yoast SEO plugin v14.5 - https:\/\/yoast.com\/wordpress\/plugins\/seo\/ -->\n<title>Rel\u00f3gio Madrinha 2 - WorkLaser<\/title>\n<meta name=\"robots\" content=\"index, follow\" \/>\n<meta name=\"googlebot\" content=\"index, follow, max-snippet:-1, max-image-preview:large, max-video-preview:-1\" \/>\n<meta name=\"bingbot\" content=\"index, follow, max-snippet:-1, max-image-preview:large, max-video-preview:-1\" \/>\n<link rel=\"canonical\" href=\"https:\/\/worklaser.pt\/?product=relogio-madrinha-2\" \/>\n<meta property=\"og:locale\" content=\"pt_PT\" \/>\n<meta property=\"og:type\" content=\"article\" \/>\n<meta property=\"og:title\" content=\"Rel\u00f3gio Madrinha 2 - WorkLaser\" \/>\n<meta property=\"og:description\" content=\"Rel\u00f3gio em a\u00e7o ouro rosa. Bracelete ajust\u00e1vel a qualquer medida por patilha. Mostrador com flor em relevo e min\u00fasculos brilhantes, frase &quot;Madrinha&quot; .  Di\u00e2metro do mostrador cerca de 3,5 cm.\" \/>\n<meta property=\"og:url\" content=\"https:\/\/worklaser.pt\/?product=relogio-madrinha-2\" \/>\n<meta property=\"og:site_name\" content=\"WorkLaser\" \/>\n<meta property=\"article:publisher\" content=\"https:\/\/www.facebook.com\/worklaser\" \/>\n<meta property=\"article:modified_time\" content=\"2022-02-18T21:03:43+00:00\" \/>\n<meta property=\"og:image\" content=\"https:\/\/worklaser.pt\/wp-content\/uploads\/2021\/01\/Madrinha-3-site.jpg\" \/>\n\t<meta property=\"og:image:width\" content=\"517\" \/>\n\t<meta property=\"og:image:height\" content=\"400\" \/>\n<meta property=\"fb:app_id\" content=\"275000290498322\" \/>\n<meta name=\"twitter:card\" content=\"summary_large_image\" \/>\n<script type=\"application\/ld+json\" class=\"yoast-schema-graph\">{\"@context\":\"https:\/\/schema.org\",\"@graph\":[{\"@type\":\"WebSite\",\"@id\":\"https:\/\/worklaser.pt\/#website\",\"url\":\"https:\/\/worklaser.pt\/\",\"name\":\"WorkLaser\",\"description\":\"Loja Online\",\"potentialAction\":[{\"@type\":\"SearchAction\",\"target\":\"https:\/\/worklaser.pt\/?s={search_term_string}\",\"query-input\":\"required name=search_term_string\"}],\"inLanguage\":\"pt-PT\"},{\"@type\":\"ImageObject\",\"@id\":\"https:\/\/worklaser.pt\/?product=relogio-madrinha-2#primaryimage\",\"inLanguage\":\"pt-PT\",\"url\":\"https:\/\/worklaser.pt\/wp-content\/uploads\/2021\/01\/Madrinha-3-site.jpg\",\"width\":517,\"height\":400},{\"@type\":\"WebPage\",\"@id\":\"https:\/\/worklaser.pt\/?product=relogio-madrinha-2#webpage\",\"url\":\"https:\/\/worklaser.pt\/?product=relogio-madrinha-2\",\"name\":\"Rel\\u00f3gio Madrinha 2 - WorkLaser\",\"isPartOf\":{\"@id\":\"https:\/\/worklaser.pt\/#website\"},\"primaryImageOfPage\":{\"@id\":\"https:\/\/worklaser.pt\/?product=relogio-madrinha-2#primaryimage\"},\"datePublished\":\"2019-10-25T13:20:55+00:00\",\"dateModified\":\"2022-02-18T21:03:43+00:00\",\"inLanguage\":\"pt-PT\",\"potentialAction\":[{\"@type\":\"ReadAction\",\"target\":[\"https:\/\/worklaser.pt\/?product=relogio-madrinha-2\"]}]}]}<\/script>\n<!-- \/ Yoast SEO plugin. -->","builder_content":"","_links":{"self":[{"href":"https:\/\/worklaser.pt\/index.php?rest_route=\/wp\/v2\/product\/985"}],"collection":[{"href":"https:\/\/worklaser.pt\/index.php?rest_route=\/wp\/v2\/product"}],"about":[{"href":"https:\/\/worklaser.pt\/index.php?rest_route=\/wp\/v2\/types\/product"}],"replies":[{"embeddable":true,"href":"https:\/\/worklaser.pt\/index.php?rest_route=%2Fwp%2Fv2%2Fcomments&post=985"}],"wp:featuredmedia":[{"embeddable":true,"href":"https:\/\/worklaser.pt\/index.php?rest_route=\/wp\/v2\/media\/8631"}],"wp:attachment":[{"href":"https:\/\/worklaser.pt\/index.php?rest_route=%2Fwp%2Fv2%2Fmedia&parent=985"}],"wp:term":[{"taxonomy":"product_cat","embeddable":true,"href":"https:\/\/worklaser.pt\/index.php?rest_route=%2Fwp%2Fv2%2Fproduct_cat&post=985"},{"taxonomy":"product_tag","embeddable":true,"href":"https:\/\/worklaser.pt\/index.php?rest_route=%2Fwp%2Fv2%2Fproduct_tag&post=985"}],"curies":[{"name":"wp","href":"https:\/\/api.w.org\/{rel}","templated":true}]}}