{"id":9813,"date":"2021-10-13T15:13:04","date_gmt":"2021-10-13T15:13:04","guid":{"rendered":"https:\/\/worklaser.pt\/?post_type=product&#038;p=9813"},"modified":"2024-03-07T18:39:38","modified_gmt":"2024-03-07T18:39:38","slug":"caixa-padrinho","status":"publish","type":"product","link":"https:\/\/worklaser.pt\/?product=caixa-padrinho","title":{"rendered":"Caixa Padrinho Batismo"},"content":{"rendered":"","protected":false},"excerpt":{"rendered":"<p>Caixa em madeira para convite de Padrinho<br \/>\n&#8211; Caixa personalizada na tampa com nome e data (caso n\u00e3o queira colocar data escreva &#8220;nenhuma&#8221;)<br \/>\n&#8211; Interior da tampa com convite com frase personalizada<br \/>\n&#8211; 3 produtos no interior (pode escolher os produtos)<\/p>\n<p>Caso queira colocar fotografia no convite interior dever\u00e1 anexar a fotografia ao finalizar a sua encomenda em &#8220;Anexar ficheiro&#8221;<\/p>\n<p>A caneta e o pente s\u00e3o personalizados com o nome do padrinho<br \/>\nAbre capsulas &#8220;Uso Exclusivo do Melhor Padrinho&#8221;<br \/>\nO espumante \u00e9 de 20cl e o vinho do porto \u00e9 de 20cl<\/p>\n<p>Tamanho da caixa: 24cm x 14,5cm x 8cm<br \/>\nTempo de entrega: 10-15 dias \u00fateis<\/p>\n","protected":false},"featured_media":9841,"comment_status":"open","ping_status":"closed","template":"","meta":[],"product_cat":[49,87],"product_tag":[],"yoast_head":"<!-- This site is optimized with the Yoast SEO plugin v14.5 - https:\/\/yoast.com\/wordpress\/plugins\/seo\/ -->\n<title>Caixa Padrinho Batismo - WorkLaser<\/title>\n<meta name=\"robots\" content=\"index, follow\" \/>\n<meta name=\"googlebot\" content=\"index, follow, max-snippet:-1, max-image-preview:large, max-video-preview:-1\" \/>\n<meta name=\"bingbot\" content=\"index, follow, max-snippet:-1, max-image-preview:large, max-video-preview:-1\" \/>\n<link rel=\"canonical\" href=\"https:\/\/worklaser.pt\/?product=caixa-padrinho\" \/>\n<meta property=\"og:locale\" content=\"pt_PT\" \/>\n<meta property=\"og:type\" content=\"article\" \/>\n<meta property=\"og:title\" content=\"Caixa Padrinho Batismo - WorkLaser\" \/>\n<meta property=\"og:description\" content=\"Caixa em madeira para convite de Padrinho - Caixa personalizada na tampa com nome e data (caso n\u00e3o queira colocar data escreva &quot;nenhuma&quot;) - Interior da tampa com convite com frase personalizada - 3 produtos no interior (pode escolher os produtos)  Caso queira colocar fotografia no convite interior dever\u00e1 anexar a fotografia ao finalizar a sua encomenda em &quot;Anexar ficheiro&quot;  A caneta e o pente s\u00e3o personalizados com o nome do padrinho Abre capsulas &quot;Uso Exclusivo do Melhor Padrinho&quot; O espumante \u00e9 de 20cl e o vinho do porto \u00e9 de 20cl  Tamanho da caixa: 24cm x 14,5cm x 8cm Tempo de entrega: 10-15 dias \u00fateis\" \/>\n<meta property=\"og:url\" content=\"https:\/\/worklaser.pt\/?product=caixa-padrinho\" \/>\n<meta property=\"og:site_name\" content=\"WorkLaser\" \/>\n<meta property=\"article:publisher\" content=\"https:\/\/www.facebook.com\/worklaser\" \/>\n<meta property=\"article:modified_time\" content=\"2024-03-07T18:39:38+00:00\" \/>\n<meta property=\"og:image\" content=\"https:\/\/worklaser.pt\/wp-content\/uploads\/2021\/10\/caixa-batismo.jpg\" \/>\n\t<meta property=\"og:image:width\" content=\"600\" \/>\n\t<meta property=\"og:image:height\" content=\"469\" \/>\n<meta property=\"fb:app_id\" content=\"275000290498322\" \/>\n<meta name=\"twitter:card\" content=\"summary_large_image\" \/>\n<script type=\"application\/ld+json\" class=\"yoast-schema-graph\">{\"@context\":\"https:\/\/schema.org\",\"@graph\":[{\"@type\":\"WebSite\",\"@id\":\"https:\/\/worklaser.pt\/#website\",\"url\":\"https:\/\/worklaser.pt\/\",\"name\":\"WorkLaser\",\"description\":\"Loja Online\",\"potentialAction\":[{\"@type\":\"SearchAction\",\"target\":\"https:\/\/worklaser.pt\/?s={search_term_string}\",\"query-input\":\"required name=search_term_string\"}],\"inLanguage\":\"pt-PT\"},{\"@type\":\"ImageObject\",\"@id\":\"https:\/\/worklaser.pt\/?product=caixa-padrinho#primaryimage\",\"inLanguage\":\"pt-PT\",\"url\":\"https:\/\/worklaser.pt\/wp-content\/uploads\/2021\/10\/caixa-batismo.jpg\",\"width\":600,\"height\":469},{\"@type\":\"WebPage\",\"@id\":\"https:\/\/worklaser.pt\/?product=caixa-padrinho#webpage\",\"url\":\"https:\/\/worklaser.pt\/?product=caixa-padrinho\",\"name\":\"Caixa Padrinho Batismo - WorkLaser\",\"isPartOf\":{\"@id\":\"https:\/\/worklaser.pt\/#website\"},\"primaryImageOfPage\":{\"@id\":\"https:\/\/worklaser.pt\/?product=caixa-padrinho#primaryimage\"},\"datePublished\":\"2021-10-13T15:13:04+00:00\",\"dateModified\":\"2024-03-07T18:39:38+00:00\",\"inLanguage\":\"pt-PT\",\"potentialAction\":[{\"@type\":\"ReadAction\",\"target\":[\"https:\/\/worklaser.pt\/?product=caixa-padrinho\"]}]}]}<\/script>\n<!-- \/ Yoast SEO plugin. -->","builder_content":"","_links":{"self":[{"href":"https:\/\/worklaser.pt\/index.php?rest_route=\/wp\/v2\/product\/9813"}],"collection":[{"href":"https:\/\/worklaser.pt\/index.php?rest_route=\/wp\/v2\/product"}],"about":[{"href":"https:\/\/worklaser.pt\/index.php?rest_route=\/wp\/v2\/types\/product"}],"replies":[{"embeddable":true,"href":"https:\/\/worklaser.pt\/index.php?rest_route=%2Fwp%2Fv2%2Fcomments&post=9813"}],"wp:featuredmedia":[{"embeddable":true,"href":"https:\/\/worklaser.pt\/index.php?rest_route=\/wp\/v2\/media\/9841"}],"wp:attachment":[{"href":"https:\/\/worklaser.pt\/index.php?rest_route=%2Fwp%2Fv2%2Fmedia&parent=9813"}],"wp:term":[{"taxonomy":"product_cat","embeddable":true,"href":"https:\/\/worklaser.pt\/index.php?rest_route=%2Fwp%2Fv2%2Fproduct_cat&post=9813"},{"taxonomy":"product_tag","embeddable":true,"href":"https:\/\/worklaser.pt\/index.php?rest_route=%2Fwp%2Fv2%2Fproduct_tag&post=9813"}],"curies":[{"name":"wp","href":"https:\/\/api.w.org\/{rel}","templated":true}]}}