{"id":976,"date":"2019-10-25T12:51:02","date_gmt":"2019-10-25T12:51:02","guid":{"rendered":"http:\/\/worklaser.pt\/?post_type=product&#038;p=976"},"modified":"2026-03-08T11:23:17","modified_gmt":"2026-03-08T11:23:17","slug":"conjunto-caixa-madeira-2","status":"publish","type":"product","link":"https:\/\/worklaser.pt\/?product=conjunto-caixa-madeira-2","title":{"rendered":"Conjunto Caixa Madeira 2"},"content":{"rendered":"","protected":false},"excerpt":{"rendered":"<p>Conjunto composto por guarda joias em madeira com grava\u00e7\u00e3o na tampa.<br \/>\nPorta chaves formato estrela personalizado com nome . Colar em a\u00e7o inoxid\u00e1vel com medalha com a grava\u00e7\u00e3o \u201cMadrinha \u00e9 m\u00e3e do cora\u00e7\u00e3o\u201d.<br \/>\nA frase &#8220;Feliz Natal&#8221; pode ser alterada para outra fase, indique a frase que deseja (nas notas da encomenda) ao finalizar a sua compra.<br \/>\nTamanho do porta chaves: 6cmx6cm<br \/>\nComprimento do fio: 50cm<\/p>\n<p>Di\u00e2metro da medalha do colar: 2,5cm<\/p>\n","protected":false},"featured_media":878,"comment_status":"open","ping_status":"closed","template":"","meta":[],"product_cat":[52,116],"product_tag":[],"yoast_head":"<!-- This site is optimized with the Yoast SEO plugin v14.5 - https:\/\/yoast.com\/wordpress\/plugins\/seo\/ -->\n<title>Conjunto Caixa Madeira 2 - WorkLaser<\/title>\n<meta name=\"robots\" content=\"index, follow\" \/>\n<meta name=\"googlebot\" content=\"index, follow, max-snippet:-1, max-image-preview:large, max-video-preview:-1\" \/>\n<meta name=\"bingbot\" content=\"index, follow, max-snippet:-1, max-image-preview:large, max-video-preview:-1\" \/>\n<link rel=\"canonical\" href=\"https:\/\/worklaser.pt\/?product=conjunto-caixa-madeira-2\" \/>\n<meta property=\"og:locale\" content=\"pt_PT\" \/>\n<meta property=\"og:type\" content=\"article\" \/>\n<meta property=\"og:title\" content=\"Conjunto Caixa Madeira 2 - WorkLaser\" \/>\n<meta property=\"og:description\" content=\"Conjunto composto por guarda joias em madeira com grava\u00e7\u00e3o na tampa. Porta chaves formato estrela personalizado com nome . Colar em a\u00e7o inoxid\u00e1vel com medalha com a grava\u00e7\u00e3o \u201cMadrinha \u00e9 m\u00e3e do cora\u00e7\u00e3o\u201d. A frase &quot;Feliz Natal&quot; pode ser alterada para outra fase, indique a frase que deseja (nas notas da encomenda) ao finalizar a sua compra. Tamanho do porta chaves: 6cmx6cm Comprimento do fio: 50cm  Di\u00e2metro da medalha do colar: 2,5cm\" \/>\n<meta property=\"og:url\" content=\"https:\/\/worklaser.pt\/?product=conjunto-caixa-madeira-2\" \/>\n<meta property=\"og:site_name\" content=\"WorkLaser\" \/>\n<meta property=\"article:publisher\" content=\"https:\/\/www.facebook.com\/worklaser\" \/>\n<meta property=\"article:modified_time\" content=\"2026-03-08T11:23:17+00:00\" \/>\n<meta property=\"og:image\" content=\"https:\/\/worklaser.pt\/wp-content\/uploads\/2019\/10\/Conjunto-Caixa-Madeira-2.jpg\" \/>\n\t<meta property=\"og:image:width\" content=\"1024\" \/>\n\t<meta property=\"og:image:height\" content=\"800\" \/>\n<meta property=\"fb:app_id\" content=\"275000290498322\" \/>\n<meta name=\"twitter:card\" content=\"summary_large_image\" \/>\n<script type=\"application\/ld+json\" class=\"yoast-schema-graph\">{\"@context\":\"https:\/\/schema.org\",\"@graph\":[{\"@type\":\"WebSite\",\"@id\":\"https:\/\/worklaser.pt\/#website\",\"url\":\"https:\/\/worklaser.pt\/\",\"name\":\"WorkLaser\",\"description\":\"Loja Online\",\"potentialAction\":[{\"@type\":\"SearchAction\",\"target\":\"https:\/\/worklaser.pt\/?s={search_term_string}\",\"query-input\":\"required name=search_term_string\"}],\"inLanguage\":\"pt-PT\"},{\"@type\":\"ImageObject\",\"@id\":\"https:\/\/worklaser.pt\/?product=conjunto-caixa-madeira-2#primaryimage\",\"inLanguage\":\"pt-PT\",\"url\":\"https:\/\/worklaser.pt\/wp-content\/uploads\/2019\/10\/Conjunto-Caixa-Madeira-2.jpg\",\"width\":1024,\"height\":800},{\"@type\":\"WebPage\",\"@id\":\"https:\/\/worklaser.pt\/?product=conjunto-caixa-madeira-2#webpage\",\"url\":\"https:\/\/worklaser.pt\/?product=conjunto-caixa-madeira-2\",\"name\":\"Conjunto Caixa Madeira 2 - WorkLaser\",\"isPartOf\":{\"@id\":\"https:\/\/worklaser.pt\/#website\"},\"primaryImageOfPage\":{\"@id\":\"https:\/\/worklaser.pt\/?product=conjunto-caixa-madeira-2#primaryimage\"},\"datePublished\":\"2019-10-25T12:51:02+00:00\",\"dateModified\":\"2026-03-08T11:23:17+00:00\",\"inLanguage\":\"pt-PT\",\"potentialAction\":[{\"@type\":\"ReadAction\",\"target\":[\"https:\/\/worklaser.pt\/?product=conjunto-caixa-madeira-2\"]}]}]}<\/script>\n<!-- \/ Yoast SEO plugin. -->","builder_content":"","_links":{"self":[{"href":"https:\/\/worklaser.pt\/index.php?rest_route=\/wp\/v2\/product\/976"}],"collection":[{"href":"https:\/\/worklaser.pt\/index.php?rest_route=\/wp\/v2\/product"}],"about":[{"href":"https:\/\/worklaser.pt\/index.php?rest_route=\/wp\/v2\/types\/product"}],"replies":[{"embeddable":true,"href":"https:\/\/worklaser.pt\/index.php?rest_route=%2Fwp%2Fv2%2Fcomments&post=976"}],"wp:featuredmedia":[{"embeddable":true,"href":"https:\/\/worklaser.pt\/index.php?rest_route=\/wp\/v2\/media\/878"}],"wp:attachment":[{"href":"https:\/\/worklaser.pt\/index.php?rest_route=%2Fwp%2Fv2%2Fmedia&parent=976"}],"wp:term":[{"taxonomy":"product_cat","embeddable":true,"href":"https:\/\/worklaser.pt\/index.php?rest_route=%2Fwp%2Fv2%2Fproduct_cat&post=976"},{"taxonomy":"product_tag","embeddable":true,"href":"https:\/\/worklaser.pt\/index.php?rest_route=%2Fwp%2Fv2%2Fproduct_tag&post=976"}],"curies":[{"name":"wp","href":"https:\/\/api.w.org\/{rel}","templated":true}]}}