{"id":968,"date":"2019-10-25T12:41:06","date_gmt":"2019-10-25T12:41:06","guid":{"rendered":"http:\/\/worklaser.pt\/?post_type=product&#038;p=968"},"modified":"2026-03-08T11:25:47","modified_gmt":"2026-03-08T11:25:47","slug":"colar-de-aco-madrinha-4","status":"publish","type":"product","link":"https:\/\/worklaser.pt\/?product=colar-de-aco-madrinha-4","title":{"rendered":"Colar de a\u00e7o Madrinha 4"},"content":{"rendered":"","protected":false},"excerpt":{"rendered":"<p>Colar em a\u00e7o inoxid\u00e1vel prateado.<br \/>\nMedalha com cora\u00e7\u00e3o ao centro e com a grava\u00e7\u00e3o \u201cMadrinha\u201d.<br \/>\nO colar inclui a caixinha da foto.<br \/>\nComprimento do fio: 50cm<br \/>\nDi\u00e2metro da medalha: 2,5cm<\/p>\n","protected":false},"featured_media":872,"comment_status":"open","ping_status":"closed","template":"","meta":[],"product_cat":[52,116],"product_tag":[],"yoast_head":"<!-- This site is optimized with the Yoast SEO plugin v14.5 - https:\/\/yoast.com\/wordpress\/plugins\/seo\/ -->\n<title>Colar de a\u00e7o Madrinha 4 - WorkLaser<\/title>\n<meta name=\"robots\" content=\"index, follow\" \/>\n<meta name=\"googlebot\" content=\"index, follow, max-snippet:-1, max-image-preview:large, max-video-preview:-1\" \/>\n<meta name=\"bingbot\" content=\"index, follow, max-snippet:-1, max-image-preview:large, max-video-preview:-1\" \/>\n<link rel=\"canonical\" href=\"https:\/\/worklaser.pt\/?product=colar-de-aco-madrinha-4\" \/>\n<meta property=\"og:locale\" content=\"pt_PT\" \/>\n<meta property=\"og:type\" content=\"article\" \/>\n<meta property=\"og:title\" content=\"Colar de a\u00e7o Madrinha 4 - WorkLaser\" \/>\n<meta property=\"og:description\" content=\"Colar em a\u00e7o inoxid\u00e1vel prateado. Medalha com cora\u00e7\u00e3o ao centro e com a grava\u00e7\u00e3o \u201cMadrinha\u201d. O colar inclui a caixinha da foto. Comprimento do fio: 50cm Di\u00e2metro da medalha: 2,5cm\" \/>\n<meta property=\"og:url\" content=\"https:\/\/worklaser.pt\/?product=colar-de-aco-madrinha-4\" \/>\n<meta property=\"og:site_name\" content=\"WorkLaser\" \/>\n<meta property=\"article:publisher\" content=\"https:\/\/www.facebook.com\/worklaser\" \/>\n<meta property=\"article:modified_time\" content=\"2026-03-08T11:25:47+00:00\" \/>\n<meta property=\"og:image\" content=\"https:\/\/worklaser.pt\/wp-content\/uploads\/2019\/10\/Colar-em-a\u00e7o-madrinha-4.jpg\" \/>\n\t<meta property=\"og:image:width\" content=\"1024\" \/>\n\t<meta property=\"og:image:height\" content=\"800\" \/>\n<meta property=\"fb:app_id\" content=\"275000290498322\" \/>\n<meta name=\"twitter:card\" content=\"summary_large_image\" \/>\n<script type=\"application\/ld+json\" class=\"yoast-schema-graph\">{\"@context\":\"https:\/\/schema.org\",\"@graph\":[{\"@type\":\"WebSite\",\"@id\":\"https:\/\/worklaser.pt\/#website\",\"url\":\"https:\/\/worklaser.pt\/\",\"name\":\"WorkLaser\",\"description\":\"Loja Online\",\"potentialAction\":[{\"@type\":\"SearchAction\",\"target\":\"https:\/\/worklaser.pt\/?s={search_term_string}\",\"query-input\":\"required name=search_term_string\"}],\"inLanguage\":\"pt-PT\"},{\"@type\":\"ImageObject\",\"@id\":\"https:\/\/worklaser.pt\/?product=colar-de-aco-madrinha-4#primaryimage\",\"inLanguage\":\"pt-PT\",\"url\":\"https:\/\/worklaser.pt\/wp-content\/uploads\/2019\/10\/Colar-em-a\\u00e7o-madrinha-4.jpg\",\"width\":1024,\"height\":800},{\"@type\":\"WebPage\",\"@id\":\"https:\/\/worklaser.pt\/?product=colar-de-aco-madrinha-4#webpage\",\"url\":\"https:\/\/worklaser.pt\/?product=colar-de-aco-madrinha-4\",\"name\":\"Colar de a\\u00e7o Madrinha 4 - WorkLaser\",\"isPartOf\":{\"@id\":\"https:\/\/worklaser.pt\/#website\"},\"primaryImageOfPage\":{\"@id\":\"https:\/\/worklaser.pt\/?product=colar-de-aco-madrinha-4#primaryimage\"},\"datePublished\":\"2019-10-25T12:41:06+00:00\",\"dateModified\":\"2026-03-08T11:25:47+00:00\",\"inLanguage\":\"pt-PT\",\"potentialAction\":[{\"@type\":\"ReadAction\",\"target\":[\"https:\/\/worklaser.pt\/?product=colar-de-aco-madrinha-4\"]}]}]}<\/script>\n<!-- \/ Yoast SEO plugin. -->","builder_content":"","_links":{"self":[{"href":"https:\/\/worklaser.pt\/index.php?rest_route=\/wp\/v2\/product\/968"}],"collection":[{"href":"https:\/\/worklaser.pt\/index.php?rest_route=\/wp\/v2\/product"}],"about":[{"href":"https:\/\/worklaser.pt\/index.php?rest_route=\/wp\/v2\/types\/product"}],"replies":[{"embeddable":true,"href":"https:\/\/worklaser.pt\/index.php?rest_route=%2Fwp%2Fv2%2Fcomments&post=968"}],"wp:featuredmedia":[{"embeddable":true,"href":"https:\/\/worklaser.pt\/index.php?rest_route=\/wp\/v2\/media\/872"}],"wp:attachment":[{"href":"https:\/\/worklaser.pt\/index.php?rest_route=%2Fwp%2Fv2%2Fmedia&parent=968"}],"wp:term":[{"taxonomy":"product_cat","embeddable":true,"href":"https:\/\/worklaser.pt\/index.php?rest_route=%2Fwp%2Fv2%2Fproduct_cat&post=968"},{"taxonomy":"product_tag","embeddable":true,"href":"https:\/\/worklaser.pt\/index.php?rest_route=%2Fwp%2Fv2%2Fproduct_tag&post=968"}],"curies":[{"name":"wp","href":"https:\/\/api.w.org\/{rel}","templated":true}]}}