{"id":9651,"date":"2021-10-01T15:45:18","date_gmt":"2021-10-01T15:45:18","guid":{"rendered":"https:\/\/worklaser.pt\/?post_type=product&#038;p=9651"},"modified":"2022-11-14T09:09:48","modified_gmt":"2022-11-14T09:09:48","slug":"moldura-estrela-natal","status":"publish","type":"product","link":"https:\/\/worklaser.pt\/?product=moldura-estrela-natal","title":{"rendered":"Moldura Estrela Natal"},"content":{"rendered":"","protected":false},"excerpt":{"rendered":"<p>Moldura em mdf branco com personaliza\u00e7\u00e3o de frases.<\/p>\n<p>Dispon\u00edvel em dois tamanhos:<\/p>\n<p>Pequeno: 22cmx10,5cm para fotografia de 10x7cm<br \/>\nNormal: 33,5cmx15,5cm para fotografia de 15x10cm<\/p>\n<p>Possibilidade da coloca\u00e7\u00e3o da fotografia.<\/p>\n<p>Dever\u00e1 anexar a fotografia ao finalizar a sua encomenda em &#8220;Anexar Ficheiro&#8221; . Caso tenha encomendado mais do que 1 artigo com foto, deve enviar um email com todas as fotografias para: geral@worklaser.pt\u00a0 indicando o n\u00famero da sua encomenda e informando qual \u00e9 a fotografia para cada artigo.<\/p>\n<p>Tempo de entrega: 10-12 dias \u00fateis<\/p>\n<p>&nbsp;<\/p>\n","protected":false},"featured_media":9644,"comment_status":"open","ping_status":"closed","template":"","meta":[],"product_cat":[122],"product_tag":[],"yoast_head":"<!-- This site is optimized with the Yoast SEO plugin v14.5 - https:\/\/yoast.com\/wordpress\/plugins\/seo\/ -->\n<title>Moldura Estrela Natal - WorkLaser<\/title>\n<meta name=\"robots\" content=\"index, follow\" \/>\n<meta name=\"googlebot\" content=\"index, follow, max-snippet:-1, max-image-preview:large, max-video-preview:-1\" \/>\n<meta name=\"bingbot\" content=\"index, follow, max-snippet:-1, max-image-preview:large, max-video-preview:-1\" \/>\n<link rel=\"canonical\" href=\"https:\/\/worklaser.pt\/?product=moldura-estrela-natal\" \/>\n<meta property=\"og:locale\" content=\"pt_PT\" \/>\n<meta property=\"og:type\" content=\"article\" \/>\n<meta property=\"og:title\" content=\"Moldura Estrela Natal - WorkLaser\" \/>\n<meta property=\"og:description\" content=\"Moldura em mdf branco com personaliza\u00e7\u00e3o de frases.  Dispon\u00edvel em dois tamanhos:  Pequeno: 22cmx10,5cm para fotografia de 10x7cm Normal: 33,5cmx15,5cm para fotografia de 15x10cm  Possibilidade da coloca\u00e7\u00e3o da fotografia.  Dever\u00e1 anexar a fotografia ao finalizar a sua encomenda em &quot;Anexar Ficheiro&quot; . Caso tenha encomendado mais do que 1 artigo com foto, deve enviar um email com todas as fotografias para: geral@worklaser.pt\u00a0 indicando o n\u00famero da sua encomenda e informando qual \u00e9 a fotografia para cada artigo.  Tempo de entrega: 10-12 dias \u00fateis  &nbsp;\" \/>\n<meta property=\"og:url\" content=\"https:\/\/worklaser.pt\/?product=moldura-estrela-natal\" \/>\n<meta property=\"og:site_name\" content=\"WorkLaser\" \/>\n<meta property=\"article:publisher\" content=\"https:\/\/www.facebook.com\/worklaser\" \/>\n<meta property=\"article:modified_time\" content=\"2022-11-14T09:09:48+00:00\" \/>\n<meta property=\"og:image\" content=\"https:\/\/worklaser.pt\/wp-content\/uploads\/2021\/10\/estrela.jpg\" \/>\n\t<meta property=\"og:image:width\" content=\"600\" \/>\n\t<meta property=\"og:image:height\" content=\"469\" \/>\n<meta property=\"fb:app_id\" content=\"275000290498322\" \/>\n<meta name=\"twitter:card\" content=\"summary_large_image\" \/>\n<script type=\"application\/ld+json\" class=\"yoast-schema-graph\">{\"@context\":\"https:\/\/schema.org\",\"@graph\":[{\"@type\":\"WebSite\",\"@id\":\"https:\/\/worklaser.pt\/#website\",\"url\":\"https:\/\/worklaser.pt\/\",\"name\":\"WorkLaser\",\"description\":\"Loja Online\",\"potentialAction\":[{\"@type\":\"SearchAction\",\"target\":\"https:\/\/worklaser.pt\/?s={search_term_string}\",\"query-input\":\"required name=search_term_string\"}],\"inLanguage\":\"pt-PT\"},{\"@type\":\"ImageObject\",\"@id\":\"https:\/\/worklaser.pt\/?product=moldura-estrela-natal#primaryimage\",\"inLanguage\":\"pt-PT\",\"url\":\"https:\/\/worklaser.pt\/wp-content\/uploads\/2021\/10\/estrela.jpg\",\"width\":600,\"height\":469},{\"@type\":\"WebPage\",\"@id\":\"https:\/\/worklaser.pt\/?product=moldura-estrela-natal#webpage\",\"url\":\"https:\/\/worklaser.pt\/?product=moldura-estrela-natal\",\"name\":\"Moldura Estrela Natal - WorkLaser\",\"isPartOf\":{\"@id\":\"https:\/\/worklaser.pt\/#website\"},\"primaryImageOfPage\":{\"@id\":\"https:\/\/worklaser.pt\/?product=moldura-estrela-natal#primaryimage\"},\"datePublished\":\"2021-10-01T15:45:18+00:00\",\"dateModified\":\"2022-11-14T09:09:48+00:00\",\"inLanguage\":\"pt-PT\",\"potentialAction\":[{\"@type\":\"ReadAction\",\"target\":[\"https:\/\/worklaser.pt\/?product=moldura-estrela-natal\"]}]}]}<\/script>\n<!-- \/ Yoast SEO plugin. -->","builder_content":"","_links":{"self":[{"href":"https:\/\/worklaser.pt\/index.php?rest_route=\/wp\/v2\/product\/9651"}],"collection":[{"href":"https:\/\/worklaser.pt\/index.php?rest_route=\/wp\/v2\/product"}],"about":[{"href":"https:\/\/worklaser.pt\/index.php?rest_route=\/wp\/v2\/types\/product"}],"replies":[{"embeddable":true,"href":"https:\/\/worklaser.pt\/index.php?rest_route=%2Fwp%2Fv2%2Fcomments&post=9651"}],"wp:featuredmedia":[{"embeddable":true,"href":"https:\/\/worklaser.pt\/index.php?rest_route=\/wp\/v2\/media\/9644"}],"wp:attachment":[{"href":"https:\/\/worklaser.pt\/index.php?rest_route=%2Fwp%2Fv2%2Fmedia&parent=9651"}],"wp:term":[{"taxonomy":"product_cat","embeddable":true,"href":"https:\/\/worklaser.pt\/index.php?rest_route=%2Fwp%2Fv2%2Fproduct_cat&post=9651"},{"taxonomy":"product_tag","embeddable":true,"href":"https:\/\/worklaser.pt\/index.php?rest_route=%2Fwp%2Fv2%2Fproduct_tag&post=9651"}],"curies":[{"name":"wp","href":"https:\/\/api.w.org\/{rel}","templated":true}]}}