{"id":9346,"date":"2021-09-17T16:56:23","date_gmt":"2021-09-17T16:56:23","guid":{"rendered":"https:\/\/worklaser.pt\/?post_type=product&#038;p=9346"},"modified":"2022-06-19T17:39:59","modified_gmt":"2022-06-19T17:39:59","slug":"livro-paises","status":"publish","type":"product","link":"https:\/\/worklaser.pt\/?product=livro-paises","title":{"rendered":"Livro Pa\u00edses"},"content":{"rendered":"","protected":false},"excerpt":{"rendered":"<p>Livro de honra com capa em madeira de faia.<br \/>\nFazemos com qualquer pa\u00eds.<br \/>\nA madeira leva acabamento a verniz para garantir qualidade e durabilidade.<br \/>\nPersonaliza\u00e7\u00e3o de nomes e data.<br \/>\nO livro pode ter 30 folhas (60 p\u00e1ginas), 40 folhas (80 p\u00e1ginas) ou 50 folhas (100 p\u00e1ginas)<br \/>\n-Tamanho A4<br \/>\n-Folhas brancas 200gm<br \/>\n-Pode escolher a cor da 1\u00aa folha<br \/>\nTempo de entrega: 15-20 dias \u00fateis<\/p>\n","protected":false},"featured_media":9258,"comment_status":"open","ping_status":"closed","template":"","meta":[],"product_cat":[48,57,82],"product_tag":[],"yoast_head":"<!-- This site is optimized with the Yoast SEO plugin v14.5 - https:\/\/yoast.com\/wordpress\/plugins\/seo\/ -->\n<title>Livro Pa\u00edses - WorkLaser<\/title>\n<meta name=\"robots\" content=\"index, follow\" \/>\n<meta name=\"googlebot\" content=\"index, follow, max-snippet:-1, max-image-preview:large, max-video-preview:-1\" \/>\n<meta name=\"bingbot\" content=\"index, follow, max-snippet:-1, max-image-preview:large, max-video-preview:-1\" \/>\n<link rel=\"canonical\" href=\"https:\/\/worklaser.pt\/?product=livro-paises\" \/>\n<meta property=\"og:locale\" content=\"pt_PT\" \/>\n<meta property=\"og:type\" content=\"article\" \/>\n<meta property=\"og:title\" content=\"Livro Pa\u00edses - WorkLaser\" \/>\n<meta property=\"og:description\" content=\"Livro de honra com capa em madeira de faia. Fazemos com qualquer pa\u00eds. A madeira leva acabamento a verniz para garantir qualidade e durabilidade. Personaliza\u00e7\u00e3o de nomes e data. O livro pode ter 30 folhas (60 p\u00e1ginas), 40 folhas (80 p\u00e1ginas) ou 50 folhas (100 p\u00e1ginas) -Tamanho A4 -Folhas brancas 200gm -Pode escolher a cor da 1\u00aa folha Tempo de entrega: 15-20 dias \u00fateis\" \/>\n<meta property=\"og:url\" content=\"https:\/\/worklaser.pt\/?product=livro-paises\" \/>\n<meta property=\"og:site_name\" content=\"WorkLaser\" \/>\n<meta property=\"article:publisher\" content=\"https:\/\/www.facebook.com\/worklaser\" \/>\n<meta property=\"article:modified_time\" content=\"2022-06-19T17:39:59+00:00\" \/>\n<meta property=\"og:image\" content=\"https:\/\/worklaser.pt\/wp-content\/uploads\/2021\/09\/Livro-Pa\u00edses-foto-1.jpg\" \/>\n\t<meta property=\"og:image:width\" content=\"492\" \/>\n\t<meta property=\"og:image:height\" content=\"384\" \/>\n<meta property=\"fb:app_id\" content=\"275000290498322\" \/>\n<meta name=\"twitter:card\" content=\"summary_large_image\" \/>\n<script type=\"application\/ld+json\" class=\"yoast-schema-graph\">{\"@context\":\"https:\/\/schema.org\",\"@graph\":[{\"@type\":\"WebSite\",\"@id\":\"https:\/\/worklaser.pt\/#website\",\"url\":\"https:\/\/worklaser.pt\/\",\"name\":\"WorkLaser\",\"description\":\"Loja Online\",\"potentialAction\":[{\"@type\":\"SearchAction\",\"target\":\"https:\/\/worklaser.pt\/?s={search_term_string}\",\"query-input\":\"required name=search_term_string\"}],\"inLanguage\":\"pt-PT\"},{\"@type\":\"ImageObject\",\"@id\":\"https:\/\/worklaser.pt\/?product=livro-paises#primaryimage\",\"inLanguage\":\"pt-PT\",\"url\":\"https:\/\/worklaser.pt\/wp-content\/uploads\/2021\/09\/Livro-Pa\\u00edses-foto-1.jpg\",\"width\":492,\"height\":384},{\"@type\":\"WebPage\",\"@id\":\"https:\/\/worklaser.pt\/?product=livro-paises#webpage\",\"url\":\"https:\/\/worklaser.pt\/?product=livro-paises\",\"name\":\"Livro Pa\\u00edses - WorkLaser\",\"isPartOf\":{\"@id\":\"https:\/\/worklaser.pt\/#website\"},\"primaryImageOfPage\":{\"@id\":\"https:\/\/worklaser.pt\/?product=livro-paises#primaryimage\"},\"datePublished\":\"2021-09-17T16:56:23+00:00\",\"dateModified\":\"2022-06-19T17:39:59+00:00\",\"inLanguage\":\"pt-PT\",\"potentialAction\":[{\"@type\":\"ReadAction\",\"target\":[\"https:\/\/worklaser.pt\/?product=livro-paises\"]}]}]}<\/script>\n<!-- \/ Yoast SEO plugin. -->","builder_content":"","_links":{"self":[{"href":"https:\/\/worklaser.pt\/index.php?rest_route=\/wp\/v2\/product\/9346"}],"collection":[{"href":"https:\/\/worklaser.pt\/index.php?rest_route=\/wp\/v2\/product"}],"about":[{"href":"https:\/\/worklaser.pt\/index.php?rest_route=\/wp\/v2\/types\/product"}],"replies":[{"embeddable":true,"href":"https:\/\/worklaser.pt\/index.php?rest_route=%2Fwp%2Fv2%2Fcomments&post=9346"}],"wp:featuredmedia":[{"embeddable":true,"href":"https:\/\/worklaser.pt\/index.php?rest_route=\/wp\/v2\/media\/9258"}],"wp:attachment":[{"href":"https:\/\/worklaser.pt\/index.php?rest_route=%2Fwp%2Fv2%2Fmedia&parent=9346"}],"wp:term":[{"taxonomy":"product_cat","embeddable":true,"href":"https:\/\/worklaser.pt\/index.php?rest_route=%2Fwp%2Fv2%2Fproduct_cat&post=9346"},{"taxonomy":"product_tag","embeddable":true,"href":"https:\/\/worklaser.pt\/index.php?rest_route=%2Fwp%2Fv2%2Fproduct_tag&post=9346"}],"curies":[{"name":"wp","href":"https:\/\/api.w.org\/{rel}","templated":true}]}}