{"id":9197,"date":"2021-09-15T17:14:39","date_gmt":"2021-09-15T17:14:39","guid":{"rendered":"https:\/\/worklaser.pt\/?post_type=product&#038;p=9197"},"modified":"2026-04-17T15:58:35","modified_gmt":"2026-04-17T15:58:35","slug":"coracao-ref-2","status":"publish","type":"product","link":"https:\/\/worklaser.pt\/?product=coracao-ref-2","title":{"rendered":"Porta Alian\u00e7as Cora\u00e7\u00e3o ref.2"},"content":{"rendered":"","protected":false},"excerpt":{"rendered":"<p>Porta alian\u00e7as em madeira de faia com personaliza\u00e7\u00e3o a laser de nomes e data.<br \/>\nFlores secas.<br \/>\nA madeira leva acabamento a verniz ficando desta forma com uma pe\u00e7a de qualidade e durabilidade.<br \/>\nTamanho: 17 x 15cm<br \/>\nTempo de entrega: 15-20 dias \u00fateis<\/p>\n","protected":false},"featured_media":13991,"comment_status":"open","ping_status":"closed","template":"","meta":[],"product_cat":[48,58],"product_tag":[],"yoast_head":"<!-- This site is optimized with the Yoast SEO plugin v14.5 - https:\/\/yoast.com\/wordpress\/plugins\/seo\/ -->\n<title>Porta Alian\u00e7as Cora\u00e7\u00e3o ref.2 - WorkLaser<\/title>\n<meta name=\"robots\" content=\"index, follow\" \/>\n<meta name=\"googlebot\" content=\"index, follow, max-snippet:-1, max-image-preview:large, max-video-preview:-1\" \/>\n<meta name=\"bingbot\" content=\"index, follow, max-snippet:-1, max-image-preview:large, max-video-preview:-1\" \/>\n<link rel=\"canonical\" href=\"https:\/\/worklaser.pt\/?product=coracao-ref-2\" \/>\n<meta property=\"og:locale\" content=\"pt_PT\" \/>\n<meta property=\"og:type\" content=\"article\" \/>\n<meta property=\"og:title\" content=\"Porta Alian\u00e7as Cora\u00e7\u00e3o ref.2 - WorkLaser\" \/>\n<meta property=\"og:description\" content=\"Porta alian\u00e7as em madeira de faia com personaliza\u00e7\u00e3o a laser de nomes e data. Flores secas. A madeira leva acabamento a verniz ficando desta forma com uma pe\u00e7a de qualidade e durabilidade. Tamanho: 17 x 15cm Tempo de entrega: 15-20 dias \u00fateis\" \/>\n<meta property=\"og:url\" content=\"https:\/\/worklaser.pt\/?product=coracao-ref-2\" \/>\n<meta property=\"og:site_name\" content=\"WorkLaser\" \/>\n<meta property=\"article:publisher\" content=\"https:\/\/www.facebook.com\/worklaser\" \/>\n<meta property=\"article:modified_time\" content=\"2026-04-17T15:58:35+00:00\" \/>\n<meta property=\"og:image\" content=\"https:\/\/worklaser.pt\/wp-content\/uploads\/2026\/04\/Design-sem-nome-2026-04-17T163831.927.png\" \/>\n\t<meta property=\"og:image:width\" content=\"803\" \/>\n\t<meta property=\"og:image:height\" content=\"628\" \/>\n<meta property=\"fb:app_id\" content=\"275000290498322\" \/>\n<meta name=\"twitter:card\" content=\"summary_large_image\" \/>\n<script type=\"application\/ld+json\" class=\"yoast-schema-graph\">{\"@context\":\"https:\/\/schema.org\",\"@graph\":[{\"@type\":\"WebSite\",\"@id\":\"https:\/\/worklaser.pt\/#website\",\"url\":\"https:\/\/worklaser.pt\/\",\"name\":\"WorkLaser\",\"description\":\"Loja Online\",\"potentialAction\":[{\"@type\":\"SearchAction\",\"target\":\"https:\/\/worklaser.pt\/?s={search_term_string}\",\"query-input\":\"required name=search_term_string\"}],\"inLanguage\":\"pt-PT\"},{\"@type\":\"ImageObject\",\"@id\":\"https:\/\/worklaser.pt\/?product=coracao-ref-2#primaryimage\",\"inLanguage\":\"pt-PT\",\"url\":\"https:\/\/worklaser.pt\/wp-content\/uploads\/2026\/04\/Design-sem-nome-2026-04-17T163831.927.png\",\"width\":803,\"height\":628},{\"@type\":\"WebPage\",\"@id\":\"https:\/\/worklaser.pt\/?product=coracao-ref-2#webpage\",\"url\":\"https:\/\/worklaser.pt\/?product=coracao-ref-2\",\"name\":\"Porta Alian\\u00e7as Cora\\u00e7\\u00e3o ref.2 - WorkLaser\",\"isPartOf\":{\"@id\":\"https:\/\/worklaser.pt\/#website\"},\"primaryImageOfPage\":{\"@id\":\"https:\/\/worklaser.pt\/?product=coracao-ref-2#primaryimage\"},\"datePublished\":\"2021-09-15T17:14:39+00:00\",\"dateModified\":\"2026-04-17T15:58:35+00:00\",\"inLanguage\":\"pt-PT\",\"potentialAction\":[{\"@type\":\"ReadAction\",\"target\":[\"https:\/\/worklaser.pt\/?product=coracao-ref-2\"]}]}]}<\/script>\n<!-- \/ Yoast SEO plugin. -->","builder_content":"","_links":{"self":[{"href":"https:\/\/worklaser.pt\/index.php?rest_route=\/wp\/v2\/product\/9197"}],"collection":[{"href":"https:\/\/worklaser.pt\/index.php?rest_route=\/wp\/v2\/product"}],"about":[{"href":"https:\/\/worklaser.pt\/index.php?rest_route=\/wp\/v2\/types\/product"}],"replies":[{"embeddable":true,"href":"https:\/\/worklaser.pt\/index.php?rest_route=%2Fwp%2Fv2%2Fcomments&post=9197"}],"wp:featuredmedia":[{"embeddable":true,"href":"https:\/\/worklaser.pt\/index.php?rest_route=\/wp\/v2\/media\/13991"}],"wp:attachment":[{"href":"https:\/\/worklaser.pt\/index.php?rest_route=%2Fwp%2Fv2%2Fmedia&parent=9197"}],"wp:term":[{"taxonomy":"product_cat","embeddable":true,"href":"https:\/\/worklaser.pt\/index.php?rest_route=%2Fwp%2Fv2%2Fproduct_cat&post=9197"},{"taxonomy":"product_tag","embeddable":true,"href":"https:\/\/worklaser.pt\/index.php?rest_route=%2Fwp%2Fv2%2Fproduct_tag&post=9197"}],"curies":[{"name":"wp","href":"https:\/\/api.w.org\/{rel}","templated":true}]}}