{"id":9024,"date":"2021-04-02T18:18:54","date_gmt":"2021-04-02T18:18:54","guid":{"rendered":"https:\/\/worklaser.pt\/?post_type=product&#038;p=9024"},"modified":"2021-09-28T10:31:52","modified_gmt":"2021-09-28T10:31:52","slug":"caixa-premium-mae","status":"publish","type":"product","link":"https:\/\/worklaser.pt\/?product=caixa-premium-mae","title":{"rendered":"Caixa Premium M\u00e3e"},"content":{"rendered":"","protected":false},"excerpt":{"rendered":"<p>Caixa em madeira natural com:<\/p>\n<ul>\n<li>Porta chaves personalizado com nome\/s com saquinho de tecido<\/li>\n<li>Garrafa de Espumante Freixenet 20cl<\/li>\n<li>Cora\u00e7\u00e3o em cer\u00e2mica (Guarda joias &#8211; porta an\u00e9is)<\/li>\n<li>Bombons cora\u00e7\u00e3o chocolate de leite da Avianense 100g<\/li>\n<\/ul>\n<p>Tempo de entrega 10-12 dias \u00fateis<\/p>\n<p>Indique o\/s nome\/s a gravar no porta chaves ao finalizar a sua encomenda em &#8220;Notas da Encomenda&#8221;<\/p>\n<p>&nbsp;<\/p>\n<p>&nbsp;<\/p>\n","protected":false},"featured_media":8993,"comment_status":"open","ping_status":"closed","template":"","meta":[],"product_cat":[52,113],"product_tag":[],"yoast_head":"<!-- This site is optimized with the Yoast SEO plugin v14.5 - https:\/\/yoast.com\/wordpress\/plugins\/seo\/ -->\n<title>Caixa Premium M\u00e3e - WorkLaser<\/title>\n<meta name=\"robots\" content=\"index, follow\" \/>\n<meta name=\"googlebot\" content=\"index, follow, max-snippet:-1, max-image-preview:large, max-video-preview:-1\" \/>\n<meta name=\"bingbot\" content=\"index, follow, max-snippet:-1, max-image-preview:large, max-video-preview:-1\" \/>\n<link rel=\"canonical\" href=\"https:\/\/worklaser.pt\/?product=caixa-premium-mae\" \/>\n<meta property=\"og:locale\" content=\"pt_PT\" \/>\n<meta property=\"og:type\" content=\"article\" \/>\n<meta property=\"og:title\" content=\"Caixa Premium M\u00e3e - WorkLaser\" \/>\n<meta property=\"og:description\" content=\"Caixa em madeira natural com:   Porta chaves personalizado com nome\/s com saquinho de tecido  Garrafa de Espumante Freixenet 20cl  Cora\u00e7\u00e3o em cer\u00e2mica (Guarda joias - porta an\u00e9is)  Bombons cora\u00e7\u00e3o chocolate de leite da Avianense 100g  Tempo de entrega 10-12 dias \u00fateis  Indique o\/s nome\/s a gravar no porta chaves ao finalizar a sua encomenda em &quot;Notas da Encomenda&quot;  &nbsp;  &nbsp;\" \/>\n<meta property=\"og:url\" content=\"https:\/\/worklaser.pt\/?product=caixa-premium-mae\" \/>\n<meta property=\"og:site_name\" content=\"WorkLaser\" \/>\n<meta property=\"article:publisher\" content=\"https:\/\/www.facebook.com\/worklaser\" \/>\n<meta property=\"article:modified_time\" content=\"2021-09-28T10:31:52+00:00\" \/>\n<meta property=\"og:image\" content=\"https:\/\/worklaser.pt\/wp-content\/uploads\/2021\/04\/caixa-premium-1.jpg\" \/>\n\t<meta property=\"og:image:width\" content=\"492\" \/>\n\t<meta property=\"og:image:height\" content=\"384\" \/>\n<meta property=\"fb:app_id\" content=\"275000290498322\" \/>\n<meta name=\"twitter:card\" content=\"summary_large_image\" \/>\n<script type=\"application\/ld+json\" class=\"yoast-schema-graph\">{\"@context\":\"https:\/\/schema.org\",\"@graph\":[{\"@type\":\"WebSite\",\"@id\":\"https:\/\/worklaser.pt\/#website\",\"url\":\"https:\/\/worklaser.pt\/\",\"name\":\"WorkLaser\",\"description\":\"Loja Online\",\"potentialAction\":[{\"@type\":\"SearchAction\",\"target\":\"https:\/\/worklaser.pt\/?s={search_term_string}\",\"query-input\":\"required name=search_term_string\"}],\"inLanguage\":\"pt-PT\"},{\"@type\":\"ImageObject\",\"@id\":\"https:\/\/worklaser.pt\/?product=caixa-premium-mae#primaryimage\",\"inLanguage\":\"pt-PT\",\"url\":\"https:\/\/worklaser.pt\/wp-content\/uploads\/2021\/04\/caixa-premium-1.jpg\",\"width\":492,\"height\":384},{\"@type\":\"WebPage\",\"@id\":\"https:\/\/worklaser.pt\/?product=caixa-premium-mae#webpage\",\"url\":\"https:\/\/worklaser.pt\/?product=caixa-premium-mae\",\"name\":\"Caixa Premium M\\u00e3e - WorkLaser\",\"isPartOf\":{\"@id\":\"https:\/\/worklaser.pt\/#website\"},\"primaryImageOfPage\":{\"@id\":\"https:\/\/worklaser.pt\/?product=caixa-premium-mae#primaryimage\"},\"datePublished\":\"2021-04-02T18:18:54+00:00\",\"dateModified\":\"2021-09-28T10:31:52+00:00\",\"inLanguage\":\"pt-PT\",\"potentialAction\":[{\"@type\":\"ReadAction\",\"target\":[\"https:\/\/worklaser.pt\/?product=caixa-premium-mae\"]}]}]}<\/script>\n<!-- \/ Yoast SEO plugin. -->","builder_content":"","_links":{"self":[{"href":"https:\/\/worklaser.pt\/index.php?rest_route=\/wp\/v2\/product\/9024"}],"collection":[{"href":"https:\/\/worklaser.pt\/index.php?rest_route=\/wp\/v2\/product"}],"about":[{"href":"https:\/\/worklaser.pt\/index.php?rest_route=\/wp\/v2\/types\/product"}],"replies":[{"embeddable":true,"href":"https:\/\/worklaser.pt\/index.php?rest_route=%2Fwp%2Fv2%2Fcomments&post=9024"}],"wp:featuredmedia":[{"embeddable":true,"href":"https:\/\/worklaser.pt\/index.php?rest_route=\/wp\/v2\/media\/8993"}],"wp:attachment":[{"href":"https:\/\/worklaser.pt\/index.php?rest_route=%2Fwp%2Fv2%2Fmedia&parent=9024"}],"wp:term":[{"taxonomy":"product_cat","embeddable":true,"href":"https:\/\/worklaser.pt\/index.php?rest_route=%2Fwp%2Fv2%2Fproduct_cat&post=9024"},{"taxonomy":"product_tag","embeddable":true,"href":"https:\/\/worklaser.pt\/index.php?rest_route=%2Fwp%2Fv2%2Fproduct_tag&post=9024"}],"curies":[{"name":"wp","href":"https:\/\/api.w.org\/{rel}","templated":true}]}}