{"id":9023,"date":"2021-04-02T18:11:13","date_gmt":"2021-04-02T18:11:13","guid":{"rendered":"https:\/\/worklaser.pt\/?post_type=product&#038;p=9023"},"modified":"2021-09-28T10:32:02","modified_gmt":"2021-09-28T10:32:02","slug":"caixa-mae-1","status":"publish","type":"product","link":"https:\/\/worklaser.pt\/?product=caixa-mae-1","title":{"rendered":"Caixa M\u00e3e 1"},"content":{"rendered":"","protected":false},"excerpt":{"rendered":"<p>Caixa composta por:<strong><br \/>\n<\/strong><\/p>\n<ul>\n<li>\u00cdman em mdf branco com personaliza\u00e7\u00e3o de nome\/s<strong><br \/>\n<\/strong><\/li>\n<li>Bombons de chocolate de leite da Avianense 100g<\/li>\n<\/ul>\n<p>Indique o\/s nome\/s a gravar no \u00edman ao finalizar a sua encomenda em &#8220;Notas da Encomenda&#8221;<\/p>\n<p>Tempo de entrega 10-12 dias \u00fateis<\/p>\n<p>&nbsp;<\/p>\n","protected":false},"featured_media":8991,"comment_status":"open","ping_status":"closed","template":"","meta":[],"product_cat":[52,113],"product_tag":[],"yoast_head":"<!-- This site is optimized with the Yoast SEO plugin v14.5 - https:\/\/yoast.com\/wordpress\/plugins\/seo\/ -->\n<title>Caixa M\u00e3e 1 - WorkLaser<\/title>\n<meta name=\"robots\" content=\"index, follow\" \/>\n<meta name=\"googlebot\" content=\"index, follow, max-snippet:-1, max-image-preview:large, max-video-preview:-1\" \/>\n<meta name=\"bingbot\" content=\"index, follow, max-snippet:-1, max-image-preview:large, max-video-preview:-1\" \/>\n<link rel=\"canonical\" href=\"https:\/\/worklaser.pt\/?product=caixa-mae-1\" \/>\n<meta property=\"og:locale\" content=\"pt_PT\" \/>\n<meta property=\"og:type\" content=\"article\" \/>\n<meta property=\"og:title\" content=\"Caixa M\u00e3e 1 - WorkLaser\" \/>\n<meta property=\"og:description\" content=\"Caixa composta por:    \u00cdman em mdf branco com personaliza\u00e7\u00e3o de nome\/s   Bombons de chocolate de leite da Avianense 100g  Indique o\/s nome\/s a gravar no \u00edman ao finalizar a sua encomenda em &quot;Notas da Encomenda&quot;  Tempo de entrega 10-12 dias \u00fateis  &nbsp;\" \/>\n<meta property=\"og:url\" content=\"https:\/\/worklaser.pt\/?product=caixa-mae-1\" \/>\n<meta property=\"og:site_name\" content=\"WorkLaser\" \/>\n<meta property=\"article:publisher\" content=\"https:\/\/www.facebook.com\/worklaser\" \/>\n<meta property=\"article:modified_time\" content=\"2021-09-28T10:32:02+00:00\" \/>\n<meta property=\"og:image\" content=\"https:\/\/worklaser.pt\/wp-content\/uploads\/2021\/04\/Caixa-M\u00e3e-1.jpg\" \/>\n\t<meta property=\"og:image:width\" content=\"492\" \/>\n\t<meta property=\"og:image:height\" content=\"384\" \/>\n<meta property=\"fb:app_id\" content=\"275000290498322\" \/>\n<meta name=\"twitter:card\" content=\"summary_large_image\" \/>\n<script type=\"application\/ld+json\" class=\"yoast-schema-graph\">{\"@context\":\"https:\/\/schema.org\",\"@graph\":[{\"@type\":\"WebSite\",\"@id\":\"https:\/\/worklaser.pt\/#website\",\"url\":\"https:\/\/worklaser.pt\/\",\"name\":\"WorkLaser\",\"description\":\"Loja Online\",\"potentialAction\":[{\"@type\":\"SearchAction\",\"target\":\"https:\/\/worklaser.pt\/?s={search_term_string}\",\"query-input\":\"required name=search_term_string\"}],\"inLanguage\":\"pt-PT\"},{\"@type\":\"ImageObject\",\"@id\":\"https:\/\/worklaser.pt\/?product=caixa-mae-1#primaryimage\",\"inLanguage\":\"pt-PT\",\"url\":\"https:\/\/worklaser.pt\/wp-content\/uploads\/2021\/04\/Caixa-M\\u00e3e-1.jpg\",\"width\":492,\"height\":384},{\"@type\":\"WebPage\",\"@id\":\"https:\/\/worklaser.pt\/?product=caixa-mae-1#webpage\",\"url\":\"https:\/\/worklaser.pt\/?product=caixa-mae-1\",\"name\":\"Caixa M\\u00e3e 1 - WorkLaser\",\"isPartOf\":{\"@id\":\"https:\/\/worklaser.pt\/#website\"},\"primaryImageOfPage\":{\"@id\":\"https:\/\/worklaser.pt\/?product=caixa-mae-1#primaryimage\"},\"datePublished\":\"2021-04-02T18:11:13+00:00\",\"dateModified\":\"2021-09-28T10:32:02+00:00\",\"inLanguage\":\"pt-PT\",\"potentialAction\":[{\"@type\":\"ReadAction\",\"target\":[\"https:\/\/worklaser.pt\/?product=caixa-mae-1\"]}]}]}<\/script>\n<!-- \/ Yoast SEO plugin. -->","builder_content":"","_links":{"self":[{"href":"https:\/\/worklaser.pt\/index.php?rest_route=\/wp\/v2\/product\/9023"}],"collection":[{"href":"https:\/\/worklaser.pt\/index.php?rest_route=\/wp\/v2\/product"}],"about":[{"href":"https:\/\/worklaser.pt\/index.php?rest_route=\/wp\/v2\/types\/product"}],"replies":[{"embeddable":true,"href":"https:\/\/worklaser.pt\/index.php?rest_route=%2Fwp%2Fv2%2Fcomments&post=9023"}],"wp:featuredmedia":[{"embeddable":true,"href":"https:\/\/worklaser.pt\/index.php?rest_route=\/wp\/v2\/media\/8991"}],"wp:attachment":[{"href":"https:\/\/worklaser.pt\/index.php?rest_route=%2Fwp%2Fv2%2Fmedia&parent=9023"}],"wp:term":[{"taxonomy":"product_cat","embeddable":true,"href":"https:\/\/worklaser.pt\/index.php?rest_route=%2Fwp%2Fv2%2Fproduct_cat&post=9023"},{"taxonomy":"product_tag","embeddable":true,"href":"https:\/\/worklaser.pt\/index.php?rest_route=%2Fwp%2Fv2%2Fproduct_tag&post=9023"}],"curies":[{"name":"wp","href":"https:\/\/api.w.org\/{rel}","templated":true}]}}