{"id":9013,"date":"2021-04-02T16:53:32","date_gmt":"2021-04-02T16:53:32","guid":{"rendered":"https:\/\/worklaser.pt\/?post_type=product&#038;p=9013"},"modified":"2024-02-23T09:26:45","modified_gmt":"2024-02-23T09:26:45","slug":"moldura-mae-7","status":"publish","type":"product","link":"https:\/\/worklaser.pt\/?product=moldura-mae-7","title":{"rendered":"Moldura M\u00e3e 7"},"content":{"rendered":"","protected":false},"excerpt":{"rendered":"<p>Moldura em mdf branco com personaliza\u00e7\u00e3o de nome.<\/p>\n<p>Tem acr\u00edlico para prote\u00e7\u00e3o da fotografia.<\/p>\n<p>Moldura para fotografia de tamanho 10cmx15cm.<br \/>\nN\u00e3o inclui fotografia. Coloca a fotografia quando receber a moldura.<br \/>\nF\u00e1cil coloca\u00e7\u00e3o da fotografia. Poder\u00e1 colocar e retirar a fotografia quando desejar.<\/p>\n<p>Tempo de entrega: 10-12 dias \u00fateis<\/p>\n<p>&nbsp;<\/p>\n","protected":false},"featured_media":9005,"comment_status":"open","ping_status":"closed","template":"","meta":[],"product_cat":[52,113],"product_tag":[],"yoast_head":"<!-- This site is optimized with the Yoast SEO plugin v14.5 - https:\/\/yoast.com\/wordpress\/plugins\/seo\/ -->\n<title>Moldura M\u00e3e 7 - WorkLaser<\/title>\n<meta name=\"robots\" content=\"index, follow\" \/>\n<meta name=\"googlebot\" content=\"index, follow, max-snippet:-1, max-image-preview:large, max-video-preview:-1\" \/>\n<meta name=\"bingbot\" content=\"index, follow, max-snippet:-1, max-image-preview:large, max-video-preview:-1\" \/>\n<link rel=\"canonical\" href=\"https:\/\/worklaser.pt\/?product=moldura-mae-7\" \/>\n<meta property=\"og:locale\" content=\"pt_PT\" \/>\n<meta property=\"og:type\" content=\"article\" \/>\n<meta property=\"og:title\" content=\"Moldura M\u00e3e 7 - WorkLaser\" \/>\n<meta property=\"og:description\" content=\"Moldura em mdf branco com personaliza\u00e7\u00e3o de nome.  Tem acr\u00edlico para prote\u00e7\u00e3o da fotografia.  Moldura para fotografia de tamanho 10cmx15cm. N\u00e3o inclui fotografia. Coloca a fotografia quando receber a moldura. F\u00e1cil coloca\u00e7\u00e3o da fotografia. Poder\u00e1 colocar e retirar a fotografia quando desejar.  Tempo de entrega: 10-12 dias \u00fateis  &nbsp;\" \/>\n<meta property=\"og:url\" content=\"https:\/\/worklaser.pt\/?product=moldura-mae-7\" \/>\n<meta property=\"og:site_name\" content=\"WorkLaser\" \/>\n<meta property=\"article:publisher\" content=\"https:\/\/www.facebook.com\/worklaser\" \/>\n<meta property=\"article:modified_time\" content=\"2024-02-23T09:26:45+00:00\" \/>\n<meta property=\"og:image\" content=\"https:\/\/worklaser.pt\/wp-content\/uploads\/2021\/04\/moldura-2.jpg\" \/>\n\t<meta property=\"og:image:width\" content=\"492\" \/>\n\t<meta property=\"og:image:height\" content=\"384\" \/>\n<meta property=\"fb:app_id\" content=\"275000290498322\" \/>\n<meta name=\"twitter:card\" content=\"summary_large_image\" \/>\n<script type=\"application\/ld+json\" class=\"yoast-schema-graph\">{\"@context\":\"https:\/\/schema.org\",\"@graph\":[{\"@type\":\"WebSite\",\"@id\":\"https:\/\/worklaser.pt\/#website\",\"url\":\"https:\/\/worklaser.pt\/\",\"name\":\"WorkLaser\",\"description\":\"Loja Online\",\"potentialAction\":[{\"@type\":\"SearchAction\",\"target\":\"https:\/\/worklaser.pt\/?s={search_term_string}\",\"query-input\":\"required name=search_term_string\"}],\"inLanguage\":\"pt-PT\"},{\"@type\":\"ImageObject\",\"@id\":\"https:\/\/worklaser.pt\/?product=moldura-mae-7#primaryimage\",\"inLanguage\":\"pt-PT\",\"url\":\"https:\/\/worklaser.pt\/wp-content\/uploads\/2021\/04\/moldura-2.jpg\",\"width\":492,\"height\":384},{\"@type\":\"WebPage\",\"@id\":\"https:\/\/worklaser.pt\/?product=moldura-mae-7#webpage\",\"url\":\"https:\/\/worklaser.pt\/?product=moldura-mae-7\",\"name\":\"Moldura M\\u00e3e 7 - WorkLaser\",\"isPartOf\":{\"@id\":\"https:\/\/worklaser.pt\/#website\"},\"primaryImageOfPage\":{\"@id\":\"https:\/\/worklaser.pt\/?product=moldura-mae-7#primaryimage\"},\"datePublished\":\"2021-04-02T16:53:32+00:00\",\"dateModified\":\"2024-02-23T09:26:45+00:00\",\"inLanguage\":\"pt-PT\",\"potentialAction\":[{\"@type\":\"ReadAction\",\"target\":[\"https:\/\/worklaser.pt\/?product=moldura-mae-7\"]}]}]}<\/script>\n<!-- \/ Yoast SEO plugin. -->","builder_content":"","_links":{"self":[{"href":"https:\/\/worklaser.pt\/index.php?rest_route=\/wp\/v2\/product\/9013"}],"collection":[{"href":"https:\/\/worklaser.pt\/index.php?rest_route=\/wp\/v2\/product"}],"about":[{"href":"https:\/\/worklaser.pt\/index.php?rest_route=\/wp\/v2\/types\/product"}],"replies":[{"embeddable":true,"href":"https:\/\/worklaser.pt\/index.php?rest_route=%2Fwp%2Fv2%2Fcomments&post=9013"}],"wp:featuredmedia":[{"embeddable":true,"href":"https:\/\/worklaser.pt\/index.php?rest_route=\/wp\/v2\/media\/9005"}],"wp:attachment":[{"href":"https:\/\/worklaser.pt\/index.php?rest_route=%2Fwp%2Fv2%2Fmedia&parent=9013"}],"wp:term":[{"taxonomy":"product_cat","embeddable":true,"href":"https:\/\/worklaser.pt\/index.php?rest_route=%2Fwp%2Fv2%2Fproduct_cat&post=9013"},{"taxonomy":"product_tag","embeddable":true,"href":"https:\/\/worklaser.pt\/index.php?rest_route=%2Fwp%2Fv2%2Fproduct_tag&post=9013"}],"curies":[{"name":"wp","href":"https:\/\/api.w.org\/{rel}","templated":true}]}}