{"id":8825,"date":"2021-02-26T19:31:11","date_gmt":"2021-02-26T19:31:11","guid":{"rendered":"https:\/\/worklaser.pt\/?post_type=product&#038;p=8825"},"modified":"2026-02-11T14:09:18","modified_gmt":"2026-02-11T14:09:18","slug":"caixa-surpresa-3","status":"publish","type":"product","link":"https:\/\/worklaser.pt\/?product=caixa-surpresa-3","title":{"rendered":"Caixa Surpresa 3 ESGOTADO"},"content":{"rendered":"","protected":false},"excerpt":{"rendered":"<p>Tempo de entrega: 10\/12 dias \u00fateis ap\u00f3s pagamento<\/p>\n<p>Caixa em cart\u00e3o com:<br \/>\n\u2013 Pente em madeira personalizado com nomes;<br \/>\n\u2013 Saca Rolha \u201cUso Exclusivo do Melhor Pai do Mundo\u201d<br \/>\n\u2013 Bombons Imperador da Avianense (caixa com 4 bombons choc. leite).<\/p>\n<p>&nbsp;<\/p>\n","protected":false},"featured_media":8818,"comment_status":"open","ping_status":"closed","template":"","meta":[],"product_cat":[15],"product_tag":[],"yoast_head":"<!-- This site is optimized with the Yoast SEO plugin v14.5 - https:\/\/yoast.com\/wordpress\/plugins\/seo\/ -->\n<title>Caixa Surpresa 3 ESGOTADO - WorkLaser<\/title>\n<meta name=\"robots\" content=\"index, follow\" \/>\n<meta name=\"googlebot\" content=\"index, follow, max-snippet:-1, max-image-preview:large, max-video-preview:-1\" \/>\n<meta name=\"bingbot\" content=\"index, follow, max-snippet:-1, max-image-preview:large, max-video-preview:-1\" \/>\n<link rel=\"canonical\" href=\"https:\/\/worklaser.pt\/?product=caixa-surpresa-3\" \/>\n<meta property=\"og:locale\" content=\"pt_PT\" \/>\n<meta property=\"og:type\" content=\"article\" \/>\n<meta property=\"og:title\" content=\"Caixa Surpresa 3 ESGOTADO - WorkLaser\" \/>\n<meta property=\"og:description\" content=\"Tempo de entrega: 10\/12 dias \u00fateis ap\u00f3s pagamento  Caixa em cart\u00e3o com: \u2013 Pente em madeira personalizado com nomes; \u2013 Saca Rolha \u201cUso Exclusivo do Melhor Pai do Mundo\u201d \u2013 Bombons Imperador da Avianense (caixa com 4 bombons choc. leite).  &nbsp;\" \/>\n<meta property=\"og:url\" content=\"https:\/\/worklaser.pt\/?product=caixa-surpresa-3\" \/>\n<meta property=\"og:site_name\" content=\"WorkLaser\" \/>\n<meta property=\"article:publisher\" content=\"https:\/\/www.facebook.com\/worklaser\" \/>\n<meta property=\"article:modified_time\" content=\"2026-02-11T14:09:18+00:00\" \/>\n<meta property=\"og:image\" content=\"https:\/\/worklaser.pt\/wp-content\/uploads\/2021\/02\/caixa-pequena-4.jpg\" \/>\n\t<meta property=\"og:image:width\" content=\"492\" \/>\n\t<meta property=\"og:image:height\" content=\"384\" \/>\n<meta property=\"fb:app_id\" content=\"275000290498322\" \/>\n<meta name=\"twitter:card\" content=\"summary_large_image\" \/>\n<script type=\"application\/ld+json\" class=\"yoast-schema-graph\">{\"@context\":\"https:\/\/schema.org\",\"@graph\":[{\"@type\":\"WebSite\",\"@id\":\"https:\/\/worklaser.pt\/#website\",\"url\":\"https:\/\/worklaser.pt\/\",\"name\":\"WorkLaser\",\"description\":\"Loja Online\",\"potentialAction\":[{\"@type\":\"SearchAction\",\"target\":\"https:\/\/worklaser.pt\/?s={search_term_string}\",\"query-input\":\"required name=search_term_string\"}],\"inLanguage\":\"pt-PT\"},{\"@type\":\"ImageObject\",\"@id\":\"https:\/\/worklaser.pt\/?product=caixa-surpresa-3#primaryimage\",\"inLanguage\":\"pt-PT\",\"url\":\"https:\/\/worklaser.pt\/wp-content\/uploads\/2021\/02\/caixa-pequena-4.jpg\",\"width\":492,\"height\":384},{\"@type\":\"WebPage\",\"@id\":\"https:\/\/worklaser.pt\/?product=caixa-surpresa-3#webpage\",\"url\":\"https:\/\/worklaser.pt\/?product=caixa-surpresa-3\",\"name\":\"Caixa Surpresa 3 ESGOTADO - WorkLaser\",\"isPartOf\":{\"@id\":\"https:\/\/worklaser.pt\/#website\"},\"primaryImageOfPage\":{\"@id\":\"https:\/\/worklaser.pt\/?product=caixa-surpresa-3#primaryimage\"},\"datePublished\":\"2021-02-26T19:31:11+00:00\",\"dateModified\":\"2026-02-11T14:09:18+00:00\",\"inLanguage\":\"pt-PT\",\"potentialAction\":[{\"@type\":\"ReadAction\",\"target\":[\"https:\/\/worklaser.pt\/?product=caixa-surpresa-3\"]}]}]}<\/script>\n<!-- \/ Yoast SEO plugin. -->","builder_content":"","_links":{"self":[{"href":"https:\/\/worklaser.pt\/index.php?rest_route=\/wp\/v2\/product\/8825"}],"collection":[{"href":"https:\/\/worklaser.pt\/index.php?rest_route=\/wp\/v2\/product"}],"about":[{"href":"https:\/\/worklaser.pt\/index.php?rest_route=\/wp\/v2\/types\/product"}],"replies":[{"embeddable":true,"href":"https:\/\/worklaser.pt\/index.php?rest_route=%2Fwp%2Fv2%2Fcomments&post=8825"}],"wp:featuredmedia":[{"embeddable":true,"href":"https:\/\/worklaser.pt\/index.php?rest_route=\/wp\/v2\/media\/8818"}],"wp:attachment":[{"href":"https:\/\/worklaser.pt\/index.php?rest_route=%2Fwp%2Fv2%2Fmedia&parent=8825"}],"wp:term":[{"taxonomy":"product_cat","embeddable":true,"href":"https:\/\/worklaser.pt\/index.php?rest_route=%2Fwp%2Fv2%2Fproduct_cat&post=8825"},{"taxonomy":"product_tag","embeddable":true,"href":"https:\/\/worklaser.pt\/index.php?rest_route=%2Fwp%2Fv2%2Fproduct_tag&post=8825"}],"curies":[{"name":"wp","href":"https:\/\/api.w.org\/{rel}","templated":true}]}}