{"id":8640,"date":"2021-01-18T14:15:38","date_gmt":"2021-01-18T14:15:38","guid":{"rendered":"https:\/\/worklaser.pt\/?post_type=product&#038;p=8640"},"modified":"2023-01-03T18:28:23","modified_gmt":"2023-01-03T18:28:23","slug":"coracao-com-infinito","status":"publish","type":"product","link":"https:\/\/worklaser.pt\/?product=coracao-com-infinito","title":{"rendered":"Cora\u00e7\u00e3o com Infinito"},"content":{"rendered":"","protected":false},"excerpt":{"rendered":"<p>Pe\u00e7a em mdf branco e madeira com personaliza\u00e7\u00e3o de nomes.<br \/>\nTamanho: 15cmx10,5cm<br \/>\nEntrega dentro de 10\/12 dias \u00fateis ap\u00f3s confirma\u00e7\u00e3o de pagamento.<\/p>\n","protected":false},"featured_media":8624,"comment_status":"open","ping_status":"closed","template":"","meta":[],"product_cat":[118],"product_tag":[],"yoast_head":"<!-- This site is optimized with the Yoast SEO plugin v14.5 - https:\/\/yoast.com\/wordpress\/plugins\/seo\/ -->\n<title>Cora\u00e7\u00e3o com Infinito - WorkLaser<\/title>\n<meta name=\"robots\" content=\"index, follow\" \/>\n<meta name=\"googlebot\" content=\"index, follow, max-snippet:-1, max-image-preview:large, max-video-preview:-1\" \/>\n<meta name=\"bingbot\" content=\"index, follow, max-snippet:-1, max-image-preview:large, max-video-preview:-1\" \/>\n<link rel=\"canonical\" href=\"https:\/\/worklaser.pt\/?product=coracao-com-infinito\" \/>\n<meta property=\"og:locale\" content=\"pt_PT\" \/>\n<meta property=\"og:type\" content=\"article\" \/>\n<meta property=\"og:title\" content=\"Cora\u00e7\u00e3o com Infinito - WorkLaser\" \/>\n<meta property=\"og:description\" content=\"Pe\u00e7a em mdf branco e madeira com personaliza\u00e7\u00e3o de nomes. Tamanho: 15cmx10,5cm Entrega dentro de 10\/12 dias \u00fateis ap\u00f3s confirma\u00e7\u00e3o de pagamento.\" \/>\n<meta property=\"og:url\" content=\"https:\/\/worklaser.pt\/?product=coracao-com-infinito\" \/>\n<meta property=\"og:site_name\" content=\"WorkLaser\" \/>\n<meta property=\"article:publisher\" content=\"https:\/\/www.facebook.com\/worklaser\" \/>\n<meta property=\"article:modified_time\" content=\"2023-01-03T18:28:23+00:00\" \/>\n<meta property=\"og:image\" content=\"https:\/\/worklaser.pt\/wp-content\/uploads\/2021\/01\/Pe\u00e7a-cora\u00e7\u00e3o-infinito.jpg\" \/>\n\t<meta property=\"og:image:width\" content=\"517\" \/>\n\t<meta property=\"og:image:height\" content=\"400\" \/>\n<meta property=\"fb:app_id\" content=\"275000290498322\" \/>\n<meta name=\"twitter:card\" content=\"summary_large_image\" \/>\n<script type=\"application\/ld+json\" class=\"yoast-schema-graph\">{\"@context\":\"https:\/\/schema.org\",\"@graph\":[{\"@type\":\"WebSite\",\"@id\":\"https:\/\/worklaser.pt\/#website\",\"url\":\"https:\/\/worklaser.pt\/\",\"name\":\"WorkLaser\",\"description\":\"Loja Online\",\"potentialAction\":[{\"@type\":\"SearchAction\",\"target\":\"https:\/\/worklaser.pt\/?s={search_term_string}\",\"query-input\":\"required name=search_term_string\"}],\"inLanguage\":\"pt-PT\"},{\"@type\":\"ImageObject\",\"@id\":\"https:\/\/worklaser.pt\/?product=coracao-com-infinito#primaryimage\",\"inLanguage\":\"pt-PT\",\"url\":\"https:\/\/worklaser.pt\/wp-content\/uploads\/2021\/01\/Pe\\u00e7a-cora\\u00e7\\u00e3o-infinito.jpg\",\"width\":517,\"height\":400},{\"@type\":\"WebPage\",\"@id\":\"https:\/\/worklaser.pt\/?product=coracao-com-infinito#webpage\",\"url\":\"https:\/\/worklaser.pt\/?product=coracao-com-infinito\",\"name\":\"Cora\\u00e7\\u00e3o com Infinito - WorkLaser\",\"isPartOf\":{\"@id\":\"https:\/\/worklaser.pt\/#website\"},\"primaryImageOfPage\":{\"@id\":\"https:\/\/worklaser.pt\/?product=coracao-com-infinito#primaryimage\"},\"datePublished\":\"2021-01-18T14:15:38+00:00\",\"dateModified\":\"2023-01-03T18:28:23+00:00\",\"inLanguage\":\"pt-PT\",\"potentialAction\":[{\"@type\":\"ReadAction\",\"target\":[\"https:\/\/worklaser.pt\/?product=coracao-com-infinito\"]}]}]}<\/script>\n<!-- \/ Yoast SEO plugin. -->","builder_content":"","_links":{"self":[{"href":"https:\/\/worklaser.pt\/index.php?rest_route=\/wp\/v2\/product\/8640"}],"collection":[{"href":"https:\/\/worklaser.pt\/index.php?rest_route=\/wp\/v2\/product"}],"about":[{"href":"https:\/\/worklaser.pt\/index.php?rest_route=\/wp\/v2\/types\/product"}],"replies":[{"embeddable":true,"href":"https:\/\/worklaser.pt\/index.php?rest_route=%2Fwp%2Fv2%2Fcomments&post=8640"}],"wp:featuredmedia":[{"embeddable":true,"href":"https:\/\/worklaser.pt\/index.php?rest_route=\/wp\/v2\/media\/8624"}],"wp:attachment":[{"href":"https:\/\/worklaser.pt\/index.php?rest_route=%2Fwp%2Fv2%2Fmedia&parent=8640"}],"wp:term":[{"taxonomy":"product_cat","embeddable":true,"href":"https:\/\/worklaser.pt\/index.php?rest_route=%2Fwp%2Fv2%2Fproduct_cat&post=8640"},{"taxonomy":"product_tag","embeddable":true,"href":"https:\/\/worklaser.pt\/index.php?rest_route=%2Fwp%2Fv2%2Fproduct_tag&post=8640"}],"curies":[{"name":"wp","href":"https:\/\/api.w.org\/{rel}","templated":true}]}}