{"id":8534,"date":"2020-10-02T21:37:30","date_gmt":"2020-10-02T21:37:30","guid":{"rendered":"https:\/\/worklaser.pt\/?post_type=product&#038;p=8534"},"modified":"2025-01-17T10:40:01","modified_gmt":"2025-01-17T10:40:01","slug":"convite-paises-com-foto","status":"publish","type":"product","link":"https:\/\/worklaser.pt\/?product=convite-paises-com-foto","title":{"rendered":"Convite Pa\u00edses com foto"},"content":{"rendered":"","protected":false},"excerpt":{"rendered":"<p>Convite impress\u00e3o frente e verso com fotografia e envelope personalizado com pa\u00edses.<br \/>\nA estrutura do texto no convite pode ser personalizada.<br \/>\nAp\u00f3s valida\u00e7\u00e3o da encomenda receber\u00e1 o desenho digital do convite para confirma\u00e7\u00e3o.<\/p>\n<p>Tamanho do convite: 17cmx13cm<br \/>\nMaterial: Papel branco 250gm com ligeiro brilho e envelope craft<\/p>\n<p><strong>M\u00ednimo compra 20 unidades <\/strong>( caso necessite de menos entre em contacto connosco).<\/p>\n<p>Tempo de entrega 20-25 dias \u00fateis<\/p>\n","protected":false},"featured_media":8535,"comment_status":"open","ping_status":"closed","template":"","meta":[],"product_cat":[48,55,80],"product_tag":[],"yoast_head":"<!-- This site is optimized with the Yoast SEO plugin v14.5 - https:\/\/yoast.com\/wordpress\/plugins\/seo\/ -->\n<title>Convite Pa\u00edses com foto - WorkLaser<\/title>\n<meta name=\"robots\" content=\"index, follow\" \/>\n<meta name=\"googlebot\" content=\"index, follow, max-snippet:-1, max-image-preview:large, max-video-preview:-1\" \/>\n<meta name=\"bingbot\" content=\"index, follow, max-snippet:-1, max-image-preview:large, max-video-preview:-1\" \/>\n<link rel=\"canonical\" href=\"https:\/\/worklaser.pt\/?product=convite-paises-com-foto\" \/>\n<meta property=\"og:locale\" content=\"pt_PT\" \/>\n<meta property=\"og:type\" content=\"article\" \/>\n<meta property=\"og:title\" content=\"Convite Pa\u00edses com foto - WorkLaser\" \/>\n<meta property=\"og:description\" content=\"Convite impress\u00e3o frente e verso com fotografia e envelope personalizado com pa\u00edses. A estrutura do texto no convite pode ser personalizada. Ap\u00f3s valida\u00e7\u00e3o da encomenda receber\u00e1 o desenho digital do convite para confirma\u00e7\u00e3o.  Tamanho do convite: 17cmx13cm Material: Papel branco 250gm com ligeiro brilho e envelope craft  M\u00ednimo compra 20 unidades ( caso necessite de menos entre em contacto connosco).  Tempo de entrega 20-25 dias \u00fateis\" \/>\n<meta property=\"og:url\" content=\"https:\/\/worklaser.pt\/?product=convite-paises-com-foto\" \/>\n<meta property=\"og:site_name\" content=\"WorkLaser\" \/>\n<meta property=\"article:publisher\" content=\"https:\/\/www.facebook.com\/worklaser\" \/>\n<meta property=\"article:modified_time\" content=\"2025-01-17T10:40:01+00:00\" \/>\n<meta property=\"og:image\" content=\"https:\/\/worklaser.pt\/wp-content\/uploads\/2020\/10\/Convite-Pa\u00edses-com-Foto-Foto-1.jpg\" \/>\n\t<meta property=\"og:image:width\" content=\"492\" \/>\n\t<meta property=\"og:image:height\" content=\"384\" \/>\n<meta property=\"fb:app_id\" content=\"275000290498322\" \/>\n<meta name=\"twitter:card\" content=\"summary_large_image\" \/>\n<script type=\"application\/ld+json\" class=\"yoast-schema-graph\">{\"@context\":\"https:\/\/schema.org\",\"@graph\":[{\"@type\":\"WebSite\",\"@id\":\"https:\/\/worklaser.pt\/#website\",\"url\":\"https:\/\/worklaser.pt\/\",\"name\":\"WorkLaser\",\"description\":\"Loja Online\",\"potentialAction\":[{\"@type\":\"SearchAction\",\"target\":\"https:\/\/worklaser.pt\/?s={search_term_string}\",\"query-input\":\"required name=search_term_string\"}],\"inLanguage\":\"pt-PT\"},{\"@type\":\"ImageObject\",\"@id\":\"https:\/\/worklaser.pt\/?product=convite-paises-com-foto#primaryimage\",\"inLanguage\":\"pt-PT\",\"url\":\"https:\/\/worklaser.pt\/wp-content\/uploads\/2020\/10\/Convite-Pa\\u00edses-com-Foto-Foto-1.jpg\",\"width\":492,\"height\":384},{\"@type\":\"WebPage\",\"@id\":\"https:\/\/worklaser.pt\/?product=convite-paises-com-foto#webpage\",\"url\":\"https:\/\/worklaser.pt\/?product=convite-paises-com-foto\",\"name\":\"Convite Pa\\u00edses com foto - WorkLaser\",\"isPartOf\":{\"@id\":\"https:\/\/worklaser.pt\/#website\"},\"primaryImageOfPage\":{\"@id\":\"https:\/\/worklaser.pt\/?product=convite-paises-com-foto#primaryimage\"},\"datePublished\":\"2020-10-02T21:37:30+00:00\",\"dateModified\":\"2025-01-17T10:40:01+00:00\",\"inLanguage\":\"pt-PT\",\"potentialAction\":[{\"@type\":\"ReadAction\",\"target\":[\"https:\/\/worklaser.pt\/?product=convite-paises-com-foto\"]}]}]}<\/script>\n<!-- \/ Yoast SEO plugin. -->","builder_content":"","_links":{"self":[{"href":"https:\/\/worklaser.pt\/index.php?rest_route=\/wp\/v2\/product\/8534"}],"collection":[{"href":"https:\/\/worklaser.pt\/index.php?rest_route=\/wp\/v2\/product"}],"about":[{"href":"https:\/\/worklaser.pt\/index.php?rest_route=\/wp\/v2\/types\/product"}],"replies":[{"embeddable":true,"href":"https:\/\/worklaser.pt\/index.php?rest_route=%2Fwp%2Fv2%2Fcomments&post=8534"}],"wp:featuredmedia":[{"embeddable":true,"href":"https:\/\/worklaser.pt\/index.php?rest_route=\/wp\/v2\/media\/8535"}],"wp:attachment":[{"href":"https:\/\/worklaser.pt\/index.php?rest_route=%2Fwp%2Fv2%2Fmedia&parent=8534"}],"wp:term":[{"taxonomy":"product_cat","embeddable":true,"href":"https:\/\/worklaser.pt\/index.php?rest_route=%2Fwp%2Fv2%2Fproduct_cat&post=8534"},{"taxonomy":"product_tag","embeddable":true,"href":"https:\/\/worklaser.pt\/index.php?rest_route=%2Fwp%2Fv2%2Fproduct_tag&post=8534"}],"curies":[{"name":"wp","href":"https:\/\/api.w.org\/{rel}","templated":true}]}}