{"id":8516,"date":"2020-10-02T21:16:03","date_gmt":"2020-10-02T21:16:03","guid":{"rendered":"https:\/\/worklaser.pt\/?post_type=product&#038;p=8516"},"modified":"2025-01-17T10:37:54","modified_gmt":"2025-01-17T10:37:54","slug":"convite-paises","status":"publish","type":"product","link":"https:\/\/worklaser.pt\/?product=convite-paises","title":{"rendered":"Convite Pa\u00edses"},"content":{"rendered":"","protected":false},"excerpt":{"rendered":"<p>Convite impress\u00e3o frente e verso e envelope personalizado com pa\u00edses.<br \/>\nPode escolher os pa\u00edses.<br \/>\nAs cores e a estrutura do texto no convite pode ser personalizada.<br \/>\nAp\u00f3s valida\u00e7\u00e3o da encomenda receber\u00e1 o desenho digital do convite para confirma\u00e7\u00e3o.<\/p>\n<p>Tamanho do convite: 17cmx13cm<br \/>\nMaterial: Papel branco 250gm com ligeiro brilho e envelope craft<\/p>\n<p><strong>M\u00ednimo compra 20 unidades <\/strong>( caso necessite de menos entre em contacto connosco).<\/p>\n<p>Tempo de entrega 20-25 dias \u00fateis<\/p>\n","protected":false},"featured_media":12457,"comment_status":"open","ping_status":"closed","template":"","meta":[],"product_cat":[48,55,80],"product_tag":[],"yoast_head":"<!-- This site is optimized with the Yoast SEO plugin v14.5 - https:\/\/yoast.com\/wordpress\/plugins\/seo\/ -->\n<title>Convite Pa\u00edses - WorkLaser<\/title>\n<meta name=\"robots\" content=\"index, follow\" \/>\n<meta name=\"googlebot\" content=\"index, follow, max-snippet:-1, max-image-preview:large, max-video-preview:-1\" \/>\n<meta name=\"bingbot\" content=\"index, follow, max-snippet:-1, max-image-preview:large, max-video-preview:-1\" \/>\n<link rel=\"canonical\" href=\"https:\/\/worklaser.pt\/?product=convite-paises\" \/>\n<meta property=\"og:locale\" content=\"pt_PT\" \/>\n<meta property=\"og:type\" content=\"article\" \/>\n<meta property=\"og:title\" content=\"Convite Pa\u00edses - WorkLaser\" \/>\n<meta property=\"og:description\" content=\"Convite impress\u00e3o frente e verso e envelope personalizado com pa\u00edses. Pode escolher os pa\u00edses. As cores e a estrutura do texto no convite pode ser personalizada. Ap\u00f3s valida\u00e7\u00e3o da encomenda receber\u00e1 o desenho digital do convite para confirma\u00e7\u00e3o.  Tamanho do convite: 17cmx13cm Material: Papel branco 250gm com ligeiro brilho e envelope craft  M\u00ednimo compra 20 unidades ( caso necessite de menos entre em contacto connosco).  Tempo de entrega 20-25 dias \u00fateis\" \/>\n<meta property=\"og:url\" content=\"https:\/\/worklaser.pt\/?product=convite-paises\" \/>\n<meta property=\"og:site_name\" content=\"WorkLaser\" \/>\n<meta property=\"article:publisher\" content=\"https:\/\/www.facebook.com\/worklaser\" \/>\n<meta property=\"article:modified_time\" content=\"2025-01-17T10:37:54+00:00\" \/>\n<meta property=\"og:image\" content=\"https:\/\/worklaser.pt\/wp-content\/uploads\/2023\/10\/12.jpg\" \/>\n\t<meta property=\"og:image:width\" content=\"600\" \/>\n\t<meta property=\"og:image:height\" content=\"469\" \/>\n<meta property=\"fb:app_id\" content=\"275000290498322\" \/>\n<meta name=\"twitter:card\" content=\"summary_large_image\" \/>\n<script type=\"application\/ld+json\" class=\"yoast-schema-graph\">{\"@context\":\"https:\/\/schema.org\",\"@graph\":[{\"@type\":\"WebSite\",\"@id\":\"https:\/\/worklaser.pt\/#website\",\"url\":\"https:\/\/worklaser.pt\/\",\"name\":\"WorkLaser\",\"description\":\"Loja Online\",\"potentialAction\":[{\"@type\":\"SearchAction\",\"target\":\"https:\/\/worklaser.pt\/?s={search_term_string}\",\"query-input\":\"required name=search_term_string\"}],\"inLanguage\":\"pt-PT\"},{\"@type\":\"ImageObject\",\"@id\":\"https:\/\/worklaser.pt\/?product=convite-paises#primaryimage\",\"inLanguage\":\"pt-PT\",\"url\":\"https:\/\/worklaser.pt\/wp-content\/uploads\/2023\/10\/12.jpg\",\"width\":600,\"height\":469},{\"@type\":\"WebPage\",\"@id\":\"https:\/\/worklaser.pt\/?product=convite-paises#webpage\",\"url\":\"https:\/\/worklaser.pt\/?product=convite-paises\",\"name\":\"Convite Pa\\u00edses - WorkLaser\",\"isPartOf\":{\"@id\":\"https:\/\/worklaser.pt\/#website\"},\"primaryImageOfPage\":{\"@id\":\"https:\/\/worklaser.pt\/?product=convite-paises#primaryimage\"},\"datePublished\":\"2020-10-02T21:16:03+00:00\",\"dateModified\":\"2025-01-17T10:37:54+00:00\",\"inLanguage\":\"pt-PT\",\"potentialAction\":[{\"@type\":\"ReadAction\",\"target\":[\"https:\/\/worklaser.pt\/?product=convite-paises\"]}]}]}<\/script>\n<!-- \/ Yoast SEO plugin. -->","builder_content":"","_links":{"self":[{"href":"https:\/\/worklaser.pt\/index.php?rest_route=\/wp\/v2\/product\/8516"}],"collection":[{"href":"https:\/\/worklaser.pt\/index.php?rest_route=\/wp\/v2\/product"}],"about":[{"href":"https:\/\/worklaser.pt\/index.php?rest_route=\/wp\/v2\/types\/product"}],"replies":[{"embeddable":true,"href":"https:\/\/worklaser.pt\/index.php?rest_route=%2Fwp%2Fv2%2Fcomments&post=8516"}],"wp:featuredmedia":[{"embeddable":true,"href":"https:\/\/worklaser.pt\/index.php?rest_route=\/wp\/v2\/media\/12457"}],"wp:attachment":[{"href":"https:\/\/worklaser.pt\/index.php?rest_route=%2Fwp%2Fv2%2Fmedia&parent=8516"}],"wp:term":[{"taxonomy":"product_cat","embeddable":true,"href":"https:\/\/worklaser.pt\/index.php?rest_route=%2Fwp%2Fv2%2Fproduct_cat&post=8516"},{"taxonomy":"product_tag","embeddable":true,"href":"https:\/\/worklaser.pt\/index.php?rest_route=%2Fwp%2Fv2%2Fproduct_tag&post=8516"}],"curies":[{"name":"wp","href":"https:\/\/api.w.org\/{rel}","templated":true}]}}