{"id":8482,"date":"2020-10-02T21:03:37","date_gmt":"2020-10-02T21:03:37","guid":{"rendered":"https:\/\/worklaser.pt\/?post_type=product&#038;p=8482"},"modified":"2022-11-29T11:15:48","modified_gmt":"2022-11-29T11:15:48","slug":"convite-ref-102","status":"publish","type":"product","link":"https:\/\/worklaser.pt\/?product=convite-ref-102","title":{"rendered":"Convite Ref. 102"},"content":{"rendered":"","protected":false},"excerpt":{"rendered":"<p>Convite com envelope furado.<br \/>\nA estrutura do texto no convite pode ser personalizada.<br \/>\nAp\u00f3s valida\u00e7\u00e3o da encomenda receber\u00e1 o desenho digital do convite para confirma\u00e7\u00e3o.<\/p>\n<p>Tamanho do convite: 17cmx12cm<br \/>\nMaterial: Papel branco 250gm com ligeiro brilho e envelope vermelho 180gm<\/p>\n<p>Tempo de entrega: 20\/25 dias \u00fateis<\/p>\n<p>Compra m\u00ednima de 20 convites<\/p>\n<p>Pre\u00e7os<\/p>\n<p>de 20 a 39 convites \u2013 3,25\u20ac Cada<br \/>\nde 40 a 79 convites \u2013 3,00\u20ac Cada<br \/>\n80 ou mais convites \u2013 2,80\u20ac Cada<\/p>\n","protected":false},"featured_media":8483,"comment_status":"open","ping_status":"closed","template":"","meta":[],"product_cat":[15],"product_tag":[],"yoast_head":"<!-- This site is optimized with the Yoast SEO plugin v14.5 - https:\/\/yoast.com\/wordpress\/plugins\/seo\/ -->\n<title>Convite Ref. 102 - WorkLaser<\/title>\n<meta name=\"robots\" content=\"index, follow\" \/>\n<meta name=\"googlebot\" content=\"index, follow, max-snippet:-1, max-image-preview:large, max-video-preview:-1\" \/>\n<meta name=\"bingbot\" content=\"index, follow, max-snippet:-1, max-image-preview:large, max-video-preview:-1\" \/>\n<link rel=\"canonical\" href=\"https:\/\/worklaser.pt\/?product=convite-ref-102\" \/>\n<meta property=\"og:locale\" content=\"pt_PT\" \/>\n<meta property=\"og:type\" content=\"article\" \/>\n<meta property=\"og:title\" content=\"Convite Ref. 102 - WorkLaser\" \/>\n<meta property=\"og:description\" content=\"Convite com envelope furado. A estrutura do texto no convite pode ser personalizada. Ap\u00f3s valida\u00e7\u00e3o da encomenda receber\u00e1 o desenho digital do convite para confirma\u00e7\u00e3o.  Tamanho do convite: 17cmx12cm Material: Papel branco 250gm com ligeiro brilho e envelope vermelho 180gm  Tempo de entrega: 20\/25 dias \u00fateis  Compra m\u00ednima de 20 convites  Pre\u00e7os  de 20 a 39 convites \u2013 3,25\u20ac Cada de 40 a 79 convites \u2013 3,00\u20ac Cada 80 ou mais convites \u2013 2,80\u20ac Cada\" \/>\n<meta property=\"og:url\" content=\"https:\/\/worklaser.pt\/?product=convite-ref-102\" \/>\n<meta property=\"og:site_name\" content=\"WorkLaser\" \/>\n<meta property=\"article:publisher\" content=\"https:\/\/www.facebook.com\/worklaser\" \/>\n<meta property=\"article:modified_time\" content=\"2022-11-29T11:15:48+00:00\" \/>\n<meta property=\"og:image\" content=\"https:\/\/worklaser.pt\/wp-content\/uploads\/2020\/10\/Convite-ref.-102-foto-1.jpg\" \/>\n\t<meta property=\"og:image:width\" content=\"492\" \/>\n\t<meta property=\"og:image:height\" content=\"384\" \/>\n<meta property=\"fb:app_id\" content=\"275000290498322\" \/>\n<meta name=\"twitter:card\" content=\"summary_large_image\" \/>\n<script type=\"application\/ld+json\" class=\"yoast-schema-graph\">{\"@context\":\"https:\/\/schema.org\",\"@graph\":[{\"@type\":\"WebSite\",\"@id\":\"https:\/\/worklaser.pt\/#website\",\"url\":\"https:\/\/worklaser.pt\/\",\"name\":\"WorkLaser\",\"description\":\"Loja Online\",\"potentialAction\":[{\"@type\":\"SearchAction\",\"target\":\"https:\/\/worklaser.pt\/?s={search_term_string}\",\"query-input\":\"required name=search_term_string\"}],\"inLanguage\":\"pt-PT\"},{\"@type\":\"ImageObject\",\"@id\":\"https:\/\/worklaser.pt\/?product=convite-ref-102#primaryimage\",\"inLanguage\":\"pt-PT\",\"url\":\"https:\/\/worklaser.pt\/wp-content\/uploads\/2020\/10\/Convite-ref.-102-foto-1.jpg\",\"width\":492,\"height\":384},{\"@type\":\"WebPage\",\"@id\":\"https:\/\/worklaser.pt\/?product=convite-ref-102#webpage\",\"url\":\"https:\/\/worklaser.pt\/?product=convite-ref-102\",\"name\":\"Convite Ref. 102 - WorkLaser\",\"isPartOf\":{\"@id\":\"https:\/\/worklaser.pt\/#website\"},\"primaryImageOfPage\":{\"@id\":\"https:\/\/worklaser.pt\/?product=convite-ref-102#primaryimage\"},\"datePublished\":\"2020-10-02T21:03:37+00:00\",\"dateModified\":\"2022-11-29T11:15:48+00:00\",\"inLanguage\":\"pt-PT\",\"potentialAction\":[{\"@type\":\"ReadAction\",\"target\":[\"https:\/\/worklaser.pt\/?product=convite-ref-102\"]}]}]}<\/script>\n<!-- \/ Yoast SEO plugin. -->","builder_content":"","_links":{"self":[{"href":"https:\/\/worklaser.pt\/index.php?rest_route=\/wp\/v2\/product\/8482"}],"collection":[{"href":"https:\/\/worklaser.pt\/index.php?rest_route=\/wp\/v2\/product"}],"about":[{"href":"https:\/\/worklaser.pt\/index.php?rest_route=\/wp\/v2\/types\/product"}],"replies":[{"embeddable":true,"href":"https:\/\/worklaser.pt\/index.php?rest_route=%2Fwp%2Fv2%2Fcomments&post=8482"}],"wp:featuredmedia":[{"embeddable":true,"href":"https:\/\/worklaser.pt\/index.php?rest_route=\/wp\/v2\/media\/8483"}],"wp:attachment":[{"href":"https:\/\/worklaser.pt\/index.php?rest_route=%2Fwp%2Fv2%2Fmedia&parent=8482"}],"wp:term":[{"taxonomy":"product_cat","embeddable":true,"href":"https:\/\/worklaser.pt\/index.php?rest_route=%2Fwp%2Fv2%2Fproduct_cat&post=8482"},{"taxonomy":"product_tag","embeddable":true,"href":"https:\/\/worklaser.pt\/index.php?rest_route=%2Fwp%2Fv2%2Fproduct_tag&post=8482"}],"curies":[{"name":"wp","href":"https:\/\/api.w.org\/{rel}","templated":true}]}}