{"id":8469,"date":"2020-10-02T20:51:18","date_gmt":"2020-10-02T20:51:18","guid":{"rendered":"https:\/\/worklaser.pt\/?post_type=product&#038;p=8469"},"modified":"2025-01-17T10:33:25","modified_gmt":"2025-01-17T10:33:25","slug":"convite-mundo","status":"publish","type":"product","link":"https:\/\/worklaser.pt\/?product=convite-mundo","title":{"rendered":"Convite Mundo"},"content":{"rendered":"","protected":false},"excerpt":{"rendered":"<p>Convite impress\u00e3o frente e verso com envelope mundo e fio.<br \/>\nA estrutura do texto no convite pode ser personalizada.<br \/>\nAp\u00f3s valida\u00e7\u00e3o da encomenda receber\u00e1 o desenho digital do convite para confirma\u00e7\u00e3o.<\/p>\n<p>Tamanho do convite: 17cmx13cm<br \/>\nMaterial: Papel branco 250gm com ligeiro brilho e envelope craft<\/p>\n<p><strong>M\u00ednimo compra 20 unidades <\/strong>( caso necessite de menos entre em contacto connosco).<\/p>\n<p>Tempo de entrega 20-25 dias \u00fateis<\/p>\n","protected":false},"featured_media":8470,"comment_status":"open","ping_status":"closed","template":"","meta":[],"product_cat":[48,55,80],"product_tag":[],"yoast_head":"<!-- This site is optimized with the Yoast SEO plugin v14.5 - https:\/\/yoast.com\/wordpress\/plugins\/seo\/ -->\n<title>Convite Mundo - WorkLaser<\/title>\n<meta name=\"robots\" content=\"index, follow\" \/>\n<meta name=\"googlebot\" content=\"index, follow, max-snippet:-1, max-image-preview:large, max-video-preview:-1\" \/>\n<meta name=\"bingbot\" content=\"index, follow, max-snippet:-1, max-image-preview:large, max-video-preview:-1\" \/>\n<link rel=\"canonical\" href=\"https:\/\/worklaser.pt\/?product=convite-mundo\" \/>\n<meta property=\"og:locale\" content=\"pt_PT\" \/>\n<meta property=\"og:type\" content=\"article\" \/>\n<meta property=\"og:title\" content=\"Convite Mundo - WorkLaser\" \/>\n<meta property=\"og:description\" content=\"Convite impress\u00e3o frente e verso com envelope mundo e fio. A estrutura do texto no convite pode ser personalizada. Ap\u00f3s valida\u00e7\u00e3o da encomenda receber\u00e1 o desenho digital do convite para confirma\u00e7\u00e3o.  Tamanho do convite: 17cmx13cm Material: Papel branco 250gm com ligeiro brilho e envelope craft  M\u00ednimo compra 20 unidades ( caso necessite de menos entre em contacto connosco).  Tempo de entrega 20-25 dias \u00fateis\" \/>\n<meta property=\"og:url\" content=\"https:\/\/worklaser.pt\/?product=convite-mundo\" \/>\n<meta property=\"og:site_name\" content=\"WorkLaser\" \/>\n<meta property=\"article:publisher\" content=\"https:\/\/www.facebook.com\/worklaser\" \/>\n<meta property=\"article:modified_time\" content=\"2025-01-17T10:33:25+00:00\" \/>\n<meta property=\"og:image\" content=\"https:\/\/worklaser.pt\/wp-content\/uploads\/2020\/10\/Convite-mundo-foto-1.jpg\" \/>\n\t<meta property=\"og:image:width\" content=\"492\" \/>\n\t<meta property=\"og:image:height\" content=\"384\" \/>\n<meta property=\"fb:app_id\" content=\"275000290498322\" \/>\n<meta name=\"twitter:card\" content=\"summary_large_image\" \/>\n<script type=\"application\/ld+json\" class=\"yoast-schema-graph\">{\"@context\":\"https:\/\/schema.org\",\"@graph\":[{\"@type\":\"WebSite\",\"@id\":\"https:\/\/worklaser.pt\/#website\",\"url\":\"https:\/\/worklaser.pt\/\",\"name\":\"WorkLaser\",\"description\":\"Loja Online\",\"potentialAction\":[{\"@type\":\"SearchAction\",\"target\":\"https:\/\/worklaser.pt\/?s={search_term_string}\",\"query-input\":\"required name=search_term_string\"}],\"inLanguage\":\"pt-PT\"},{\"@type\":\"ImageObject\",\"@id\":\"https:\/\/worklaser.pt\/?product=convite-mundo#primaryimage\",\"inLanguage\":\"pt-PT\",\"url\":\"https:\/\/worklaser.pt\/wp-content\/uploads\/2020\/10\/Convite-mundo-foto-1.jpg\",\"width\":492,\"height\":384},{\"@type\":\"WebPage\",\"@id\":\"https:\/\/worklaser.pt\/?product=convite-mundo#webpage\",\"url\":\"https:\/\/worklaser.pt\/?product=convite-mundo\",\"name\":\"Convite Mundo - WorkLaser\",\"isPartOf\":{\"@id\":\"https:\/\/worklaser.pt\/#website\"},\"primaryImageOfPage\":{\"@id\":\"https:\/\/worklaser.pt\/?product=convite-mundo#primaryimage\"},\"datePublished\":\"2020-10-02T20:51:18+00:00\",\"dateModified\":\"2025-01-17T10:33:25+00:00\",\"inLanguage\":\"pt-PT\",\"potentialAction\":[{\"@type\":\"ReadAction\",\"target\":[\"https:\/\/worklaser.pt\/?product=convite-mundo\"]}]}]}<\/script>\n<!-- \/ Yoast SEO plugin. -->","builder_content":"","_links":{"self":[{"href":"https:\/\/worklaser.pt\/index.php?rest_route=\/wp\/v2\/product\/8469"}],"collection":[{"href":"https:\/\/worklaser.pt\/index.php?rest_route=\/wp\/v2\/product"}],"about":[{"href":"https:\/\/worklaser.pt\/index.php?rest_route=\/wp\/v2\/types\/product"}],"replies":[{"embeddable":true,"href":"https:\/\/worklaser.pt\/index.php?rest_route=%2Fwp%2Fv2%2Fcomments&post=8469"}],"wp:featuredmedia":[{"embeddable":true,"href":"https:\/\/worklaser.pt\/index.php?rest_route=\/wp\/v2\/media\/8470"}],"wp:attachment":[{"href":"https:\/\/worklaser.pt\/index.php?rest_route=%2Fwp%2Fv2%2Fmedia&parent=8469"}],"wp:term":[{"taxonomy":"product_cat","embeddable":true,"href":"https:\/\/worklaser.pt\/index.php?rest_route=%2Fwp%2Fv2%2Fproduct_cat&post=8469"},{"taxonomy":"product_tag","embeddable":true,"href":"https:\/\/worklaser.pt\/index.php?rest_route=%2Fwp%2Fv2%2Fproduct_tag&post=8469"}],"curies":[{"name":"wp","href":"https:\/\/api.w.org\/{rel}","templated":true}]}}