{"id":8008,"date":"2020-06-29T00:22:08","date_gmt":"2020-06-29T00:22:08","guid":{"rendered":"https:\/\/worklaser.pt\/?post_type=product&#038;p=8008"},"modified":"2024-05-03T16:56:37","modified_gmt":"2024-05-03T16:56:37","slug":"convite-arvore","status":"publish","type":"product","link":"https:\/\/worklaser.pt\/?product=convite-arvore","title":{"rendered":"Convite \u00c1rvore ESGOTADO"},"content":{"rendered":"","protected":false},"excerpt":{"rendered":"<p>Parte exterior do convite em prateada personalizado com nome da crian\u00e7a.<br \/>\nInterior do convite em papel azul com ligeiro brilho.<br \/>\nPodemos fabricar noutras cores, entre em contacto connosco.<\/p>\n<p>\u00c9 poss\u00edvel personalizar o texto totalmente a seu gosto, para isso s\u00f3 tem de nos enviar um e-mail com o texto que pretende colocar no convite ap\u00f3s efetuar a sua encomenda.<br \/>\nAp\u00f3s valida\u00e7\u00e3o da encomenda receber\u00e1 o desenho digital do convite para confirma\u00e7\u00e3o.<\/p>\n<p>Tamanho: 14cmx14cm<br \/>\nEncomenda m\u00ednima de 10 convites<\/p>\n<p>Pre\u00e7os:<br \/>\n10 a 29 convites: 3.20\u20ac cada<br \/>\n30 a 79 convites: 2.80\u20ac cada<br \/>\n80 ou mais convites: 2.60\u20ac cada<\/p>\n<p>Tempo de entrega: 20 dias \u00fateis<\/p>\n","protected":false},"featured_media":8009,"comment_status":"open","ping_status":"closed","template":"","meta":[],"product_cat":[15],"product_tag":[],"yoast_head":"<!-- This site is optimized with the Yoast SEO plugin v14.5 - https:\/\/yoast.com\/wordpress\/plugins\/seo\/ -->\n<title>Convite \u00c1rvore ESGOTADO - WorkLaser<\/title>\n<meta name=\"robots\" content=\"index, follow\" \/>\n<meta name=\"googlebot\" content=\"index, follow, max-snippet:-1, max-image-preview:large, max-video-preview:-1\" \/>\n<meta name=\"bingbot\" content=\"index, follow, max-snippet:-1, max-image-preview:large, max-video-preview:-1\" \/>\n<link rel=\"canonical\" href=\"https:\/\/worklaser.pt\/?product=convite-arvore\" \/>\n<meta property=\"og:locale\" content=\"pt_PT\" \/>\n<meta property=\"og:type\" content=\"article\" \/>\n<meta property=\"og:title\" content=\"Convite \u00c1rvore ESGOTADO - WorkLaser\" \/>\n<meta property=\"og:description\" content=\"Parte exterior do convite em prateada personalizado com nome da crian\u00e7a. Interior do convite em papel azul com ligeiro brilho. Podemos fabricar noutras cores, entre em contacto connosco.  \u00c9 poss\u00edvel personalizar o texto totalmente a seu gosto, para isso s\u00f3 tem de nos enviar um e-mail com o texto que pretende colocar no convite ap\u00f3s efetuar a sua encomenda. Ap\u00f3s valida\u00e7\u00e3o da encomenda receber\u00e1 o desenho digital do convite para confirma\u00e7\u00e3o.  Tamanho: 14cmx14cm Encomenda m\u00ednima de 10 convites  Pre\u00e7os: 10 a 29 convites: 3.20\u20ac cada 30 a 79 convites: 2.80\u20ac cada 80 ou mais convites: 2.60\u20ac cada  Tempo de entrega: 20 dias \u00fateis\" \/>\n<meta property=\"og:url\" content=\"https:\/\/worklaser.pt\/?product=convite-arvore\" \/>\n<meta property=\"og:site_name\" content=\"WorkLaser\" \/>\n<meta property=\"article:publisher\" content=\"https:\/\/www.facebook.com\/worklaser\" \/>\n<meta property=\"article:modified_time\" content=\"2024-05-03T16:56:37+00:00\" \/>\n<meta property=\"og:image\" content=\"https:\/\/worklaser.pt\/wp-content\/uploads\/2020\/06\/Convite-Arvore-foto-1.jpg\" \/>\n\t<meta property=\"og:image:width\" content=\"492\" \/>\n\t<meta property=\"og:image:height\" content=\"328\" \/>\n<meta property=\"fb:app_id\" content=\"275000290498322\" \/>\n<meta name=\"twitter:card\" content=\"summary_large_image\" \/>\n<script type=\"application\/ld+json\" class=\"yoast-schema-graph\">{\"@context\":\"https:\/\/schema.org\",\"@graph\":[{\"@type\":\"WebSite\",\"@id\":\"https:\/\/worklaser.pt\/#website\",\"url\":\"https:\/\/worklaser.pt\/\",\"name\":\"WorkLaser\",\"description\":\"Loja Online\",\"potentialAction\":[{\"@type\":\"SearchAction\",\"target\":\"https:\/\/worklaser.pt\/?s={search_term_string}\",\"query-input\":\"required name=search_term_string\"}],\"inLanguage\":\"pt-PT\"},{\"@type\":\"ImageObject\",\"@id\":\"https:\/\/worklaser.pt\/?product=convite-arvore#primaryimage\",\"inLanguage\":\"pt-PT\",\"url\":\"https:\/\/worklaser.pt\/wp-content\/uploads\/2020\/06\/Convite-Arvore-foto-1.jpg\",\"width\":492,\"height\":328},{\"@type\":\"WebPage\",\"@id\":\"https:\/\/worklaser.pt\/?product=convite-arvore#webpage\",\"url\":\"https:\/\/worklaser.pt\/?product=convite-arvore\",\"name\":\"Convite \\u00c1rvore ESGOTADO - WorkLaser\",\"isPartOf\":{\"@id\":\"https:\/\/worklaser.pt\/#website\"},\"primaryImageOfPage\":{\"@id\":\"https:\/\/worklaser.pt\/?product=convite-arvore#primaryimage\"},\"datePublished\":\"2020-06-29T00:22:08+00:00\",\"dateModified\":\"2024-05-03T16:56:37+00:00\",\"inLanguage\":\"pt-PT\",\"potentialAction\":[{\"@type\":\"ReadAction\",\"target\":[\"https:\/\/worklaser.pt\/?product=convite-arvore\"]}]}]}<\/script>\n<!-- \/ Yoast SEO plugin. -->","builder_content":"","_links":{"self":[{"href":"https:\/\/worklaser.pt\/index.php?rest_route=\/wp\/v2\/product\/8008"}],"collection":[{"href":"https:\/\/worklaser.pt\/index.php?rest_route=\/wp\/v2\/product"}],"about":[{"href":"https:\/\/worklaser.pt\/index.php?rest_route=\/wp\/v2\/types\/product"}],"replies":[{"embeddable":true,"href":"https:\/\/worklaser.pt\/index.php?rest_route=%2Fwp%2Fv2%2Fcomments&post=8008"}],"wp:featuredmedia":[{"embeddable":true,"href":"https:\/\/worklaser.pt\/index.php?rest_route=\/wp\/v2\/media\/8009"}],"wp:attachment":[{"href":"https:\/\/worklaser.pt\/index.php?rest_route=%2Fwp%2Fv2%2Fmedia&parent=8008"}],"wp:term":[{"taxonomy":"product_cat","embeddable":true,"href":"https:\/\/worklaser.pt\/index.php?rest_route=%2Fwp%2Fv2%2Fproduct_cat&post=8008"},{"taxonomy":"product_tag","embeddable":true,"href":"https:\/\/worklaser.pt\/index.php?rest_route=%2Fwp%2Fv2%2Fproduct_tag&post=8008"}],"curies":[{"name":"wp","href":"https:\/\/api.w.org\/{rel}","templated":true}]}}