{"id":7991,"date":"2020-06-29T00:03:41","date_gmt":"2020-06-29T00:03:41","guid":{"rendered":"https:\/\/worklaser.pt\/?post_type=product&#038;p=7991"},"modified":"2025-01-18T16:29:54","modified_gmt":"2025-01-18T16:29:54","slug":"convite-anjo","status":"publish","type":"product","link":"https:\/\/worklaser.pt\/?product=convite-anjo","title":{"rendered":"Convite Anjo"},"content":{"rendered":"","protected":false},"excerpt":{"rendered":"<p>Convite com envelope personalizado com nome da crian\u00e7a.<br \/>\nEnvelope em papel com brilho.<br \/>\nConvite interior em papel branco com ligeiro brilho 250gm.<\/p>\n<p><em>Convite tamb\u00e9m dispon\u00edvel em tons de azul beb\u00e9.<br \/>\n<\/em><br \/>\nAp\u00f3s valida\u00e7\u00e3o da encomenda (pagamento) receber\u00e1 a maquete digital do convite para confirma\u00e7\u00e3o.<\/p>\n<p>Tamanho: 14cmx14cm<\/p>\n<p><strong>M\u00ednimo compra 15 unidades <\/strong>( caso necessite de menos entre em contacto connosco).<\/p>\n<p>Tempo de entrega 15 dias \u00fateis<\/p>\n","protected":false},"featured_media":7992,"comment_status":"open","ping_status":"closed","template":"","meta":[],"product_cat":[49,86,149],"product_tag":[],"yoast_head":"<!-- This site is optimized with the Yoast SEO plugin v14.5 - https:\/\/yoast.com\/wordpress\/plugins\/seo\/ -->\n<title>Convite Anjo - WorkLaser<\/title>\n<meta name=\"robots\" content=\"index, follow\" \/>\n<meta name=\"googlebot\" content=\"index, follow, max-snippet:-1, max-image-preview:large, max-video-preview:-1\" \/>\n<meta name=\"bingbot\" content=\"index, follow, max-snippet:-1, max-image-preview:large, max-video-preview:-1\" \/>\n<link rel=\"canonical\" href=\"https:\/\/worklaser.pt\/?product=convite-anjo\" \/>\n<meta property=\"og:locale\" content=\"pt_PT\" \/>\n<meta property=\"og:type\" content=\"article\" \/>\n<meta property=\"og:title\" content=\"Convite Anjo - WorkLaser\" \/>\n<meta property=\"og:description\" content=\"Convite com envelope personalizado com nome da crian\u00e7a. Envelope em papel com brilho. Convite interior em papel branco com ligeiro brilho 250gm.  Convite tamb\u00e9m dispon\u00edvel em tons de azul beb\u00e9.  Ap\u00f3s valida\u00e7\u00e3o da encomenda (pagamento) receber\u00e1 a maquete digital do convite para confirma\u00e7\u00e3o.  Tamanho: 14cmx14cm  M\u00ednimo compra 15 unidades ( caso necessite de menos entre em contacto connosco).  Tempo de entrega 15 dias \u00fateis\" \/>\n<meta property=\"og:url\" content=\"https:\/\/worklaser.pt\/?product=convite-anjo\" \/>\n<meta property=\"og:site_name\" content=\"WorkLaser\" \/>\n<meta property=\"article:publisher\" content=\"https:\/\/www.facebook.com\/worklaser\" \/>\n<meta property=\"article:modified_time\" content=\"2025-01-18T16:29:54+00:00\" \/>\n<meta property=\"og:image\" content=\"https:\/\/worklaser.pt\/wp-content\/uploads\/2020\/06\/Convite-Anjo-foto-1.jpg\" \/>\n\t<meta property=\"og:image:width\" content=\"492\" \/>\n\t<meta property=\"og:image:height\" content=\"328\" \/>\n<meta property=\"fb:app_id\" content=\"275000290498322\" \/>\n<meta name=\"twitter:card\" content=\"summary_large_image\" \/>\n<script type=\"application\/ld+json\" class=\"yoast-schema-graph\">{\"@context\":\"https:\/\/schema.org\",\"@graph\":[{\"@type\":\"WebSite\",\"@id\":\"https:\/\/worklaser.pt\/#website\",\"url\":\"https:\/\/worklaser.pt\/\",\"name\":\"WorkLaser\",\"description\":\"Loja Online\",\"potentialAction\":[{\"@type\":\"SearchAction\",\"target\":\"https:\/\/worklaser.pt\/?s={search_term_string}\",\"query-input\":\"required name=search_term_string\"}],\"inLanguage\":\"pt-PT\"},{\"@type\":\"ImageObject\",\"@id\":\"https:\/\/worklaser.pt\/?product=convite-anjo#primaryimage\",\"inLanguage\":\"pt-PT\",\"url\":\"https:\/\/worklaser.pt\/wp-content\/uploads\/2020\/06\/Convite-Anjo-foto-1.jpg\",\"width\":492,\"height\":328},{\"@type\":\"WebPage\",\"@id\":\"https:\/\/worklaser.pt\/?product=convite-anjo#webpage\",\"url\":\"https:\/\/worklaser.pt\/?product=convite-anjo\",\"name\":\"Convite Anjo - WorkLaser\",\"isPartOf\":{\"@id\":\"https:\/\/worklaser.pt\/#website\"},\"primaryImageOfPage\":{\"@id\":\"https:\/\/worklaser.pt\/?product=convite-anjo#primaryimage\"},\"datePublished\":\"2020-06-29T00:03:41+00:00\",\"dateModified\":\"2025-01-18T16:29:54+00:00\",\"inLanguage\":\"pt-PT\",\"potentialAction\":[{\"@type\":\"ReadAction\",\"target\":[\"https:\/\/worklaser.pt\/?product=convite-anjo\"]}]}]}<\/script>\n<!-- \/ Yoast SEO plugin. -->","builder_content":"","_links":{"self":[{"href":"https:\/\/worklaser.pt\/index.php?rest_route=\/wp\/v2\/product\/7991"}],"collection":[{"href":"https:\/\/worklaser.pt\/index.php?rest_route=\/wp\/v2\/product"}],"about":[{"href":"https:\/\/worklaser.pt\/index.php?rest_route=\/wp\/v2\/types\/product"}],"replies":[{"embeddable":true,"href":"https:\/\/worklaser.pt\/index.php?rest_route=%2Fwp%2Fv2%2Fcomments&post=7991"}],"wp:featuredmedia":[{"embeddable":true,"href":"https:\/\/worklaser.pt\/index.php?rest_route=\/wp\/v2\/media\/7992"}],"wp:attachment":[{"href":"https:\/\/worklaser.pt\/index.php?rest_route=%2Fwp%2Fv2%2Fmedia&parent=7991"}],"wp:term":[{"taxonomy":"product_cat","embeddable":true,"href":"https:\/\/worklaser.pt\/index.php?rest_route=%2Fwp%2Fv2%2Fproduct_cat&post=7991"},{"taxonomy":"product_tag","embeddable":true,"href":"https:\/\/worklaser.pt\/index.php?rest_route=%2Fwp%2Fv2%2Fproduct_tag&post=7991"}],"curies":[{"name":"wp","href":"https:\/\/api.w.org\/{rel}","templated":true}]}}