{"id":7768,"date":"2020-06-26T14:19:07","date_gmt":"2020-06-26T14:19:07","guid":{"rendered":"https:\/\/worklaser.pt\/?post_type=product&#038;p=7768"},"modified":"2022-06-01T10:30:48","modified_gmt":"2022-06-01T10:30:48","slug":"nome-com-moldura","status":"publish","type":"product","link":"https:\/\/worklaser.pt\/?product=nome-com-moldura","title":{"rendered":"Nome com Moldura"},"content":{"rendered":"","protected":false},"excerpt":{"rendered":"<p>Tempo de fabrico: 15 dias \u00fateis<br \/>\nNome com moldura em mdf branco.<br \/>\nA moldura tem acr\u00edlico para prote\u00e7\u00e3o da fotografia.<br \/>\nDispon\u00edvel para fotografias de 10x15cm e de 15x20cm.<br \/>\nO nome com a moldura de 10x15cm tem 35cm de comprimento<br \/>\nO nome com a moldura de 15x20cm tem 50cm de comprimento<\/p>\n","protected":false},"featured_media":7771,"comment_status":"open","ping_status":"closed","template":"","meta":[],"product_cat":[53],"product_tag":[],"yoast_head":"<!-- This site is optimized with the Yoast SEO plugin v14.5 - https:\/\/yoast.com\/wordpress\/plugins\/seo\/ -->\n<title>Nome com Moldura - WorkLaser<\/title>\n<meta name=\"robots\" content=\"index, follow\" \/>\n<meta name=\"googlebot\" content=\"index, follow, max-snippet:-1, max-image-preview:large, max-video-preview:-1\" \/>\n<meta name=\"bingbot\" content=\"index, follow, max-snippet:-1, max-image-preview:large, max-video-preview:-1\" \/>\n<link rel=\"canonical\" href=\"https:\/\/worklaser.pt\/?product=nome-com-moldura\" \/>\n<meta property=\"og:locale\" content=\"pt_PT\" \/>\n<meta property=\"og:type\" content=\"article\" \/>\n<meta property=\"og:title\" content=\"Nome com Moldura - WorkLaser\" \/>\n<meta property=\"og:description\" content=\"Tempo de fabrico: 15 dias \u00fateis Nome com moldura em mdf branco. A moldura tem acr\u00edlico para prote\u00e7\u00e3o da fotografia. Dispon\u00edvel para fotografias de 10x15cm e de 15x20cm. O nome com a moldura de 10x15cm tem 35cm de comprimento O nome com a moldura de 15x20cm tem 50cm de comprimento\" \/>\n<meta property=\"og:url\" content=\"https:\/\/worklaser.pt\/?product=nome-com-moldura\" \/>\n<meta property=\"og:site_name\" content=\"WorkLaser\" \/>\n<meta property=\"article:publisher\" content=\"https:\/\/www.facebook.com\/worklaser\" \/>\n<meta property=\"article:modified_time\" content=\"2022-06-01T10:30:48+00:00\" \/>\n<meta property=\"og:image\" content=\"https:\/\/worklaser.pt\/wp-content\/uploads\/2020\/06\/Nome-com-moldura-foto-1.jpg\" \/>\n\t<meta property=\"og:image:width\" content=\"492\" \/>\n\t<meta property=\"og:image:height\" content=\"361\" \/>\n<meta property=\"fb:app_id\" content=\"275000290498322\" \/>\n<meta name=\"twitter:card\" content=\"summary_large_image\" \/>\n<script type=\"application\/ld+json\" class=\"yoast-schema-graph\">{\"@context\":\"https:\/\/schema.org\",\"@graph\":[{\"@type\":\"WebSite\",\"@id\":\"https:\/\/worklaser.pt\/#website\",\"url\":\"https:\/\/worklaser.pt\/\",\"name\":\"WorkLaser\",\"description\":\"Loja Online\",\"potentialAction\":[{\"@type\":\"SearchAction\",\"target\":\"https:\/\/worklaser.pt\/?s={search_term_string}\",\"query-input\":\"required name=search_term_string\"}],\"inLanguage\":\"pt-PT\"},{\"@type\":\"ImageObject\",\"@id\":\"https:\/\/worklaser.pt\/?product=nome-com-moldura#primaryimage\",\"inLanguage\":\"pt-PT\",\"url\":\"https:\/\/worklaser.pt\/wp-content\/uploads\/2020\/06\/Nome-com-moldura-foto-1.jpg\",\"width\":492,\"height\":361},{\"@type\":\"WebPage\",\"@id\":\"https:\/\/worklaser.pt\/?product=nome-com-moldura#webpage\",\"url\":\"https:\/\/worklaser.pt\/?product=nome-com-moldura\",\"name\":\"Nome com Moldura - WorkLaser\",\"isPartOf\":{\"@id\":\"https:\/\/worklaser.pt\/#website\"},\"primaryImageOfPage\":{\"@id\":\"https:\/\/worklaser.pt\/?product=nome-com-moldura#primaryimage\"},\"datePublished\":\"2020-06-26T14:19:07+00:00\",\"dateModified\":\"2022-06-01T10:30:48+00:00\",\"inLanguage\":\"pt-PT\",\"potentialAction\":[{\"@type\":\"ReadAction\",\"target\":[\"https:\/\/worklaser.pt\/?product=nome-com-moldura\"]}]}]}<\/script>\n<!-- \/ Yoast SEO plugin. -->","builder_content":"","_links":{"self":[{"href":"https:\/\/worklaser.pt\/index.php?rest_route=\/wp\/v2\/product\/7768"}],"collection":[{"href":"https:\/\/worklaser.pt\/index.php?rest_route=\/wp\/v2\/product"}],"about":[{"href":"https:\/\/worklaser.pt\/index.php?rest_route=\/wp\/v2\/types\/product"}],"replies":[{"embeddable":true,"href":"https:\/\/worklaser.pt\/index.php?rest_route=%2Fwp%2Fv2%2Fcomments&post=7768"}],"wp:featuredmedia":[{"embeddable":true,"href":"https:\/\/worklaser.pt\/index.php?rest_route=\/wp\/v2\/media\/7771"}],"wp:attachment":[{"href":"https:\/\/worklaser.pt\/index.php?rest_route=%2Fwp%2Fv2%2Fmedia&parent=7768"}],"wp:term":[{"taxonomy":"product_cat","embeddable":true,"href":"https:\/\/worklaser.pt\/index.php?rest_route=%2Fwp%2Fv2%2Fproduct_cat&post=7768"},{"taxonomy":"product_tag","embeddable":true,"href":"https:\/\/worklaser.pt\/index.php?rest_route=%2Fwp%2Fv2%2Fproduct_tag&post=7768"}],"curies":[{"name":"wp","href":"https:\/\/api.w.org\/{rel}","templated":true}]}}