{"id":7728,"date":"2020-06-26T09:55:04","date_gmt":"2020-06-26T09:55:04","guid":{"rendered":"https:\/\/worklaser.pt\/?post_type=product&#038;p=7728"},"modified":"2025-11-29T10:09:28","modified_gmt":"2025-11-29T10:09:28","slug":"letra-grande-com-nome","status":"publish","type":"product","link":"https:\/\/worklaser.pt\/?product=letra-grande-com-nome","title":{"rendered":"Letra grande com nome"},"content":{"rendered":"","protected":false},"excerpt":{"rendered":"<p>Tempo de fabrico: 15 dias \u00fateis<br \/>\nLetra grande e nome em madeira com pintura de alta qualidade.<br \/>\nPe\u00e7a ideal para pendurar na parede do quarto do seu filho.<br \/>\nA letra j\u00e1 inclui o aplique para colar na parede (n\u00e3o necessita de furar a parede).<br \/>\nTamanho da letra grande: 35cm de altura.<\/p>\n","protected":false},"featured_media":7730,"comment_status":"open","ping_status":"closed","template":"","meta":[],"product_cat":[53],"product_tag":[],"yoast_head":"<!-- This site is optimized with the Yoast SEO plugin v14.5 - https:\/\/yoast.com\/wordpress\/plugins\/seo\/ -->\n<title>Letra grande com nome - WorkLaser<\/title>\n<meta name=\"robots\" content=\"index, follow\" \/>\n<meta name=\"googlebot\" content=\"index, follow, max-snippet:-1, max-image-preview:large, max-video-preview:-1\" \/>\n<meta name=\"bingbot\" content=\"index, follow, max-snippet:-1, max-image-preview:large, max-video-preview:-1\" \/>\n<link rel=\"canonical\" href=\"https:\/\/worklaser.pt\/?product=letra-grande-com-nome\" \/>\n<meta property=\"og:locale\" content=\"pt_PT\" \/>\n<meta property=\"og:type\" content=\"article\" \/>\n<meta property=\"og:title\" content=\"Letra grande com nome - WorkLaser\" \/>\n<meta property=\"og:description\" content=\"Tempo de fabrico: 15 dias \u00fateis Letra grande e nome em madeira com pintura de alta qualidade. Pe\u00e7a ideal para pendurar na parede do quarto do seu filho. A letra j\u00e1 inclui o aplique para colar na parede (n\u00e3o necessita de furar a parede). Tamanho da letra grande: 35cm de altura.\" \/>\n<meta property=\"og:url\" content=\"https:\/\/worklaser.pt\/?product=letra-grande-com-nome\" \/>\n<meta property=\"og:site_name\" content=\"WorkLaser\" \/>\n<meta property=\"article:publisher\" content=\"https:\/\/www.facebook.com\/worklaser\" \/>\n<meta property=\"article:modified_time\" content=\"2025-11-29T10:09:28+00:00\" \/>\n<meta property=\"og:image\" content=\"https:\/\/worklaser.pt\/wp-content\/uploads\/2020\/06\/Letra-foto-1.jpg\" \/>\n\t<meta property=\"og:image:width\" content=\"492\" \/>\n\t<meta property=\"og:image:height\" content=\"369\" \/>\n<meta property=\"fb:app_id\" content=\"275000290498322\" \/>\n<meta name=\"twitter:card\" content=\"summary_large_image\" \/>\n<script type=\"application\/ld+json\" class=\"yoast-schema-graph\">{\"@context\":\"https:\/\/schema.org\",\"@graph\":[{\"@type\":\"WebSite\",\"@id\":\"https:\/\/worklaser.pt\/#website\",\"url\":\"https:\/\/worklaser.pt\/\",\"name\":\"WorkLaser\",\"description\":\"Loja Online\",\"potentialAction\":[{\"@type\":\"SearchAction\",\"target\":\"https:\/\/worklaser.pt\/?s={search_term_string}\",\"query-input\":\"required name=search_term_string\"}],\"inLanguage\":\"pt-PT\"},{\"@type\":\"ImageObject\",\"@id\":\"https:\/\/worklaser.pt\/?product=letra-grande-com-nome#primaryimage\",\"inLanguage\":\"pt-PT\",\"url\":\"https:\/\/worklaser.pt\/wp-content\/uploads\/2020\/06\/Letra-foto-1.jpg\",\"width\":492,\"height\":369},{\"@type\":\"WebPage\",\"@id\":\"https:\/\/worklaser.pt\/?product=letra-grande-com-nome#webpage\",\"url\":\"https:\/\/worklaser.pt\/?product=letra-grande-com-nome\",\"name\":\"Letra grande com nome - WorkLaser\",\"isPartOf\":{\"@id\":\"https:\/\/worklaser.pt\/#website\"},\"primaryImageOfPage\":{\"@id\":\"https:\/\/worklaser.pt\/?product=letra-grande-com-nome#primaryimage\"},\"datePublished\":\"2020-06-26T09:55:04+00:00\",\"dateModified\":\"2025-11-29T10:09:28+00:00\",\"inLanguage\":\"pt-PT\",\"potentialAction\":[{\"@type\":\"ReadAction\",\"target\":[\"https:\/\/worklaser.pt\/?product=letra-grande-com-nome\"]}]}]}<\/script>\n<!-- \/ Yoast SEO plugin. -->","builder_content":"","_links":{"self":[{"href":"https:\/\/worklaser.pt\/index.php?rest_route=\/wp\/v2\/product\/7728"}],"collection":[{"href":"https:\/\/worklaser.pt\/index.php?rest_route=\/wp\/v2\/product"}],"about":[{"href":"https:\/\/worklaser.pt\/index.php?rest_route=\/wp\/v2\/types\/product"}],"replies":[{"embeddable":true,"href":"https:\/\/worklaser.pt\/index.php?rest_route=%2Fwp%2Fv2%2Fcomments&post=7728"}],"wp:featuredmedia":[{"embeddable":true,"href":"https:\/\/worklaser.pt\/index.php?rest_route=\/wp\/v2\/media\/7730"}],"wp:attachment":[{"href":"https:\/\/worklaser.pt\/index.php?rest_route=%2Fwp%2Fv2%2Fmedia&parent=7728"}],"wp:term":[{"taxonomy":"product_cat","embeddable":true,"href":"https:\/\/worklaser.pt\/index.php?rest_route=%2Fwp%2Fv2%2Fproduct_cat&post=7728"},{"taxonomy":"product_tag","embeddable":true,"href":"https:\/\/worklaser.pt\/index.php?rest_route=%2Fwp%2Fv2%2Fproduct_tag&post=7728"}],"curies":[{"name":"wp","href":"https:\/\/api.w.org\/{rel}","templated":true}]}}