{"id":7714,"date":"2020-06-26T09:22:23","date_gmt":"2020-06-26T09:22:23","guid":{"rendered":"https:\/\/worklaser.pt\/?post_type=product&#038;p=7714"},"modified":"2025-12-15T18:48:28","modified_gmt":"2025-12-15T18:48:28","slug":"moldura-1o-ano","status":"publish","type":"product","link":"https:\/\/worklaser.pt\/?product=moldura-1o-ano","title":{"rendered":"Moldura \u201c1\u00ba Ano\u201d"},"content":{"rendered":"","protected":false},"excerpt":{"rendered":"<p>Tempo de fabrico: 15 dias \u00fateis<br \/>\nQuadro para colocar 12 fotografias correspondente a cada m\u00eas do seu beb\u00e9.<br \/>\nPe\u00e7a personalizada com os dados de nascimento.<br \/>\nPode escolher o desenho do centro e a cor.<\/p>\n<p>Material : MDF Branco<br \/>\nDois tamanhos dispon\u00edveis: 40x28cm e 50x34cm<br \/>\nTamanho das fotografias: 8x6cm (no quadro de 40x28cm) e 10x7cm (no quadro de 50x34cm)<\/p>\n<p>A zona das fotografias tem acr\u00edlico para proteger a foto.<\/p>\n","protected":false},"featured_media":7718,"comment_status":"open","ping_status":"closed","template":"","meta":[],"product_cat":[53],"product_tag":[],"yoast_head":"<!-- This site is optimized with the Yoast SEO plugin v14.5 - https:\/\/yoast.com\/wordpress\/plugins\/seo\/ -->\n<title>Moldura \u201c1\u00ba Ano\u201d - WorkLaser<\/title>\n<meta name=\"robots\" content=\"index, follow\" \/>\n<meta name=\"googlebot\" content=\"index, follow, max-snippet:-1, max-image-preview:large, max-video-preview:-1\" \/>\n<meta name=\"bingbot\" content=\"index, follow, max-snippet:-1, max-image-preview:large, max-video-preview:-1\" \/>\n<link rel=\"canonical\" href=\"https:\/\/worklaser.pt\/?product=moldura-1o-ano\" \/>\n<meta property=\"og:locale\" content=\"pt_PT\" \/>\n<meta property=\"og:type\" content=\"article\" \/>\n<meta property=\"og:title\" content=\"Moldura \u201c1\u00ba Ano\u201d - WorkLaser\" \/>\n<meta property=\"og:description\" content=\"Tempo de fabrico: 15 dias \u00fateis Quadro para colocar 12 fotografias correspondente a cada m\u00eas do seu beb\u00e9. Pe\u00e7a personalizada com os dados de nascimento. Pode escolher o desenho do centro e a cor.  Material : MDF Branco Dois tamanhos dispon\u00edveis: 40x28cm e 50x34cm Tamanho das fotografias: 8x6cm (no quadro de 40x28cm) e 10x7cm (no quadro de 50x34cm)  A zona das fotografias tem acr\u00edlico para proteger a foto.\" \/>\n<meta property=\"og:url\" content=\"https:\/\/worklaser.pt\/?product=moldura-1o-ano\" \/>\n<meta property=\"og:site_name\" content=\"WorkLaser\" \/>\n<meta property=\"article:publisher\" content=\"https:\/\/www.facebook.com\/worklaser\" \/>\n<meta property=\"article:modified_time\" content=\"2025-12-15T18:48:28+00:00\" \/>\n<meta property=\"og:image\" content=\"https:\/\/worklaser.pt\/wp-content\/uploads\/2020\/06\/Moldura-1\u00ba-Ano-foto-1.jpg\" \/>\n\t<meta property=\"og:image:width\" content=\"492\" \/>\n\t<meta property=\"og:image:height\" content=\"369\" \/>\n<meta property=\"fb:app_id\" content=\"275000290498322\" \/>\n<meta name=\"twitter:card\" content=\"summary_large_image\" \/>\n<script type=\"application\/ld+json\" class=\"yoast-schema-graph\">{\"@context\":\"https:\/\/schema.org\",\"@graph\":[{\"@type\":\"WebSite\",\"@id\":\"https:\/\/worklaser.pt\/#website\",\"url\":\"https:\/\/worklaser.pt\/\",\"name\":\"WorkLaser\",\"description\":\"Loja Online\",\"potentialAction\":[{\"@type\":\"SearchAction\",\"target\":\"https:\/\/worklaser.pt\/?s={search_term_string}\",\"query-input\":\"required name=search_term_string\"}],\"inLanguage\":\"pt-PT\"},{\"@type\":\"ImageObject\",\"@id\":\"https:\/\/worklaser.pt\/?product=moldura-1o-ano#primaryimage\",\"inLanguage\":\"pt-PT\",\"url\":\"https:\/\/worklaser.pt\/wp-content\/uploads\/2020\/06\/Moldura-1\\u00ba-Ano-foto-1.jpg\",\"width\":492,\"height\":369},{\"@type\":\"WebPage\",\"@id\":\"https:\/\/worklaser.pt\/?product=moldura-1o-ano#webpage\",\"url\":\"https:\/\/worklaser.pt\/?product=moldura-1o-ano\",\"name\":\"Moldura \\u201c1\\u00ba Ano\\u201d - WorkLaser\",\"isPartOf\":{\"@id\":\"https:\/\/worklaser.pt\/#website\"},\"primaryImageOfPage\":{\"@id\":\"https:\/\/worklaser.pt\/?product=moldura-1o-ano#primaryimage\"},\"datePublished\":\"2020-06-26T09:22:23+00:00\",\"dateModified\":\"2025-12-15T18:48:28+00:00\",\"inLanguage\":\"pt-PT\",\"potentialAction\":[{\"@type\":\"ReadAction\",\"target\":[\"https:\/\/worklaser.pt\/?product=moldura-1o-ano\"]}]}]}<\/script>\n<!-- \/ Yoast SEO plugin. -->","builder_content":"","_links":{"self":[{"href":"https:\/\/worklaser.pt\/index.php?rest_route=\/wp\/v2\/product\/7714"}],"collection":[{"href":"https:\/\/worklaser.pt\/index.php?rest_route=\/wp\/v2\/product"}],"about":[{"href":"https:\/\/worklaser.pt\/index.php?rest_route=\/wp\/v2\/types\/product"}],"replies":[{"embeddable":true,"href":"https:\/\/worklaser.pt\/index.php?rest_route=%2Fwp%2Fv2%2Fcomments&post=7714"}],"wp:featuredmedia":[{"embeddable":true,"href":"https:\/\/worklaser.pt\/index.php?rest_route=\/wp\/v2\/media\/7718"}],"wp:attachment":[{"href":"https:\/\/worklaser.pt\/index.php?rest_route=%2Fwp%2Fv2%2Fmedia&parent=7714"}],"wp:term":[{"taxonomy":"product_cat","embeddable":true,"href":"https:\/\/worklaser.pt\/index.php?rest_route=%2Fwp%2Fv2%2Fproduct_cat&post=7714"},{"taxonomy":"product_tag","embeddable":true,"href":"https:\/\/worklaser.pt\/index.php?rest_route=%2Fwp%2Fv2%2Fproduct_tag&post=7714"}],"curies":[{"name":"wp","href":"https:\/\/api.w.org\/{rel}","templated":true}]}}