{"id":7080,"date":"2020-03-05T13:25:56","date_gmt":"2020-03-05T13:25:56","guid":{"rendered":"https:\/\/worklaser.pt\/?post_type=product&#038;p=7080"},"modified":"2023-03-17T16:40:37","modified_gmt":"2023-03-17T16:40:37","slug":"iman-biberao-2","status":"publish","type":"product","link":"https:\/\/worklaser.pt\/?product=iman-biberao-2","title":{"rendered":"\u00cdman Biber\u00e3o"},"content":{"rendered":"","protected":false},"excerpt":{"rendered":"<p>\u00cdman biber\u00e3o em madeira de faia com personaliza\u00e7\u00e3o de nome e data.<br \/>\nTamanho da pe\u00e7a: 8,5cmx4cm<br \/>\nEncomenda m\u00ednima de 10 pe\u00e7as<\/p>\n<p>Tempo de entrega: 15-20 dias \u00fateis<\/p>\n<p>Pre\u00e7os:<br \/>\n10 a 30 und: 2,20\u20ac por unidade<br \/>\n30 a 59 und: 1,70\u20ac por unidade<br \/>\n60 a 99 und: 1,60\u20ac por unidade<br \/>\n100 ou mais und: 1,50\u20ac por unidade<\/p>\n<p>Saquinho de organza: acresce 0,30\u20ac a cada unidade<\/p>\n","protected":false},"featured_media":7084,"comment_status":"open","ping_status":"closed","template":"","meta":[],"product_cat":[15],"product_tag":[],"yoast_head":"<!-- This site is optimized with the Yoast SEO plugin v14.5 - https:\/\/yoast.com\/wordpress\/plugins\/seo\/ -->\n<title>\u00cdman Biber\u00e3o - WorkLaser<\/title>\n<meta name=\"robots\" content=\"index, follow\" \/>\n<meta name=\"googlebot\" content=\"index, follow, max-snippet:-1, max-image-preview:large, max-video-preview:-1\" \/>\n<meta name=\"bingbot\" content=\"index, follow, max-snippet:-1, max-image-preview:large, max-video-preview:-1\" \/>\n<link rel=\"canonical\" href=\"https:\/\/worklaser.pt\/?product=iman-biberao-2\" \/>\n<meta property=\"og:locale\" content=\"pt_PT\" \/>\n<meta property=\"og:type\" content=\"article\" \/>\n<meta property=\"og:title\" content=\"\u00cdman Biber\u00e3o - WorkLaser\" \/>\n<meta property=\"og:description\" content=\"\u00cdman biber\u00e3o em madeira de faia com personaliza\u00e7\u00e3o de nome e data. Tamanho da pe\u00e7a: 8,5cmx4cm Encomenda m\u00ednima de 10 pe\u00e7as  Tempo de entrega: 15-20 dias \u00fateis  Pre\u00e7os: 10 a 30 und: 2,20\u20ac por unidade 30 a 59 und: 1,70\u20ac por unidade 60 a 99 und: 1,60\u20ac por unidade 100 ou mais und: 1,50\u20ac por unidade  Saquinho de organza: acresce 0,30\u20ac a cada unidade\" \/>\n<meta property=\"og:url\" content=\"https:\/\/worklaser.pt\/?product=iman-biberao-2\" \/>\n<meta property=\"og:site_name\" content=\"WorkLaser\" \/>\n<meta property=\"article:publisher\" content=\"https:\/\/www.facebook.com\/worklaser\" \/>\n<meta property=\"article:modified_time\" content=\"2023-03-17T16:40:37+00:00\" \/>\n<meta property=\"og:image\" content=\"https:\/\/worklaser.pt\/wp-content\/uploads\/2020\/03\/Iman-biber\u00e3o-1.jpg\" \/>\n\t<meta property=\"og:image:width\" content=\"492\" \/>\n\t<meta property=\"og:image:height\" content=\"384\" \/>\n<meta property=\"fb:app_id\" content=\"275000290498322\" \/>\n<meta name=\"twitter:card\" content=\"summary_large_image\" \/>\n<script type=\"application\/ld+json\" class=\"yoast-schema-graph\">{\"@context\":\"https:\/\/schema.org\",\"@graph\":[{\"@type\":\"WebSite\",\"@id\":\"https:\/\/worklaser.pt\/#website\",\"url\":\"https:\/\/worklaser.pt\/\",\"name\":\"WorkLaser\",\"description\":\"Loja Online\",\"potentialAction\":[{\"@type\":\"SearchAction\",\"target\":\"https:\/\/worklaser.pt\/?s={search_term_string}\",\"query-input\":\"required name=search_term_string\"}],\"inLanguage\":\"pt-PT\"},{\"@type\":\"ImageObject\",\"@id\":\"https:\/\/worklaser.pt\/?product=iman-biberao-2#primaryimage\",\"inLanguage\":\"pt-PT\",\"url\":\"https:\/\/worklaser.pt\/wp-content\/uploads\/2020\/03\/Iman-biber\\u00e3o-1.jpg\",\"width\":492,\"height\":384},{\"@type\":\"WebPage\",\"@id\":\"https:\/\/worklaser.pt\/?product=iman-biberao-2#webpage\",\"url\":\"https:\/\/worklaser.pt\/?product=iman-biberao-2\",\"name\":\"\\u00cdman Biber\\u00e3o - WorkLaser\",\"isPartOf\":{\"@id\":\"https:\/\/worklaser.pt\/#website\"},\"primaryImageOfPage\":{\"@id\":\"https:\/\/worklaser.pt\/?product=iman-biberao-2#primaryimage\"},\"datePublished\":\"2020-03-05T13:25:56+00:00\",\"dateModified\":\"2023-03-17T16:40:37+00:00\",\"inLanguage\":\"pt-PT\",\"potentialAction\":[{\"@type\":\"ReadAction\",\"target\":[\"https:\/\/worklaser.pt\/?product=iman-biberao-2\"]}]}]}<\/script>\n<!-- \/ Yoast SEO plugin. -->","builder_content":"","_links":{"self":[{"href":"https:\/\/worklaser.pt\/index.php?rest_route=\/wp\/v2\/product\/7080"}],"collection":[{"href":"https:\/\/worklaser.pt\/index.php?rest_route=\/wp\/v2\/product"}],"about":[{"href":"https:\/\/worklaser.pt\/index.php?rest_route=\/wp\/v2\/types\/product"}],"replies":[{"embeddable":true,"href":"https:\/\/worklaser.pt\/index.php?rest_route=%2Fwp%2Fv2%2Fcomments&post=7080"}],"wp:featuredmedia":[{"embeddable":true,"href":"https:\/\/worklaser.pt\/index.php?rest_route=\/wp\/v2\/media\/7084"}],"wp:attachment":[{"href":"https:\/\/worklaser.pt\/index.php?rest_route=%2Fwp%2Fv2%2Fmedia&parent=7080"}],"wp:term":[{"taxonomy":"product_cat","embeddable":true,"href":"https:\/\/worklaser.pt\/index.php?rest_route=%2Fwp%2Fv2%2Fproduct_cat&post=7080"},{"taxonomy":"product_tag","embeddable":true,"href":"https:\/\/worklaser.pt\/index.php?rest_route=%2Fwp%2Fv2%2Fproduct_tag&post=7080"}],"curies":[{"name":"wp","href":"https:\/\/api.w.org\/{rel}","templated":true}]}}