{"id":7011,"date":"2020-03-05T11:33:29","date_gmt":"2020-03-05T11:33:29","guid":{"rendered":"https:\/\/worklaser.pt\/?post_type=product&#038;p=7011"},"modified":"2025-01-15T18:51:45","modified_gmt":"2025-01-15T18:51:45","slug":"iman-balao-com-foto","status":"publish","type":"product","link":"https:\/\/worklaser.pt\/?product=iman-balao-com-foto","title":{"rendered":"\u00cdman Bal\u00e3o com foto"},"content":{"rendered":"","protected":false},"excerpt":{"rendered":"<p>\u00cdman bal\u00e3o em mdf branco com grava\u00e7\u00e3o a laser de uma fotografia e personaliza\u00e7\u00e3o de nome e data.<br \/>\nA fotografia nunca ficar\u00e1 a cores, fica sempre igual ao exemplo.<br \/>\nTamanho da pe\u00e7a: 8cmx5,8cm<br \/>\nDever\u00e1 anexar a fotografia ao finalizar a compra.<\/p>\n<p><strong>M\u00ednimo compra 15 unidades\u00a0<\/strong>( caso necessite de menos entre em contacto connosco).<br \/>\nOp\u00e7\u00e3o de acrescentar saquinho de organza.<\/p>\n<p>Tempo de entrega 15 dias \u00fateis<\/p>\n","protected":false},"featured_media":7015,"comment_status":"open","ping_status":"closed","template":"","meta":[],"product_cat":[49,88,141],"product_tag":[],"yoast_head":"<!-- This site is optimized with the Yoast SEO plugin v14.5 - https:\/\/yoast.com\/wordpress\/plugins\/seo\/ -->\n<title>\u00cdman Bal\u00e3o com foto - WorkLaser<\/title>\n<meta name=\"robots\" content=\"index, follow\" \/>\n<meta name=\"googlebot\" content=\"index, follow, max-snippet:-1, max-image-preview:large, max-video-preview:-1\" \/>\n<meta name=\"bingbot\" content=\"index, follow, max-snippet:-1, max-image-preview:large, max-video-preview:-1\" \/>\n<link rel=\"canonical\" href=\"https:\/\/worklaser.pt\/?product=iman-balao-com-foto\" \/>\n<meta property=\"og:locale\" content=\"pt_PT\" \/>\n<meta property=\"og:type\" content=\"article\" \/>\n<meta property=\"og:title\" content=\"\u00cdman Bal\u00e3o com foto - WorkLaser\" \/>\n<meta property=\"og:description\" content=\"\u00cdman bal\u00e3o em mdf branco com grava\u00e7\u00e3o a laser de uma fotografia e personaliza\u00e7\u00e3o de nome e data. A fotografia nunca ficar\u00e1 a cores, fica sempre igual ao exemplo. Tamanho da pe\u00e7a: 8cmx5,8cm Dever\u00e1 anexar a fotografia ao finalizar a compra.  M\u00ednimo compra 15 unidades\u00a0( caso necessite de menos entre em contacto connosco). Op\u00e7\u00e3o de acrescentar saquinho de organza.  Tempo de entrega 15 dias \u00fateis\" \/>\n<meta property=\"og:url\" content=\"https:\/\/worklaser.pt\/?product=iman-balao-com-foto\" \/>\n<meta property=\"og:site_name\" content=\"WorkLaser\" \/>\n<meta property=\"article:publisher\" content=\"https:\/\/www.facebook.com\/worklaser\" \/>\n<meta property=\"article:modified_time\" content=\"2025-01-15T18:51:45+00:00\" \/>\n<meta property=\"og:image\" content=\"https:\/\/worklaser.pt\/wp-content\/uploads\/2020\/03\/Iman-bal\u00e3o-com-foto.jpg\" \/>\n\t<meta property=\"og:image:width\" content=\"492\" \/>\n\t<meta property=\"og:image:height\" content=\"384\" \/>\n<meta property=\"fb:app_id\" content=\"275000290498322\" \/>\n<meta name=\"twitter:card\" content=\"summary_large_image\" \/>\n<script type=\"application\/ld+json\" class=\"yoast-schema-graph\">{\"@context\":\"https:\/\/schema.org\",\"@graph\":[{\"@type\":\"WebSite\",\"@id\":\"https:\/\/worklaser.pt\/#website\",\"url\":\"https:\/\/worklaser.pt\/\",\"name\":\"WorkLaser\",\"description\":\"Loja Online\",\"potentialAction\":[{\"@type\":\"SearchAction\",\"target\":\"https:\/\/worklaser.pt\/?s={search_term_string}\",\"query-input\":\"required name=search_term_string\"}],\"inLanguage\":\"pt-PT\"},{\"@type\":\"ImageObject\",\"@id\":\"https:\/\/worklaser.pt\/?product=iman-balao-com-foto#primaryimage\",\"inLanguage\":\"pt-PT\",\"url\":\"https:\/\/worklaser.pt\/wp-content\/uploads\/2020\/03\/Iman-bal\\u00e3o-com-foto.jpg\",\"width\":492,\"height\":384},{\"@type\":\"WebPage\",\"@id\":\"https:\/\/worklaser.pt\/?product=iman-balao-com-foto#webpage\",\"url\":\"https:\/\/worklaser.pt\/?product=iman-balao-com-foto\",\"name\":\"\\u00cdman Bal\\u00e3o com foto - WorkLaser\",\"isPartOf\":{\"@id\":\"https:\/\/worklaser.pt\/#website\"},\"primaryImageOfPage\":{\"@id\":\"https:\/\/worklaser.pt\/?product=iman-balao-com-foto#primaryimage\"},\"datePublished\":\"2020-03-05T11:33:29+00:00\",\"dateModified\":\"2025-01-15T18:51:45+00:00\",\"inLanguage\":\"pt-PT\",\"potentialAction\":[{\"@type\":\"ReadAction\",\"target\":[\"https:\/\/worklaser.pt\/?product=iman-balao-com-foto\"]}]}]}<\/script>\n<!-- \/ Yoast SEO plugin. -->","builder_content":"","_links":{"self":[{"href":"https:\/\/worklaser.pt\/index.php?rest_route=\/wp\/v2\/product\/7011"}],"collection":[{"href":"https:\/\/worklaser.pt\/index.php?rest_route=\/wp\/v2\/product"}],"about":[{"href":"https:\/\/worklaser.pt\/index.php?rest_route=\/wp\/v2\/types\/product"}],"replies":[{"embeddable":true,"href":"https:\/\/worklaser.pt\/index.php?rest_route=%2Fwp%2Fv2%2Fcomments&post=7011"}],"wp:featuredmedia":[{"embeddable":true,"href":"https:\/\/worklaser.pt\/index.php?rest_route=\/wp\/v2\/media\/7015"}],"wp:attachment":[{"href":"https:\/\/worklaser.pt\/index.php?rest_route=%2Fwp%2Fv2%2Fmedia&parent=7011"}],"wp:term":[{"taxonomy":"product_cat","embeddable":true,"href":"https:\/\/worklaser.pt\/index.php?rest_route=%2Fwp%2Fv2%2Fproduct_cat&post=7011"},{"taxonomy":"product_tag","embeddable":true,"href":"https:\/\/worklaser.pt\/index.php?rest_route=%2Fwp%2Fv2%2Fproduct_tag&post=7011"}],"curies":[{"name":"wp","href":"https:\/\/api.w.org\/{rel}","templated":true}]}}