{"id":6604,"date":"2020-02-28T14:38:41","date_gmt":"2020-02-28T14:38:41","guid":{"rendered":"https:\/\/worklaser.pt\/?post_type=product&#038;p=6604"},"modified":"2025-01-15T19:02:38","modified_gmt":"2025-01-15T19:02:38","slug":"iman-anjinha-na-nuvem","status":"publish","type":"product","link":"https:\/\/worklaser.pt\/?product=iman-anjinha-na-nuvem","title":{"rendered":"\u00cdman Anjinha na Nuvem"},"content":{"rendered":"","protected":false},"excerpt":{"rendered":"<p>\u00cdman anjinha em mdf branco com personaliza\u00e7\u00e3o de nome e data.<br \/>\nTamanho da pe\u00e7a: 7cmx6,5cm<\/p>\n<p><strong>M\u00ednimo compra 15 unidades\u00a0<\/strong>( caso necessite de menos entre em contacto connosco).<br \/>\nOp\u00e7\u00e3o de acrescentar saquinho de organza.<\/p>\n<p>Tempo de entrega 15 dias \u00fateis<\/p>\n","protected":false},"featured_media":6608,"comment_status":"open","ping_status":"closed","template":"","meta":[],"product_cat":[49,88,141],"product_tag":[],"yoast_head":"<!-- This site is optimized with the Yoast SEO plugin v14.5 - https:\/\/yoast.com\/wordpress\/plugins\/seo\/ -->\n<title>\u00cdman Anjinha na Nuvem - WorkLaser<\/title>\n<meta name=\"robots\" content=\"index, follow\" \/>\n<meta name=\"googlebot\" content=\"index, follow, max-snippet:-1, max-image-preview:large, max-video-preview:-1\" \/>\n<meta name=\"bingbot\" content=\"index, follow, max-snippet:-1, max-image-preview:large, max-video-preview:-1\" \/>\n<link rel=\"canonical\" href=\"https:\/\/worklaser.pt\/?product=iman-anjinha-na-nuvem\" \/>\n<meta property=\"og:locale\" content=\"pt_PT\" \/>\n<meta property=\"og:type\" content=\"article\" \/>\n<meta property=\"og:title\" content=\"\u00cdman Anjinha na Nuvem - WorkLaser\" \/>\n<meta property=\"og:description\" content=\"\u00cdman anjinha em mdf branco com personaliza\u00e7\u00e3o de nome e data. Tamanho da pe\u00e7a: 7cmx6,5cm  M\u00ednimo compra 15 unidades\u00a0( caso necessite de menos entre em contacto connosco). Op\u00e7\u00e3o de acrescentar saquinho de organza.  Tempo de entrega 15 dias \u00fateis\" \/>\n<meta property=\"og:url\" content=\"https:\/\/worklaser.pt\/?product=iman-anjinha-na-nuvem\" \/>\n<meta property=\"og:site_name\" content=\"WorkLaser\" \/>\n<meta property=\"article:publisher\" content=\"https:\/\/www.facebook.com\/worklaser\" \/>\n<meta property=\"article:modified_time\" content=\"2025-01-15T19:02:38+00:00\" \/>\n<meta property=\"og:image\" content=\"https:\/\/worklaser.pt\/wp-content\/uploads\/2020\/02\/Iman-Anjinha-na-Nuvem.jpg\" \/>\n\t<meta property=\"og:image:width\" content=\"492\" \/>\n\t<meta property=\"og:image:height\" content=\"384\" \/>\n<meta property=\"fb:app_id\" content=\"275000290498322\" \/>\n<meta name=\"twitter:card\" content=\"summary_large_image\" \/>\n<script type=\"application\/ld+json\" class=\"yoast-schema-graph\">{\"@context\":\"https:\/\/schema.org\",\"@graph\":[{\"@type\":\"WebSite\",\"@id\":\"https:\/\/worklaser.pt\/#website\",\"url\":\"https:\/\/worklaser.pt\/\",\"name\":\"WorkLaser\",\"description\":\"Loja Online\",\"potentialAction\":[{\"@type\":\"SearchAction\",\"target\":\"https:\/\/worklaser.pt\/?s={search_term_string}\",\"query-input\":\"required name=search_term_string\"}],\"inLanguage\":\"pt-PT\"},{\"@type\":\"ImageObject\",\"@id\":\"https:\/\/worklaser.pt\/?product=iman-anjinha-na-nuvem#primaryimage\",\"inLanguage\":\"pt-PT\",\"url\":\"https:\/\/worklaser.pt\/wp-content\/uploads\/2020\/02\/Iman-Anjinha-na-Nuvem.jpg\",\"width\":492,\"height\":384},{\"@type\":\"WebPage\",\"@id\":\"https:\/\/worklaser.pt\/?product=iman-anjinha-na-nuvem#webpage\",\"url\":\"https:\/\/worklaser.pt\/?product=iman-anjinha-na-nuvem\",\"name\":\"\\u00cdman Anjinha na Nuvem - WorkLaser\",\"isPartOf\":{\"@id\":\"https:\/\/worklaser.pt\/#website\"},\"primaryImageOfPage\":{\"@id\":\"https:\/\/worklaser.pt\/?product=iman-anjinha-na-nuvem#primaryimage\"},\"datePublished\":\"2020-02-28T14:38:41+00:00\",\"dateModified\":\"2025-01-15T19:02:38+00:00\",\"inLanguage\":\"pt-PT\",\"potentialAction\":[{\"@type\":\"ReadAction\",\"target\":[\"https:\/\/worklaser.pt\/?product=iman-anjinha-na-nuvem\"]}]}]}<\/script>\n<!-- \/ Yoast SEO plugin. -->","builder_content":"","_links":{"self":[{"href":"https:\/\/worklaser.pt\/index.php?rest_route=\/wp\/v2\/product\/6604"}],"collection":[{"href":"https:\/\/worklaser.pt\/index.php?rest_route=\/wp\/v2\/product"}],"about":[{"href":"https:\/\/worklaser.pt\/index.php?rest_route=\/wp\/v2\/types\/product"}],"replies":[{"embeddable":true,"href":"https:\/\/worklaser.pt\/index.php?rest_route=%2Fwp%2Fv2%2Fcomments&post=6604"}],"wp:featuredmedia":[{"embeddable":true,"href":"https:\/\/worklaser.pt\/index.php?rest_route=\/wp\/v2\/media\/6608"}],"wp:attachment":[{"href":"https:\/\/worklaser.pt\/index.php?rest_route=%2Fwp%2Fv2%2Fmedia&parent=6604"}],"wp:term":[{"taxonomy":"product_cat","embeddable":true,"href":"https:\/\/worklaser.pt\/index.php?rest_route=%2Fwp%2Fv2%2Fproduct_cat&post=6604"},{"taxonomy":"product_tag","embeddable":true,"href":"https:\/\/worklaser.pt\/index.php?rest_route=%2Fwp%2Fv2%2Fproduct_tag&post=6604"}],"curies":[{"name":"wp","href":"https:\/\/api.w.org\/{rel}","templated":true}]}}