{"id":6366,"date":"2020-02-24T14:40:51","date_gmt":"2020-02-24T14:40:51","guid":{"rendered":"https:\/\/worklaser.pt\/?post_type=product&#038;p=6366"},"modified":"2024-02-23T09:32:17","modified_gmt":"2024-02-23T09:32:17","slug":"moldura-pai-13","status":"publish","type":"product","link":"https:\/\/worklaser.pt\/?product=moldura-pai-13","title":{"rendered":"Moldura Pai 13"},"content":{"rendered":"","protected":false},"excerpt":{"rendered":"<p>Tempo de entrega: 10 dias \u00fateis<\/p>\n<p>Moldura em mdf branco com personaliza\u00e7\u00e3o de nomes.<br \/>\nTem acr\u00edlico para prote\u00e7\u00e3o da fotografia.<br \/>\nN\u00e3o inclui fotografia.<br \/>\nMoldura para fotografia de 10&#215;7,5cm<br \/>\nTamanho da moldura: 21cmx16cm<\/p>\n","protected":false},"featured_media":6367,"comment_status":"open","ping_status":"closed","template":"","meta":[],"product_cat":[114],"product_tag":[],"yoast_head":"<!-- This site is optimized with the Yoast SEO plugin v14.5 - https:\/\/yoast.com\/wordpress\/plugins\/seo\/ -->\n<title>Moldura Pai 13 - WorkLaser<\/title>\n<meta name=\"robots\" content=\"index, follow\" \/>\n<meta name=\"googlebot\" content=\"index, follow, max-snippet:-1, max-image-preview:large, max-video-preview:-1\" \/>\n<meta name=\"bingbot\" content=\"index, follow, max-snippet:-1, max-image-preview:large, max-video-preview:-1\" \/>\n<link rel=\"canonical\" href=\"https:\/\/worklaser.pt\/?product=moldura-pai-13\" \/>\n<meta property=\"og:locale\" content=\"pt_PT\" \/>\n<meta property=\"og:type\" content=\"article\" \/>\n<meta property=\"og:title\" content=\"Moldura Pai 13 - WorkLaser\" \/>\n<meta property=\"og:description\" content=\"Tempo de entrega: 10 dias \u00fateis  Moldura em mdf branco com personaliza\u00e7\u00e3o de nomes. Tem acr\u00edlico para prote\u00e7\u00e3o da fotografia. N\u00e3o inclui fotografia. Moldura para fotografia de 10x7,5cm Tamanho da moldura: 21cmx16cm\" \/>\n<meta property=\"og:url\" content=\"https:\/\/worklaser.pt\/?product=moldura-pai-13\" \/>\n<meta property=\"og:site_name\" content=\"WorkLaser\" \/>\n<meta property=\"article:publisher\" content=\"https:\/\/www.facebook.com\/worklaser\" \/>\n<meta property=\"article:modified_time\" content=\"2024-02-23T09:32:17+00:00\" \/>\n<meta property=\"og:image\" content=\"https:\/\/worklaser.pt\/wp-content\/uploads\/2020\/02\/moldura-pai-13-foto-1.jpg\" \/>\n\t<meta property=\"og:image:width\" content=\"492\" \/>\n\t<meta property=\"og:image:height\" content=\"384\" \/>\n<meta property=\"fb:app_id\" content=\"275000290498322\" \/>\n<meta name=\"twitter:card\" content=\"summary_large_image\" \/>\n<script type=\"application\/ld+json\" class=\"yoast-schema-graph\">{\"@context\":\"https:\/\/schema.org\",\"@graph\":[{\"@type\":\"WebSite\",\"@id\":\"https:\/\/worklaser.pt\/#website\",\"url\":\"https:\/\/worklaser.pt\/\",\"name\":\"WorkLaser\",\"description\":\"Loja Online\",\"potentialAction\":[{\"@type\":\"SearchAction\",\"target\":\"https:\/\/worklaser.pt\/?s={search_term_string}\",\"query-input\":\"required name=search_term_string\"}],\"inLanguage\":\"pt-PT\"},{\"@type\":\"ImageObject\",\"@id\":\"https:\/\/worklaser.pt\/?product=moldura-pai-13#primaryimage\",\"inLanguage\":\"pt-PT\",\"url\":\"https:\/\/worklaser.pt\/wp-content\/uploads\/2020\/02\/moldura-pai-13-foto-1.jpg\",\"width\":492,\"height\":384},{\"@type\":\"WebPage\",\"@id\":\"https:\/\/worklaser.pt\/?product=moldura-pai-13#webpage\",\"url\":\"https:\/\/worklaser.pt\/?product=moldura-pai-13\",\"name\":\"Moldura Pai 13 - WorkLaser\",\"isPartOf\":{\"@id\":\"https:\/\/worklaser.pt\/#website\"},\"primaryImageOfPage\":{\"@id\":\"https:\/\/worklaser.pt\/?product=moldura-pai-13#primaryimage\"},\"datePublished\":\"2020-02-24T14:40:51+00:00\",\"dateModified\":\"2024-02-23T09:32:17+00:00\",\"inLanguage\":\"pt-PT\",\"potentialAction\":[{\"@type\":\"ReadAction\",\"target\":[\"https:\/\/worklaser.pt\/?product=moldura-pai-13\"]}]}]}<\/script>\n<!-- \/ Yoast SEO plugin. -->","builder_content":"","_links":{"self":[{"href":"https:\/\/worklaser.pt\/index.php?rest_route=\/wp\/v2\/product\/6366"}],"collection":[{"href":"https:\/\/worklaser.pt\/index.php?rest_route=\/wp\/v2\/product"}],"about":[{"href":"https:\/\/worklaser.pt\/index.php?rest_route=\/wp\/v2\/types\/product"}],"replies":[{"embeddable":true,"href":"https:\/\/worklaser.pt\/index.php?rest_route=%2Fwp%2Fv2%2Fcomments&post=6366"}],"wp:featuredmedia":[{"embeddable":true,"href":"https:\/\/worklaser.pt\/index.php?rest_route=\/wp\/v2\/media\/6367"}],"wp:attachment":[{"href":"https:\/\/worklaser.pt\/index.php?rest_route=%2Fwp%2Fv2%2Fmedia&parent=6366"}],"wp:term":[{"taxonomy":"product_cat","embeddable":true,"href":"https:\/\/worklaser.pt\/index.php?rest_route=%2Fwp%2Fv2%2Fproduct_cat&post=6366"},{"taxonomy":"product_tag","embeddable":true,"href":"https:\/\/worklaser.pt\/index.php?rest_route=%2Fwp%2Fv2%2Fproduct_tag&post=6366"}],"curies":[{"name":"wp","href":"https:\/\/api.w.org\/{rel}","templated":true}]}}