{"id":5167,"date":"2020-01-23T17:13:12","date_gmt":"2020-01-23T17:13:12","guid":{"rendered":"https:\/\/worklaser.pt\/?post_type=product&#038;p=5167"},"modified":"2023-01-03T18:29:16","modified_gmt":"2023-01-03T18:29:16","slug":"peca-amo-te","status":"publish","type":"product","link":"https:\/\/worklaser.pt\/?product=peca-amo-te","title":{"rendered":"Pe\u00e7a AMO-TE"},"content":{"rendered":"","protected":false},"excerpt":{"rendered":"<p>Pe\u00e7a em mdf branco com fotografia gravada a laser.<br \/>\nTamanho da pe\u00e7a 12,5cmx12cm<br \/>\nDever\u00e1 anexar a fotografia ao finalizar a compra.<br \/>\nEntrega em 10\/12 dias \u00fateis ap\u00f3s pagamento efectuado.<\/p>\n","protected":false},"featured_media":5170,"comment_status":"open","ping_status":"closed","template":"","meta":[],"product_cat":[15],"product_tag":[],"yoast_head":"<!-- This site is optimized with the Yoast SEO plugin v14.5 - https:\/\/yoast.com\/wordpress\/plugins\/seo\/ -->\n<title>Pe\u00e7a AMO-TE - WorkLaser<\/title>\n<meta name=\"robots\" content=\"index, follow\" \/>\n<meta name=\"googlebot\" content=\"index, follow, max-snippet:-1, max-image-preview:large, max-video-preview:-1\" \/>\n<meta name=\"bingbot\" content=\"index, follow, max-snippet:-1, max-image-preview:large, max-video-preview:-1\" \/>\n<link rel=\"canonical\" href=\"https:\/\/worklaser.pt\/?product=peca-amo-te\" \/>\n<meta property=\"og:locale\" content=\"pt_PT\" \/>\n<meta property=\"og:type\" content=\"article\" \/>\n<meta property=\"og:title\" content=\"Pe\u00e7a AMO-TE - WorkLaser\" \/>\n<meta property=\"og:description\" content=\"Pe\u00e7a em mdf branco com fotografia gravada a laser. Tamanho da pe\u00e7a 12,5cmx12cm Dever\u00e1 anexar a fotografia ao finalizar a compra. Entrega em 10\/12 dias \u00fateis ap\u00f3s pagamento efectuado.\" \/>\n<meta property=\"og:url\" content=\"https:\/\/worklaser.pt\/?product=peca-amo-te\" \/>\n<meta property=\"og:site_name\" content=\"WorkLaser\" \/>\n<meta property=\"article:publisher\" content=\"https:\/\/www.facebook.com\/worklaser\" \/>\n<meta property=\"article:modified_time\" content=\"2023-01-03T18:29:16+00:00\" \/>\n<meta property=\"og:image\" content=\"https:\/\/worklaser.pt\/wp-content\/uploads\/2020\/01\/pe\u00e7a-amote-1.jpg\" \/>\n\t<meta property=\"og:image:width\" content=\"1024\" \/>\n\t<meta property=\"og:image:height\" content=\"800\" \/>\n<meta property=\"fb:app_id\" content=\"275000290498322\" \/>\n<meta name=\"twitter:card\" content=\"summary_large_image\" \/>\n<script type=\"application\/ld+json\" class=\"yoast-schema-graph\">{\"@context\":\"https:\/\/schema.org\",\"@graph\":[{\"@type\":\"WebSite\",\"@id\":\"https:\/\/worklaser.pt\/#website\",\"url\":\"https:\/\/worklaser.pt\/\",\"name\":\"WorkLaser\",\"description\":\"Loja Online\",\"potentialAction\":[{\"@type\":\"SearchAction\",\"target\":\"https:\/\/worklaser.pt\/?s={search_term_string}\",\"query-input\":\"required name=search_term_string\"}],\"inLanguage\":\"pt-PT\"},{\"@type\":\"ImageObject\",\"@id\":\"https:\/\/worklaser.pt\/?product=peca-amo-te#primaryimage\",\"inLanguage\":\"pt-PT\",\"url\":\"https:\/\/worklaser.pt\/wp-content\/uploads\/2020\/01\/pe\\u00e7a-amote-1.jpg\",\"width\":1024,\"height\":800},{\"@type\":\"WebPage\",\"@id\":\"https:\/\/worklaser.pt\/?product=peca-amo-te#webpage\",\"url\":\"https:\/\/worklaser.pt\/?product=peca-amo-te\",\"name\":\"Pe\\u00e7a AMO-TE - WorkLaser\",\"isPartOf\":{\"@id\":\"https:\/\/worklaser.pt\/#website\"},\"primaryImageOfPage\":{\"@id\":\"https:\/\/worklaser.pt\/?product=peca-amo-te#primaryimage\"},\"datePublished\":\"2020-01-23T17:13:12+00:00\",\"dateModified\":\"2023-01-03T18:29:16+00:00\",\"inLanguage\":\"pt-PT\",\"potentialAction\":[{\"@type\":\"ReadAction\",\"target\":[\"https:\/\/worklaser.pt\/?product=peca-amo-te\"]}]}]}<\/script>\n<!-- \/ Yoast SEO plugin. -->","builder_content":"","_links":{"self":[{"href":"https:\/\/worklaser.pt\/index.php?rest_route=\/wp\/v2\/product\/5167"}],"collection":[{"href":"https:\/\/worklaser.pt\/index.php?rest_route=\/wp\/v2\/product"}],"about":[{"href":"https:\/\/worklaser.pt\/index.php?rest_route=\/wp\/v2\/types\/product"}],"replies":[{"embeddable":true,"href":"https:\/\/worklaser.pt\/index.php?rest_route=%2Fwp%2Fv2%2Fcomments&post=5167"}],"wp:featuredmedia":[{"embeddable":true,"href":"https:\/\/worklaser.pt\/index.php?rest_route=\/wp\/v2\/media\/5170"}],"wp:attachment":[{"href":"https:\/\/worklaser.pt\/index.php?rest_route=%2Fwp%2Fv2%2Fmedia&parent=5167"}],"wp:term":[{"taxonomy":"product_cat","embeddable":true,"href":"https:\/\/worklaser.pt\/index.php?rest_route=%2Fwp%2Fv2%2Fproduct_cat&post=5167"},{"taxonomy":"product_tag","embeddable":true,"href":"https:\/\/worklaser.pt\/index.php?rest_route=%2Fwp%2Fv2%2Fproduct_tag&post=5167"}],"curies":[{"name":"wp","href":"https:\/\/api.w.org\/{rel}","templated":true}]}}