{"id":5166,"date":"2020-01-23T17:12:32","date_gmt":"2020-01-23T17:12:32","guid":{"rendered":"https:\/\/worklaser.pt\/?post_type=product&#038;p=5166"},"modified":"2021-10-29T08:47:12","modified_gmt":"2021-10-29T08:47:12","slug":"moldura-puzzle","status":"publish","type":"product","link":"https:\/\/worklaser.pt\/?product=moldura-puzzle","title":{"rendered":"Moldura Puzzle"},"content":{"rendered":"","protected":false},"excerpt":{"rendered":"<p>Moldura em mdf branco para fotografia de tamanho 10x8cm.<\/p>\n<p>Tem acr\u00edlico para prote\u00e7\u00e3o da fotografia.<\/p>\n<p>N\u00e3o inclui fotografia. Coloca a fotografia quando receber a moldura.<br \/>\nF\u00e1cil coloca\u00e7\u00e3o da fotografia. Poder\u00e1 colocar e retirar a fotografia quando desejar.<\/p>\n<p>Tamanho da moldura: 17cmx16,5cm<\/p>\n<p>Entrega em 10 dias \u00fateis ap\u00f3s pagamento efectuado.<\/p>\n","protected":false},"featured_media":5174,"comment_status":"open","ping_status":"closed","template":"","meta":[],"product_cat":[52,118],"product_tag":[],"yoast_head":"<!-- This site is optimized with the Yoast SEO plugin v14.5 - https:\/\/yoast.com\/wordpress\/plugins\/seo\/ -->\n<title>Moldura Puzzle - WorkLaser<\/title>\n<meta name=\"robots\" content=\"index, follow\" \/>\n<meta name=\"googlebot\" content=\"index, follow, max-snippet:-1, max-image-preview:large, max-video-preview:-1\" \/>\n<meta name=\"bingbot\" content=\"index, follow, max-snippet:-1, max-image-preview:large, max-video-preview:-1\" \/>\n<link rel=\"canonical\" href=\"https:\/\/worklaser.pt\/?product=moldura-puzzle\" \/>\n<meta property=\"og:locale\" content=\"pt_PT\" \/>\n<meta property=\"og:type\" content=\"article\" \/>\n<meta property=\"og:title\" content=\"Moldura Puzzle - WorkLaser\" \/>\n<meta property=\"og:description\" content=\"Moldura em mdf branco para fotografia de tamanho 10x8cm.  Tem acr\u00edlico para prote\u00e7\u00e3o da fotografia.  N\u00e3o inclui fotografia. Coloca a fotografia quando receber a moldura. F\u00e1cil coloca\u00e7\u00e3o da fotografia. Poder\u00e1 colocar e retirar a fotografia quando desejar.  Tamanho da moldura: 17cmx16,5cm  Entrega em 10 dias \u00fateis ap\u00f3s pagamento efectuado.\" \/>\n<meta property=\"og:url\" content=\"https:\/\/worklaser.pt\/?product=moldura-puzzle\" \/>\n<meta property=\"og:site_name\" content=\"WorkLaser\" \/>\n<meta property=\"article:publisher\" content=\"https:\/\/www.facebook.com\/worklaser\" \/>\n<meta property=\"article:modified_time\" content=\"2021-10-29T08:47:12+00:00\" \/>\n<meta property=\"og:image\" content=\"https:\/\/worklaser.pt\/wp-content\/uploads\/2020\/01\/puzzle-1.jpg\" \/>\n\t<meta property=\"og:image:width\" content=\"1024\" \/>\n\t<meta property=\"og:image:height\" content=\"800\" \/>\n<meta property=\"fb:app_id\" content=\"275000290498322\" \/>\n<meta name=\"twitter:card\" content=\"summary_large_image\" \/>\n<script type=\"application\/ld+json\" class=\"yoast-schema-graph\">{\"@context\":\"https:\/\/schema.org\",\"@graph\":[{\"@type\":\"WebSite\",\"@id\":\"https:\/\/worklaser.pt\/#website\",\"url\":\"https:\/\/worklaser.pt\/\",\"name\":\"WorkLaser\",\"description\":\"Loja Online\",\"potentialAction\":[{\"@type\":\"SearchAction\",\"target\":\"https:\/\/worklaser.pt\/?s={search_term_string}\",\"query-input\":\"required name=search_term_string\"}],\"inLanguage\":\"pt-PT\"},{\"@type\":\"ImageObject\",\"@id\":\"https:\/\/worklaser.pt\/?product=moldura-puzzle#primaryimage\",\"inLanguage\":\"pt-PT\",\"url\":\"https:\/\/worklaser.pt\/wp-content\/uploads\/2020\/01\/puzzle-1.jpg\",\"width\":1024,\"height\":800},{\"@type\":\"WebPage\",\"@id\":\"https:\/\/worklaser.pt\/?product=moldura-puzzle#webpage\",\"url\":\"https:\/\/worklaser.pt\/?product=moldura-puzzle\",\"name\":\"Moldura Puzzle - WorkLaser\",\"isPartOf\":{\"@id\":\"https:\/\/worklaser.pt\/#website\"},\"primaryImageOfPage\":{\"@id\":\"https:\/\/worklaser.pt\/?product=moldura-puzzle#primaryimage\"},\"datePublished\":\"2020-01-23T17:12:32+00:00\",\"dateModified\":\"2021-10-29T08:47:12+00:00\",\"inLanguage\":\"pt-PT\",\"potentialAction\":[{\"@type\":\"ReadAction\",\"target\":[\"https:\/\/worklaser.pt\/?product=moldura-puzzle\"]}]}]}<\/script>\n<!-- \/ Yoast SEO plugin. -->","builder_content":"","_links":{"self":[{"href":"https:\/\/worklaser.pt\/index.php?rest_route=\/wp\/v2\/product\/5166"}],"collection":[{"href":"https:\/\/worklaser.pt\/index.php?rest_route=\/wp\/v2\/product"}],"about":[{"href":"https:\/\/worklaser.pt\/index.php?rest_route=\/wp\/v2\/types\/product"}],"replies":[{"embeddable":true,"href":"https:\/\/worklaser.pt\/index.php?rest_route=%2Fwp%2Fv2%2Fcomments&post=5166"}],"wp:featuredmedia":[{"embeddable":true,"href":"https:\/\/worklaser.pt\/index.php?rest_route=\/wp\/v2\/media\/5174"}],"wp:attachment":[{"href":"https:\/\/worklaser.pt\/index.php?rest_route=%2Fwp%2Fv2%2Fmedia&parent=5166"}],"wp:term":[{"taxonomy":"product_cat","embeddable":true,"href":"https:\/\/worklaser.pt\/index.php?rest_route=%2Fwp%2Fv2%2Fproduct_cat&post=5166"},{"taxonomy":"product_tag","embeddable":true,"href":"https:\/\/worklaser.pt\/index.php?rest_route=%2Fwp%2Fv2%2Fproduct_tag&post=5166"}],"curies":[{"name":"wp","href":"https:\/\/api.w.org\/{rel}","templated":true}]}}