{"id":3325,"date":"2019-12-04T10:46:01","date_gmt":"2019-12-04T10:46:01","guid":{"rendered":"https:\/\/worklaser.pt\/?post_type=product&#038;p=3325"},"modified":"2024-02-22T16:54:33","modified_gmt":"2024-02-22T16:54:33","slug":"moldura-estrela-padrinho","status":"publish","type":"product","link":"https:\/\/worklaser.pt\/?product=moldura-estrela-padrinho","title":{"rendered":"Moldura Estrela Padrinho"},"content":{"rendered":"","protected":false},"excerpt":{"rendered":"<p>Tempo de entrega: 10-12 dias \u00fateis<br \/>\nMoldura em mdf branco com personaliza\u00e7\u00e3o de nomes e frase.<br \/>\nTem acr\u00edlico para prote\u00e7\u00e3o da fotografia.<br \/>\nN\u00e3o inclui fotografia. Coloca a fotografia quando receber a moldura.<br \/>\nF\u00e1cil coloca\u00e7\u00e3o da fotografia. Poder\u00e1 colocar e retirar a fotografia quando desejar.<br \/>\nDispon\u00edvel para fotografia de 10x7cm e de 15x10cm<br \/>\nTamanho da moldura para foto 10x7cm: 22cmx10,5cm<br \/>\nTamanho da moldura para foto 15x10cm: 33,5cmx15,5cm<\/p>\n","protected":false},"featured_media":3328,"comment_status":"open","ping_status":"closed","template":"","meta":[],"product_cat":[52,117],"product_tag":[],"yoast_head":"<!-- This site is optimized with the Yoast SEO plugin v14.5 - https:\/\/yoast.com\/wordpress\/plugins\/seo\/ -->\n<title>Moldura Estrela Padrinho - WorkLaser<\/title>\n<meta name=\"robots\" content=\"index, follow\" \/>\n<meta name=\"googlebot\" content=\"index, follow, max-snippet:-1, max-image-preview:large, max-video-preview:-1\" \/>\n<meta name=\"bingbot\" content=\"index, follow, max-snippet:-1, max-image-preview:large, max-video-preview:-1\" \/>\n<link rel=\"canonical\" href=\"https:\/\/worklaser.pt\/?product=moldura-estrela-padrinho\" \/>\n<meta property=\"og:locale\" content=\"pt_PT\" \/>\n<meta property=\"og:type\" content=\"article\" \/>\n<meta property=\"og:title\" content=\"Moldura Estrela Padrinho - WorkLaser\" \/>\n<meta property=\"og:description\" content=\"Tempo de entrega: 10-12 dias \u00fateis Moldura em mdf branco com personaliza\u00e7\u00e3o de nomes e frase. Tem acr\u00edlico para prote\u00e7\u00e3o da fotografia. N\u00e3o inclui fotografia. Coloca a fotografia quando receber a moldura. F\u00e1cil coloca\u00e7\u00e3o da fotografia. Poder\u00e1 colocar e retirar a fotografia quando desejar. Dispon\u00edvel para fotografia de 10x7cm e de 15x10cm Tamanho da moldura para foto 10x7cm: 22cmx10,5cm Tamanho da moldura para foto 15x10cm: 33,5cmx15,5cm\" \/>\n<meta property=\"og:url\" content=\"https:\/\/worklaser.pt\/?product=moldura-estrela-padrinho\" \/>\n<meta property=\"og:site_name\" content=\"WorkLaser\" \/>\n<meta property=\"article:publisher\" content=\"https:\/\/www.facebook.com\/worklaser\" \/>\n<meta property=\"article:modified_time\" content=\"2024-02-22T16:54:33+00:00\" \/>\n<meta property=\"og:image\" content=\"https:\/\/worklaser.pt\/wp-content\/uploads\/2019\/12\/moldura-estrela-padrinho-scaled.jpg\" \/>\n\t<meta property=\"og:image:width\" content=\"2560\" \/>\n\t<meta property=\"og:image:height\" content=\"1707\" \/>\n<meta property=\"fb:app_id\" content=\"275000290498322\" \/>\n<meta name=\"twitter:card\" content=\"summary_large_image\" \/>\n<script type=\"application\/ld+json\" class=\"yoast-schema-graph\">{\"@context\":\"https:\/\/schema.org\",\"@graph\":[{\"@type\":\"WebSite\",\"@id\":\"https:\/\/worklaser.pt\/#website\",\"url\":\"https:\/\/worklaser.pt\/\",\"name\":\"WorkLaser\",\"description\":\"Loja Online\",\"potentialAction\":[{\"@type\":\"SearchAction\",\"target\":\"https:\/\/worklaser.pt\/?s={search_term_string}\",\"query-input\":\"required name=search_term_string\"}],\"inLanguage\":\"pt-PT\"},{\"@type\":\"ImageObject\",\"@id\":\"https:\/\/worklaser.pt\/?product=moldura-estrela-padrinho#primaryimage\",\"inLanguage\":\"pt-PT\",\"url\":\"https:\/\/worklaser.pt\/wp-content\/uploads\/2019\/12\/moldura-estrela-padrinho-scaled.jpg\",\"width\":2560,\"height\":1707},{\"@type\":\"WebPage\",\"@id\":\"https:\/\/worklaser.pt\/?product=moldura-estrela-padrinho#webpage\",\"url\":\"https:\/\/worklaser.pt\/?product=moldura-estrela-padrinho\",\"name\":\"Moldura Estrela Padrinho - WorkLaser\",\"isPartOf\":{\"@id\":\"https:\/\/worklaser.pt\/#website\"},\"primaryImageOfPage\":{\"@id\":\"https:\/\/worklaser.pt\/?product=moldura-estrela-padrinho#primaryimage\"},\"datePublished\":\"2019-12-04T10:46:01+00:00\",\"dateModified\":\"2024-02-22T16:54:33+00:00\",\"inLanguage\":\"pt-PT\",\"potentialAction\":[{\"@type\":\"ReadAction\",\"target\":[\"https:\/\/worklaser.pt\/?product=moldura-estrela-padrinho\"]}]}]}<\/script>\n<!-- \/ Yoast SEO plugin. -->","builder_content":"","_links":{"self":[{"href":"https:\/\/worklaser.pt\/index.php?rest_route=\/wp\/v2\/product\/3325"}],"collection":[{"href":"https:\/\/worklaser.pt\/index.php?rest_route=\/wp\/v2\/product"}],"about":[{"href":"https:\/\/worklaser.pt\/index.php?rest_route=\/wp\/v2\/types\/product"}],"replies":[{"embeddable":true,"href":"https:\/\/worklaser.pt\/index.php?rest_route=%2Fwp%2Fv2%2Fcomments&post=3325"}],"wp:featuredmedia":[{"embeddable":true,"href":"https:\/\/worklaser.pt\/index.php?rest_route=\/wp\/v2\/media\/3328"}],"wp:attachment":[{"href":"https:\/\/worklaser.pt\/index.php?rest_route=%2Fwp%2Fv2%2Fmedia&parent=3325"}],"wp:term":[{"taxonomy":"product_cat","embeddable":true,"href":"https:\/\/worklaser.pt\/index.php?rest_route=%2Fwp%2Fv2%2Fproduct_cat&post=3325"},{"taxonomy":"product_tag","embeddable":true,"href":"https:\/\/worklaser.pt\/index.php?rest_route=%2Fwp%2Fv2%2Fproduct_tag&post=3325"}],"curies":[{"name":"wp","href":"https:\/\/api.w.org\/{rel}","templated":true}]}}