{"id":1742,"date":"2019-11-01T13:38:31","date_gmt":"2019-11-01T13:38:31","guid":{"rendered":"https:\/\/worklaser.pt\/?post_type=product&#038;p=1742"},"modified":"2021-12-03T20:53:53","modified_gmt":"2021-12-03T20:53:53","slug":"conjunto-avo-2-2","status":"publish","type":"product","link":"https:\/\/worklaser.pt\/?product=conjunto-avo-2-2","title":{"rendered":"Conjunto Av\u00f3 2"},"content":{"rendered":"","protected":false},"excerpt":{"rendered":"<p>Conjunto composto por porta chaves em mdf branco.<\/p>\n<p>Colar em a\u00e7o inoxid\u00e1vel prateado com pendente em formato de cora\u00e7\u00e3o com a palavra Av\u00f3.<br \/>\nTamanho: 5,5cmx4,4cm<br \/>\nComprimento do fio: 50cm<br \/>\nTamanho do pendente: 2,5cmx2cm<\/p>\n","protected":false},"featured_media":1718,"comment_status":"open","ping_status":"closed","template":"","meta":[],"product_cat":[133,52,115],"product_tag":[],"yoast_head":"<!-- This site is optimized with the Yoast SEO plugin v14.5 - https:\/\/yoast.com\/wordpress\/plugins\/seo\/ -->\n<title>Conjunto Av\u00f3 2 - WorkLaser<\/title>\n<meta name=\"robots\" content=\"index, follow\" \/>\n<meta name=\"googlebot\" content=\"index, follow, max-snippet:-1, max-image-preview:large, max-video-preview:-1\" \/>\n<meta name=\"bingbot\" content=\"index, follow, max-snippet:-1, max-image-preview:large, max-video-preview:-1\" \/>\n<link rel=\"canonical\" href=\"https:\/\/worklaser.pt\/?product=conjunto-avo-2-2\" \/>\n<meta property=\"og:locale\" content=\"pt_PT\" \/>\n<meta property=\"og:type\" content=\"article\" \/>\n<meta property=\"og:title\" content=\"Conjunto Av\u00f3 2 - WorkLaser\" \/>\n<meta property=\"og:description\" content=\"Conjunto composto por porta chaves em mdf branco.  Colar em a\u00e7o inoxid\u00e1vel prateado com pendente em formato de cora\u00e7\u00e3o com a palavra Av\u00f3. Tamanho: 5,5cmx4,4cm Comprimento do fio: 50cm Tamanho do pendente: 2,5cmx2cm\" \/>\n<meta property=\"og:url\" content=\"https:\/\/worklaser.pt\/?product=conjunto-avo-2-2\" \/>\n<meta property=\"og:site_name\" content=\"WorkLaser\" \/>\n<meta property=\"article:publisher\" content=\"https:\/\/www.facebook.com\/worklaser\" \/>\n<meta property=\"article:modified_time\" content=\"2021-12-03T20:53:53+00:00\" \/>\n<meta property=\"og:image\" content=\"https:\/\/worklaser.pt\/wp-content\/uploads\/2019\/11\/conjunto-av\u00f3-2.jpg\" \/>\n\t<meta property=\"og:image:width\" content=\"1024\" \/>\n\t<meta property=\"og:image:height\" content=\"800\" \/>\n<meta property=\"fb:app_id\" content=\"275000290498322\" \/>\n<meta name=\"twitter:card\" content=\"summary_large_image\" \/>\n<script type=\"application\/ld+json\" class=\"yoast-schema-graph\">{\"@context\":\"https:\/\/schema.org\",\"@graph\":[{\"@type\":\"WebSite\",\"@id\":\"https:\/\/worklaser.pt\/#website\",\"url\":\"https:\/\/worklaser.pt\/\",\"name\":\"WorkLaser\",\"description\":\"Loja Online\",\"potentialAction\":[{\"@type\":\"SearchAction\",\"target\":\"https:\/\/worklaser.pt\/?s={search_term_string}\",\"query-input\":\"required name=search_term_string\"}],\"inLanguage\":\"pt-PT\"},{\"@type\":\"ImageObject\",\"@id\":\"https:\/\/worklaser.pt\/?product=conjunto-avo-2-2#primaryimage\",\"inLanguage\":\"pt-PT\",\"url\":\"https:\/\/worklaser.pt\/wp-content\/uploads\/2019\/11\/conjunto-av\\u00f3-2.jpg\",\"width\":1024,\"height\":800},{\"@type\":\"WebPage\",\"@id\":\"https:\/\/worklaser.pt\/?product=conjunto-avo-2-2#webpage\",\"url\":\"https:\/\/worklaser.pt\/?product=conjunto-avo-2-2\",\"name\":\"Conjunto Av\\u00f3 2 - WorkLaser\",\"isPartOf\":{\"@id\":\"https:\/\/worklaser.pt\/#website\"},\"primaryImageOfPage\":{\"@id\":\"https:\/\/worklaser.pt\/?product=conjunto-avo-2-2#primaryimage\"},\"datePublished\":\"2019-11-01T13:38:31+00:00\",\"dateModified\":\"2021-12-03T20:53:53+00:00\",\"inLanguage\":\"pt-PT\",\"potentialAction\":[{\"@type\":\"ReadAction\",\"target\":[\"https:\/\/worklaser.pt\/?product=conjunto-avo-2-2\"]}]}]}<\/script>\n<!-- \/ Yoast SEO plugin. -->","builder_content":"","_links":{"self":[{"href":"https:\/\/worklaser.pt\/index.php?rest_route=\/wp\/v2\/product\/1742"}],"collection":[{"href":"https:\/\/worklaser.pt\/index.php?rest_route=\/wp\/v2\/product"}],"about":[{"href":"https:\/\/worklaser.pt\/index.php?rest_route=\/wp\/v2\/types\/product"}],"replies":[{"embeddable":true,"href":"https:\/\/worklaser.pt\/index.php?rest_route=%2Fwp%2Fv2%2Fcomments&post=1742"}],"wp:featuredmedia":[{"embeddable":true,"href":"https:\/\/worklaser.pt\/index.php?rest_route=\/wp\/v2\/media\/1718"}],"wp:attachment":[{"href":"https:\/\/worklaser.pt\/index.php?rest_route=%2Fwp%2Fv2%2Fmedia&parent=1742"}],"wp:term":[{"taxonomy":"product_cat","embeddable":true,"href":"https:\/\/worklaser.pt\/index.php?rest_route=%2Fwp%2Fv2%2Fproduct_cat&post=1742"},{"taxonomy":"product_tag","embeddable":true,"href":"https:\/\/worklaser.pt\/index.php?rest_route=%2Fwp%2Fv2%2Fproduct_tag&post=1742"}],"curies":[{"name":"wp","href":"https:\/\/api.w.org\/{rel}","templated":true}]}}