{"id":14001,"date":"2026-04-17T17:38:10","date_gmt":"2026-04-17T17:38:10","guid":{"rendered":"https:\/\/worklaser.pt\/?post_type=product&#038;p=14001"},"modified":"2026-04-17T17:42:23","modified_gmt":"2026-04-17T17:42:23","slug":"livro-elegante","status":"publish","type":"product","link":"https:\/\/worklaser.pt\/?product=livro-elegante","title":{"rendered":"Livro Elegante"},"content":{"rendered":"","protected":false},"excerpt":{"rendered":"<p>Livro de honra com capa em madeira clara.<br \/>\nA madeira leva acabamento a verniz para garantir qualidade e durabilidade.<br \/>\nPersonaliza\u00e7\u00e3o de nomes e data.<br \/>\nO livro tem 40 folhas (80 p\u00e1ginas)<br \/>\n-Tamanho A4<br \/>\n-Folhas brancas 200gm<\/p>\n<p>Tempo de entrega: 15-20 dias \u00fateis<\/p>\n<p>Possibilidade de grava\u00e7\u00e3o do monograma dos noivos. Caso pretenda grava\u00e7\u00e3o do monograma dever\u00e1 enviar o ficheiro por email (monograma sujeito a an\u00e1lise).<br \/>\nO texto da primeira folha \u00e9 personaliz\u00e1vel, assim que finalizar a compra envie um email com o texto que quer colocar.<br \/>\ngeral@worklaser.pt<\/p>\n","protected":false},"featured_media":13998,"comment_status":"open","ping_status":"closed","template":"","meta":[],"product_cat":[48,57,82],"product_tag":[],"yoast_head":"<!-- This site is optimized with the Yoast SEO plugin v14.5 - https:\/\/yoast.com\/wordpress\/plugins\/seo\/ -->\n<title>Livro Elegante - WorkLaser<\/title>\n<meta name=\"robots\" content=\"index, follow\" \/>\n<meta name=\"googlebot\" content=\"index, follow, max-snippet:-1, max-image-preview:large, max-video-preview:-1\" \/>\n<meta name=\"bingbot\" content=\"index, follow, max-snippet:-1, max-image-preview:large, max-video-preview:-1\" \/>\n<link rel=\"canonical\" href=\"https:\/\/worklaser.pt\/?product=livro-elegante\" \/>\n<meta property=\"og:locale\" content=\"pt_PT\" \/>\n<meta property=\"og:type\" content=\"article\" \/>\n<meta property=\"og:title\" content=\"Livro Elegante - WorkLaser\" \/>\n<meta property=\"og:description\" content=\"Livro de honra com capa em madeira clara. A madeira leva acabamento a verniz para garantir qualidade e durabilidade. Personaliza\u00e7\u00e3o de nomes e data. O livro tem 40 folhas (80 p\u00e1ginas) -Tamanho A4 -Folhas brancas 200gm  Tempo de entrega: 15-20 dias \u00fateis  Possibilidade de grava\u00e7\u00e3o do monograma dos noivos. Caso pretenda grava\u00e7\u00e3o do monograma dever\u00e1 enviar o ficheiro por email (monograma sujeito a an\u00e1lise). O texto da primeira folha \u00e9 personaliz\u00e1vel, assim que finalizar a compra envie um email com o texto que quer colocar. geral@worklaser.pt\" \/>\n<meta property=\"og:url\" content=\"https:\/\/worklaser.pt\/?product=livro-elegante\" \/>\n<meta property=\"og:site_name\" content=\"WorkLaser\" \/>\n<meta property=\"article:publisher\" content=\"https:\/\/www.facebook.com\/worklaser\" \/>\n<meta property=\"article:modified_time\" content=\"2026-04-17T17:42:23+00:00\" \/>\n<meta property=\"og:image\" content=\"https:\/\/worklaser.pt\/wp-content\/uploads\/2026\/04\/Design-sem-nome-2026-04-17T182119.803.png\" \/>\n\t<meta property=\"og:image:width\" content=\"802\" \/>\n\t<meta property=\"og:image:height\" content=\"628\" \/>\n<meta property=\"fb:app_id\" content=\"275000290498322\" \/>\n<meta name=\"twitter:card\" content=\"summary_large_image\" \/>\n<script type=\"application\/ld+json\" class=\"yoast-schema-graph\">{\"@context\":\"https:\/\/schema.org\",\"@graph\":[{\"@type\":\"WebSite\",\"@id\":\"https:\/\/worklaser.pt\/#website\",\"url\":\"https:\/\/worklaser.pt\/\",\"name\":\"WorkLaser\",\"description\":\"Loja Online\",\"potentialAction\":[{\"@type\":\"SearchAction\",\"target\":\"https:\/\/worklaser.pt\/?s={search_term_string}\",\"query-input\":\"required name=search_term_string\"}],\"inLanguage\":\"pt-PT\"},{\"@type\":\"ImageObject\",\"@id\":\"https:\/\/worklaser.pt\/?product=livro-elegante#primaryimage\",\"inLanguage\":\"pt-PT\",\"url\":\"https:\/\/worklaser.pt\/wp-content\/uploads\/2026\/04\/Design-sem-nome-2026-04-17T182119.803.png\",\"width\":802,\"height\":628},{\"@type\":\"WebPage\",\"@id\":\"https:\/\/worklaser.pt\/?product=livro-elegante#webpage\",\"url\":\"https:\/\/worklaser.pt\/?product=livro-elegante\",\"name\":\"Livro Elegante - WorkLaser\",\"isPartOf\":{\"@id\":\"https:\/\/worklaser.pt\/#website\"},\"primaryImageOfPage\":{\"@id\":\"https:\/\/worklaser.pt\/?product=livro-elegante#primaryimage\"},\"datePublished\":\"2026-04-17T17:38:10+00:00\",\"dateModified\":\"2026-04-17T17:42:23+00:00\",\"inLanguage\":\"pt-PT\",\"potentialAction\":[{\"@type\":\"ReadAction\",\"target\":[\"https:\/\/worklaser.pt\/?product=livro-elegante\"]}]}]}<\/script>\n<!-- \/ Yoast SEO plugin. -->","builder_content":"","_links":{"self":[{"href":"https:\/\/worklaser.pt\/index.php?rest_route=\/wp\/v2\/product\/14001"}],"collection":[{"href":"https:\/\/worklaser.pt\/index.php?rest_route=\/wp\/v2\/product"}],"about":[{"href":"https:\/\/worklaser.pt\/index.php?rest_route=\/wp\/v2\/types\/product"}],"replies":[{"embeddable":true,"href":"https:\/\/worklaser.pt\/index.php?rest_route=%2Fwp%2Fv2%2Fcomments&post=14001"}],"wp:featuredmedia":[{"embeddable":true,"href":"https:\/\/worklaser.pt\/index.php?rest_route=\/wp\/v2\/media\/13998"}],"wp:attachment":[{"href":"https:\/\/worklaser.pt\/index.php?rest_route=%2Fwp%2Fv2%2Fmedia&parent=14001"}],"wp:term":[{"taxonomy":"product_cat","embeddable":true,"href":"https:\/\/worklaser.pt\/index.php?rest_route=%2Fwp%2Fv2%2Fproduct_cat&post=14001"},{"taxonomy":"product_tag","embeddable":true,"href":"https:\/\/worklaser.pt\/index.php?rest_route=%2Fwp%2Fv2%2Fproduct_tag&post=14001"}],"curies":[{"name":"wp","href":"https:\/\/api.w.org\/{rel}","templated":true}]}}