{"id":13997,"date":"2026-04-17T17:30:02","date_gmt":"2026-04-17T17:30:02","guid":{"rendered":"https:\/\/worklaser.pt\/?post_type=product&#038;p=13997"},"modified":"2026-04-17T17:32:43","modified_gmt":"2026-04-17T17:32:43","slug":"porta-chaves-elegante","status":"publish","type":"product","link":"https:\/\/worklaser.pt\/?product=porta-chaves-elegante","title":{"rendered":"Porta chaves Elegante"},"content":{"rendered":"","protected":false},"excerpt":{"rendered":"<p>Porta chaves em madeira.<br \/>\nCom cart\u00e3o e la\u00e7o inclu\u00eddo.<br \/>\nPersonaliza\u00e7\u00e3o:<br \/>\n&#8211; Frase<br \/>\n&#8211; Nomes\/Iniciais<br \/>\n&#8211; Data<\/p>\n<p>Tamanho 5cm di\u00e2metro.<br \/>\nA cor do la\u00e7o pode ser outra indique a cor nas notas de encomenda ao finalizar a compra.<\/p>\n<p><strong>M\u00ednimo compra 15 unidades\u00a0<\/strong><br \/>\nTempo de entrega 15-20 dias \u00fateis<\/p>\n","protected":false},"featured_media":14000,"comment_status":"open","ping_status":"closed","template":"","meta":[],"product_cat":[48,56,71,69],"product_tag":[],"yoast_head":"<!-- This site is optimized with the Yoast SEO plugin v14.5 - https:\/\/yoast.com\/wordpress\/plugins\/seo\/ -->\n<title>Porta chaves Elegante - WorkLaser<\/title>\n<meta name=\"robots\" content=\"index, follow\" \/>\n<meta name=\"googlebot\" content=\"index, follow, max-snippet:-1, max-image-preview:large, max-video-preview:-1\" \/>\n<meta name=\"bingbot\" content=\"index, follow, max-snippet:-1, max-image-preview:large, max-video-preview:-1\" \/>\n<link rel=\"canonical\" href=\"https:\/\/worklaser.pt\/?product=porta-chaves-elegante\" \/>\n<meta property=\"og:locale\" content=\"pt_PT\" \/>\n<meta property=\"og:type\" content=\"article\" \/>\n<meta property=\"og:title\" content=\"Porta chaves Elegante - WorkLaser\" \/>\n<meta property=\"og:description\" content=\"Porta chaves em madeira. Com cart\u00e3o e la\u00e7o inclu\u00eddo. Personaliza\u00e7\u00e3o: - Frase - Nomes\/Iniciais - Data  Tamanho 5cm di\u00e2metro. A cor do la\u00e7o pode ser outra indique a cor nas notas de encomenda ao finalizar a compra.  M\u00ednimo compra 15 unidades\u00a0 Tempo de entrega 15-20 dias \u00fateis\" \/>\n<meta property=\"og:url\" content=\"https:\/\/worklaser.pt\/?product=porta-chaves-elegante\" \/>\n<meta property=\"og:site_name\" content=\"WorkLaser\" \/>\n<meta property=\"article:publisher\" content=\"https:\/\/www.facebook.com\/worklaser\" \/>\n<meta property=\"article:modified_time\" content=\"2026-04-17T17:32:43+00:00\" \/>\n<meta property=\"og:image\" content=\"https:\/\/worklaser.pt\/wp-content\/uploads\/2026\/04\/Design-sem-nome-2026-04-17T182420.559.png\" \/>\n\t<meta property=\"og:image:width\" content=\"803\" \/>\n\t<meta property=\"og:image:height\" content=\"628\" \/>\n<meta property=\"fb:app_id\" content=\"275000290498322\" \/>\n<meta name=\"twitter:card\" content=\"summary_large_image\" \/>\n<script type=\"application\/ld+json\" class=\"yoast-schema-graph\">{\"@context\":\"https:\/\/schema.org\",\"@graph\":[{\"@type\":\"WebSite\",\"@id\":\"https:\/\/worklaser.pt\/#website\",\"url\":\"https:\/\/worklaser.pt\/\",\"name\":\"WorkLaser\",\"description\":\"Loja Online\",\"potentialAction\":[{\"@type\":\"SearchAction\",\"target\":\"https:\/\/worklaser.pt\/?s={search_term_string}\",\"query-input\":\"required name=search_term_string\"}],\"inLanguage\":\"pt-PT\"},{\"@type\":\"ImageObject\",\"@id\":\"https:\/\/worklaser.pt\/?product=porta-chaves-elegante#primaryimage\",\"inLanguage\":\"pt-PT\",\"url\":\"https:\/\/worklaser.pt\/wp-content\/uploads\/2026\/04\/Design-sem-nome-2026-04-17T182420.559.png\",\"width\":803,\"height\":628},{\"@type\":\"WebPage\",\"@id\":\"https:\/\/worklaser.pt\/?product=porta-chaves-elegante#webpage\",\"url\":\"https:\/\/worklaser.pt\/?product=porta-chaves-elegante\",\"name\":\"Porta chaves Elegante - WorkLaser\",\"isPartOf\":{\"@id\":\"https:\/\/worklaser.pt\/#website\"},\"primaryImageOfPage\":{\"@id\":\"https:\/\/worklaser.pt\/?product=porta-chaves-elegante#primaryimage\"},\"datePublished\":\"2026-04-17T17:30:02+00:00\",\"dateModified\":\"2026-04-17T17:32:43+00:00\",\"inLanguage\":\"pt-PT\",\"potentialAction\":[{\"@type\":\"ReadAction\",\"target\":[\"https:\/\/worklaser.pt\/?product=porta-chaves-elegante\"]}]}]}<\/script>\n<!-- \/ Yoast SEO plugin. -->","builder_content":"","_links":{"self":[{"href":"https:\/\/worklaser.pt\/index.php?rest_route=\/wp\/v2\/product\/13997"}],"collection":[{"href":"https:\/\/worklaser.pt\/index.php?rest_route=\/wp\/v2\/product"}],"about":[{"href":"https:\/\/worklaser.pt\/index.php?rest_route=\/wp\/v2\/types\/product"}],"replies":[{"embeddable":true,"href":"https:\/\/worklaser.pt\/index.php?rest_route=%2Fwp%2Fv2%2Fcomments&post=13997"}],"wp:featuredmedia":[{"embeddable":true,"href":"https:\/\/worklaser.pt\/index.php?rest_route=\/wp\/v2\/media\/14000"}],"wp:attachment":[{"href":"https:\/\/worklaser.pt\/index.php?rest_route=%2Fwp%2Fv2%2Fmedia&parent=13997"}],"wp:term":[{"taxonomy":"product_cat","embeddable":true,"href":"https:\/\/worklaser.pt\/index.php?rest_route=%2Fwp%2Fv2%2Fproduct_cat&post=13997"},{"taxonomy":"product_tag","embeddable":true,"href":"https:\/\/worklaser.pt\/index.php?rest_route=%2Fwp%2Fv2%2Fproduct_tag&post=13997"}],"curies":[{"name":"wp","href":"https:\/\/api.w.org\/{rel}","templated":true}]}}