{"id":13985,"date":"2026-04-17T15:23:38","date_gmt":"2026-04-17T15:23:38","guid":{"rendered":"https:\/\/worklaser.pt\/?post_type=product&#038;p=13985"},"modified":"2026-04-17T15:23:38","modified_gmt":"2026-04-17T15:23:38","slug":"placa-bem-vindos-ref-6","status":"publish","type":"product","link":"https:\/\/worklaser.pt\/?product=placa-bem-vindos-ref-6","title":{"rendered":"Placa Bem-vindos ref.6"},"content":{"rendered":"","protected":false},"excerpt":{"rendered":"<p>Placa grande: 70cm x 50cm<br \/>\nMaterial: PVC impresso<br \/>\nTempo de entrega: 15-20 dias \u00fateis.<\/p>\n<p>Suporte n\u00e3o inclu\u00eddo.<\/p>\n","protected":false},"featured_media":13983,"comment_status":"open","ping_status":"closed","template":"","meta":[],"product_cat":[48,61],"product_tag":[],"yoast_head":"<!-- This site is optimized with the Yoast SEO plugin v14.5 - https:\/\/yoast.com\/wordpress\/plugins\/seo\/ -->\n<title>Placa Bem-vindos ref.6 - WorkLaser<\/title>\n<meta name=\"robots\" content=\"index, follow\" \/>\n<meta name=\"googlebot\" content=\"index, follow, max-snippet:-1, max-image-preview:large, max-video-preview:-1\" \/>\n<meta name=\"bingbot\" content=\"index, follow, max-snippet:-1, max-image-preview:large, max-video-preview:-1\" \/>\n<link rel=\"canonical\" href=\"https:\/\/worklaser.pt\/?product=placa-bem-vindos-ref-6\" \/>\n<meta property=\"og:locale\" content=\"pt_PT\" \/>\n<meta property=\"og:type\" content=\"article\" \/>\n<meta property=\"og:title\" content=\"Placa Bem-vindos ref.6 - WorkLaser\" \/>\n<meta property=\"og:description\" content=\"Placa grande: 70cm x 50cm Material: PVC impresso Tempo de entrega: 15-20 dias \u00fateis.  Suporte n\u00e3o inclu\u00eddo.\" \/>\n<meta property=\"og:url\" content=\"https:\/\/worklaser.pt\/?product=placa-bem-vindos-ref-6\" \/>\n<meta property=\"og:site_name\" content=\"WorkLaser\" \/>\n<meta property=\"article:publisher\" content=\"https:\/\/www.facebook.com\/worklaser\" \/>\n<meta property=\"og:image\" content=\"https:\/\/worklaser.pt\/wp-content\/uploads\/2021\/09\/Design-sem-nome-2026-04-17T161543.130.png\" \/>\n\t<meta property=\"og:image:width\" content=\"803\" \/>\n\t<meta property=\"og:image:height\" content=\"628\" \/>\n<meta property=\"fb:app_id\" content=\"275000290498322\" \/>\n<meta name=\"twitter:card\" content=\"summary_large_image\" \/>\n<script type=\"application\/ld+json\" class=\"yoast-schema-graph\">{\"@context\":\"https:\/\/schema.org\",\"@graph\":[{\"@type\":\"WebSite\",\"@id\":\"https:\/\/worklaser.pt\/#website\",\"url\":\"https:\/\/worklaser.pt\/\",\"name\":\"WorkLaser\",\"description\":\"Loja Online\",\"potentialAction\":[{\"@type\":\"SearchAction\",\"target\":\"https:\/\/worklaser.pt\/?s={search_term_string}\",\"query-input\":\"required name=search_term_string\"}],\"inLanguage\":\"pt-PT\"},{\"@type\":\"ImageObject\",\"@id\":\"https:\/\/worklaser.pt\/?product=placa-bem-vindos-ref-6#primaryimage\",\"inLanguage\":\"pt-PT\",\"url\":\"https:\/\/worklaser.pt\/wp-content\/uploads\/2021\/09\/Design-sem-nome-2026-04-17T161543.130.png\",\"width\":803,\"height\":628},{\"@type\":\"WebPage\",\"@id\":\"https:\/\/worklaser.pt\/?product=placa-bem-vindos-ref-6#webpage\",\"url\":\"https:\/\/worklaser.pt\/?product=placa-bem-vindos-ref-6\",\"name\":\"Placa Bem-vindos ref.6 - WorkLaser\",\"isPartOf\":{\"@id\":\"https:\/\/worklaser.pt\/#website\"},\"primaryImageOfPage\":{\"@id\":\"https:\/\/worklaser.pt\/?product=placa-bem-vindos-ref-6#primaryimage\"},\"datePublished\":\"2026-04-17T15:23:38+00:00\",\"dateModified\":\"2026-04-17T15:23:38+00:00\",\"inLanguage\":\"pt-PT\",\"potentialAction\":[{\"@type\":\"ReadAction\",\"target\":[\"https:\/\/worklaser.pt\/?product=placa-bem-vindos-ref-6\"]}]}]}<\/script>\n<!-- \/ Yoast SEO plugin. -->","builder_content":"","_links":{"self":[{"href":"https:\/\/worklaser.pt\/index.php?rest_route=\/wp\/v2\/product\/13985"}],"collection":[{"href":"https:\/\/worklaser.pt\/index.php?rest_route=\/wp\/v2\/product"}],"about":[{"href":"https:\/\/worklaser.pt\/index.php?rest_route=\/wp\/v2\/types\/product"}],"replies":[{"embeddable":true,"href":"https:\/\/worklaser.pt\/index.php?rest_route=%2Fwp%2Fv2%2Fcomments&post=13985"}],"wp:featuredmedia":[{"embeddable":true,"href":"https:\/\/worklaser.pt\/index.php?rest_route=\/wp\/v2\/media\/13983"}],"wp:attachment":[{"href":"https:\/\/worklaser.pt\/index.php?rest_route=%2Fwp%2Fv2%2Fmedia&parent=13985"}],"wp:term":[{"taxonomy":"product_cat","embeddable":true,"href":"https:\/\/worklaser.pt\/index.php?rest_route=%2Fwp%2Fv2%2Fproduct_cat&post=13985"},{"taxonomy":"product_tag","embeddable":true,"href":"https:\/\/worklaser.pt\/index.php?rest_route=%2Fwp%2Fv2%2Fproduct_tag&post=13985"}],"curies":[{"name":"wp","href":"https:\/\/api.w.org\/{rel}","templated":true}]}}