{"id":13944,"date":"2026-01-21T15:05:54","date_gmt":"2026-01-21T15:05:54","guid":{"rendered":"https:\/\/worklaser.pt\/?post_type=product&#038;p=13944"},"modified":"2026-01-21T15:05:54","modified_gmt":"2026-01-21T15:05:54","slug":"convite-giratorio-comunhao","status":"publish","type":"product","link":"https:\/\/worklaser.pt\/?product=convite-giratorio-comunhao","title":{"rendered":"Convite Girat\u00f3rio Comunh\u00e3o"},"content":{"rendered":"","protected":false},"excerpt":{"rendered":"<p>Convite em mdf branco e mdf (madeira)<br \/>\nA parte de cima deste convite roda e vai mostrando todas as informa\u00e7\u00f5es.<br \/>\nTamanho: 11cm di\u00e2metro<\/p>\n<p>Encomenda m\u00ednima de 15 convites (se necessitar de menos convites entre em contacto connosco)<\/p>\n<p>Tempo de entrega: 15\/20 dias \u00fateis<\/p>\n","protected":false},"featured_media":13937,"comment_status":"open","ping_status":"closed","template":"","meta":[],"product_cat":[96,100],"product_tag":[],"yoast_head":"<!-- This site is optimized with the Yoast SEO plugin v14.5 - https:\/\/yoast.com\/wordpress\/plugins\/seo\/ -->\n<title>Convite Girat\u00f3rio Comunh\u00e3o - WorkLaser<\/title>\n<meta name=\"robots\" content=\"index, follow\" \/>\n<meta name=\"googlebot\" content=\"index, follow, max-snippet:-1, max-image-preview:large, max-video-preview:-1\" \/>\n<meta name=\"bingbot\" content=\"index, follow, max-snippet:-1, max-image-preview:large, max-video-preview:-1\" \/>\n<link rel=\"canonical\" href=\"https:\/\/worklaser.pt\/?product=convite-giratorio-comunhao\" \/>\n<meta property=\"og:locale\" content=\"pt_PT\" \/>\n<meta property=\"og:type\" content=\"article\" \/>\n<meta property=\"og:title\" content=\"Convite Girat\u00f3rio Comunh\u00e3o - WorkLaser\" \/>\n<meta property=\"og:description\" content=\"Convite em mdf branco e mdf (madeira) A parte de cima deste convite roda e vai mostrando todas as informa\u00e7\u00f5es. Tamanho: 11cm di\u00e2metro  Encomenda m\u00ednima de 15 convites (se necessitar de menos convites entre em contacto connosco)  Tempo de entrega: 15\/20 dias \u00fateis\" \/>\n<meta property=\"og:url\" content=\"https:\/\/worklaser.pt\/?product=convite-giratorio-comunhao\" \/>\n<meta property=\"og:site_name\" content=\"WorkLaser\" \/>\n<meta property=\"article:publisher\" content=\"https:\/\/www.facebook.com\/worklaser\" \/>\n<meta property=\"og:image\" content=\"https:\/\/worklaser.pt\/wp-content\/uploads\/2026\/01\/Design-sem-nome-2026-01-21T144414.091.png\" \/>\n\t<meta property=\"og:image:width\" content=\"940\" \/>\n\t<meta property=\"og:image:height\" content=\"734\" \/>\n<meta property=\"fb:app_id\" content=\"275000290498322\" \/>\n<meta name=\"twitter:card\" content=\"summary_large_image\" \/>\n<script type=\"application\/ld+json\" class=\"yoast-schema-graph\">{\"@context\":\"https:\/\/schema.org\",\"@graph\":[{\"@type\":\"WebSite\",\"@id\":\"https:\/\/worklaser.pt\/#website\",\"url\":\"https:\/\/worklaser.pt\/\",\"name\":\"WorkLaser\",\"description\":\"Loja Online\",\"potentialAction\":[{\"@type\":\"SearchAction\",\"target\":\"https:\/\/worklaser.pt\/?s={search_term_string}\",\"query-input\":\"required name=search_term_string\"}],\"inLanguage\":\"pt-PT\"},{\"@type\":\"ImageObject\",\"@id\":\"https:\/\/worklaser.pt\/?product=convite-giratorio-comunhao#primaryimage\",\"inLanguage\":\"pt-PT\",\"url\":\"https:\/\/worklaser.pt\/wp-content\/uploads\/2026\/01\/Design-sem-nome-2026-01-21T144414.091.png\",\"width\":940,\"height\":734},{\"@type\":\"WebPage\",\"@id\":\"https:\/\/worklaser.pt\/?product=convite-giratorio-comunhao#webpage\",\"url\":\"https:\/\/worklaser.pt\/?product=convite-giratorio-comunhao\",\"name\":\"Convite Girat\\u00f3rio Comunh\\u00e3o - WorkLaser\",\"isPartOf\":{\"@id\":\"https:\/\/worklaser.pt\/#website\"},\"primaryImageOfPage\":{\"@id\":\"https:\/\/worklaser.pt\/?product=convite-giratorio-comunhao#primaryimage\"},\"datePublished\":\"2026-01-21T15:05:54+00:00\",\"dateModified\":\"2026-01-21T15:05:54+00:00\",\"inLanguage\":\"pt-PT\",\"potentialAction\":[{\"@type\":\"ReadAction\",\"target\":[\"https:\/\/worklaser.pt\/?product=convite-giratorio-comunhao\"]}]}]}<\/script>\n<!-- \/ Yoast SEO plugin. -->","builder_content":"","_links":{"self":[{"href":"https:\/\/worklaser.pt\/index.php?rest_route=\/wp\/v2\/product\/13944"}],"collection":[{"href":"https:\/\/worklaser.pt\/index.php?rest_route=\/wp\/v2\/product"}],"about":[{"href":"https:\/\/worklaser.pt\/index.php?rest_route=\/wp\/v2\/types\/product"}],"replies":[{"embeddable":true,"href":"https:\/\/worklaser.pt\/index.php?rest_route=%2Fwp%2Fv2%2Fcomments&post=13944"}],"wp:featuredmedia":[{"embeddable":true,"href":"https:\/\/worklaser.pt\/index.php?rest_route=\/wp\/v2\/media\/13937"}],"wp:attachment":[{"href":"https:\/\/worklaser.pt\/index.php?rest_route=%2Fwp%2Fv2%2Fmedia&parent=13944"}],"wp:term":[{"taxonomy":"product_cat","embeddable":true,"href":"https:\/\/worklaser.pt\/index.php?rest_route=%2Fwp%2Fv2%2Fproduct_cat&post=13944"},{"taxonomy":"product_tag","embeddable":true,"href":"https:\/\/worklaser.pt\/index.php?rest_route=%2Fwp%2Fv2%2Fproduct_tag&post=13944"}],"curies":[{"name":"wp","href":"https:\/\/api.w.org\/{rel}","templated":true}]}}