{"id":13941,"date":"2026-01-21T14:55:47","date_gmt":"2026-01-21T14:55:47","guid":{"rendered":"https:\/\/worklaser.pt\/?post_type=product&#038;p=13941"},"modified":"2026-01-21T14:56:31","modified_gmt":"2026-01-21T14:56:31","slug":"13941","status":"publish","type":"product","link":"https:\/\/worklaser.pt\/?product=13941","title":{"rendered":"Porta Velas Circulo com Caixa"},"content":{"rendered":"","protected":false},"excerpt":{"rendered":"<p>Porta vela em madeira<br \/>\n&#8211;\u00a0 Com caixa e la\u00e7o<br \/>\n\u2013 Personalizado com nome e data<br \/>\n\u2013 Com vela branca<br \/>\n\u2013 Decora\u00e7\u00e3o com flores<\/p>\n<p>Tamanho: 8,5cm de di\u00e2metro<br \/>\nO la\u00e7o pode ser de outra cor, indique nas notas da encomenda ao finalizar a compra.<\/p>\n<p><strong>M\u00ednimo compra 15 unidades\u00a0<\/strong>( caso necessite de menos entre em contacto connosco).<\/p>\n","protected":false},"featured_media":13933,"comment_status":"open","ping_status":"closed","template":"","meta":[],"product_cat":[96,101],"product_tag":[],"yoast_head":"<!-- This site is optimized with the Yoast SEO plugin v14.5 - https:\/\/yoast.com\/wordpress\/plugins\/seo\/ -->\n<title>Porta Velas Circulo com Caixa - WorkLaser<\/title>\n<meta name=\"robots\" content=\"index, follow\" \/>\n<meta name=\"googlebot\" content=\"index, follow, max-snippet:-1, max-image-preview:large, max-video-preview:-1\" \/>\n<meta name=\"bingbot\" content=\"index, follow, max-snippet:-1, max-image-preview:large, max-video-preview:-1\" \/>\n<link rel=\"canonical\" href=\"https:\/\/worklaser.pt\/?product=13941\" \/>\n<meta property=\"og:locale\" content=\"pt_PT\" \/>\n<meta property=\"og:type\" content=\"article\" \/>\n<meta property=\"og:title\" content=\"Porta Velas Circulo com Caixa - WorkLaser\" \/>\n<meta property=\"og:description\" content=\"Porta vela em madeira -\u00a0 Com caixa e la\u00e7o \u2013 Personalizado com nome e data \u2013 Com vela branca \u2013 Decora\u00e7\u00e3o com flores  Tamanho: 8,5cm de di\u00e2metro O la\u00e7o pode ser de outra cor, indique nas notas da encomenda ao finalizar a compra.  M\u00ednimo compra 15 unidades\u00a0( caso necessite de menos entre em contacto connosco).\" \/>\n<meta property=\"og:url\" content=\"https:\/\/worklaser.pt\/?product=13941\" \/>\n<meta property=\"og:site_name\" content=\"WorkLaser\" \/>\n<meta property=\"article:publisher\" content=\"https:\/\/www.facebook.com\/worklaser\" \/>\n<meta property=\"article:modified_time\" content=\"2026-01-21T14:56:31+00:00\" \/>\n<meta property=\"og:image\" content=\"https:\/\/worklaser.pt\/wp-content\/uploads\/2026\/01\/Design-sem-nome-2026-01-21T142825.255.png\" \/>\n\t<meta property=\"og:image:width\" content=\"940\" \/>\n\t<meta property=\"og:image:height\" content=\"735\" \/>\n<meta property=\"fb:app_id\" content=\"275000290498322\" \/>\n<meta name=\"twitter:card\" content=\"summary_large_image\" \/>\n<script type=\"application\/ld+json\" class=\"yoast-schema-graph\">{\"@context\":\"https:\/\/schema.org\",\"@graph\":[{\"@type\":\"WebSite\",\"@id\":\"https:\/\/worklaser.pt\/#website\",\"url\":\"https:\/\/worklaser.pt\/\",\"name\":\"WorkLaser\",\"description\":\"Loja Online\",\"potentialAction\":[{\"@type\":\"SearchAction\",\"target\":\"https:\/\/worklaser.pt\/?s={search_term_string}\",\"query-input\":\"required name=search_term_string\"}],\"inLanguage\":\"pt-PT\"},{\"@type\":\"ImageObject\",\"@id\":\"https:\/\/worklaser.pt\/?product=13941#primaryimage\",\"inLanguage\":\"pt-PT\",\"url\":\"https:\/\/worklaser.pt\/wp-content\/uploads\/2026\/01\/Design-sem-nome-2026-01-21T142825.255.png\",\"width\":940,\"height\":735},{\"@type\":\"WebPage\",\"@id\":\"https:\/\/worklaser.pt\/?product=13941#webpage\",\"url\":\"https:\/\/worklaser.pt\/?product=13941\",\"name\":\"Porta Velas Circulo com Caixa - WorkLaser\",\"isPartOf\":{\"@id\":\"https:\/\/worklaser.pt\/#website\"},\"primaryImageOfPage\":{\"@id\":\"https:\/\/worklaser.pt\/?product=13941#primaryimage\"},\"datePublished\":\"2026-01-21T14:55:47+00:00\",\"dateModified\":\"2026-01-21T14:56:31+00:00\",\"inLanguage\":\"pt-PT\",\"potentialAction\":[{\"@type\":\"ReadAction\",\"target\":[\"https:\/\/worklaser.pt\/?product=13941\"]}]}]}<\/script>\n<!-- \/ Yoast SEO plugin. -->","builder_content":"","_links":{"self":[{"href":"https:\/\/worklaser.pt\/index.php?rest_route=\/wp\/v2\/product\/13941"}],"collection":[{"href":"https:\/\/worklaser.pt\/index.php?rest_route=\/wp\/v2\/product"}],"about":[{"href":"https:\/\/worklaser.pt\/index.php?rest_route=\/wp\/v2\/types\/product"}],"replies":[{"embeddable":true,"href":"https:\/\/worklaser.pt\/index.php?rest_route=%2Fwp%2Fv2%2Fcomments&post=13941"}],"wp:featuredmedia":[{"embeddable":true,"href":"https:\/\/worklaser.pt\/index.php?rest_route=\/wp\/v2\/media\/13933"}],"wp:attachment":[{"href":"https:\/\/worklaser.pt\/index.php?rest_route=%2Fwp%2Fv2%2Fmedia&parent=13941"}],"wp:term":[{"taxonomy":"product_cat","embeddable":true,"href":"https:\/\/worklaser.pt\/index.php?rest_route=%2Fwp%2Fv2%2Fproduct_cat&post=13941"},{"taxonomy":"product_tag","embeddable":true,"href":"https:\/\/worklaser.pt\/index.php?rest_route=%2Fwp%2Fv2%2Fproduct_tag&post=13941"}],"curies":[{"name":"wp","href":"https:\/\/api.w.org\/{rel}","templated":true}]}}