{"id":13922,"date":"2026-01-08T10:44:24","date_gmt":"2026-01-08T10:44:24","guid":{"rendered":"https:\/\/worklaser.pt\/?post_type=product&#038;p=13922"},"modified":"2026-03-12T11:04:56","modified_gmt":"2026-03-12T11:04:56","slug":"porta-velas-magnolia","status":"publish","type":"product","link":"https:\/\/worklaser.pt\/?product=porta-velas-magnolia","title":{"rendered":"Porta Velas Magn\u00f3lia"},"content":{"rendered":"","protected":false},"excerpt":{"rendered":"<p>Porta vela c\u00edrculo em mdf branco (madeira).<br \/>\n\u2013 Personalizado com nomes e data<br \/>\n\u2013 Com vela branca<br \/>\n\u2013 Decora\u00e7\u00e3o com flores<br \/>\n&#8211; Com caixa e la\u00e7o de cetim<\/p>\n<p>Tamanho: 8,5cm de di\u00e2metro<\/p>\n<p><strong>M\u00ednimo compra 15 unidades\u00a0<\/strong>( caso necessite de menos entre em contacto connosco).<\/p>\n<p>Tempo de entrega 20-25 dias \u00fateis<\/p>\n<p>O tamanho da caixa pode variar, mas o estilo ser\u00e1 sempre o mesmo e o porta velas sempre igual e do mesmo tamanho.<\/p>\n<p>A cor do la\u00e7o pode ser alterada, indique nas notas da encomenda a cor que gostaria.<\/p>\n","protected":false},"featured_media":13923,"comment_status":"open","ping_status":"closed","template":"","meta":[],"product_cat":[48,56,77],"product_tag":[],"yoast_head":"<!-- This site is optimized with the Yoast SEO plugin v14.5 - https:\/\/yoast.com\/wordpress\/plugins\/seo\/ -->\n<title>Porta Velas Magn\u00f3lia - WorkLaser<\/title>\n<meta name=\"robots\" content=\"index, follow\" \/>\n<meta name=\"googlebot\" content=\"index, follow, max-snippet:-1, max-image-preview:large, max-video-preview:-1\" \/>\n<meta name=\"bingbot\" content=\"index, follow, max-snippet:-1, max-image-preview:large, max-video-preview:-1\" \/>\n<link rel=\"canonical\" href=\"https:\/\/worklaser.pt\/?product=porta-velas-magnolia\" \/>\n<meta property=\"og:locale\" content=\"pt_PT\" \/>\n<meta property=\"og:type\" content=\"article\" \/>\n<meta property=\"og:title\" content=\"Porta Velas Magn\u00f3lia - WorkLaser\" \/>\n<meta property=\"og:description\" content=\"Porta vela c\u00edrculo em mdf branco (madeira). \u2013 Personalizado com nomes e data \u2013 Com vela branca \u2013 Decora\u00e7\u00e3o com flores - Com caixa e la\u00e7o de cetim  Tamanho: 8,5cm de di\u00e2metro  M\u00ednimo compra 15 unidades\u00a0( caso necessite de menos entre em contacto connosco).  Tempo de entrega 20-25 dias \u00fateis  O tamanho da caixa pode variar, mas o estilo ser\u00e1 sempre o mesmo e o porta velas sempre igual e do mesmo tamanho.  A cor do la\u00e7o pode ser alterada, indique nas notas da encomenda a cor que gostaria.\" \/>\n<meta property=\"og:url\" content=\"https:\/\/worklaser.pt\/?product=porta-velas-magnolia\" \/>\n<meta property=\"og:site_name\" content=\"WorkLaser\" \/>\n<meta property=\"article:publisher\" content=\"https:\/\/www.facebook.com\/worklaser\" \/>\n<meta property=\"article:modified_time\" content=\"2026-03-12T11:04:56+00:00\" \/>\n<meta property=\"og:image\" content=\"https:\/\/worklaser.pt\/wp-content\/uploads\/2026\/01\/Design-sem-nome-2026-01-08T103231.975.png\" \/>\n\t<meta property=\"og:image:width\" content=\"940\" \/>\n\t<meta property=\"og:image:height\" content=\"733\" \/>\n<meta property=\"fb:app_id\" content=\"275000290498322\" \/>\n<meta name=\"twitter:card\" content=\"summary_large_image\" \/>\n<script type=\"application\/ld+json\" class=\"yoast-schema-graph\">{\"@context\":\"https:\/\/schema.org\",\"@graph\":[{\"@type\":\"WebSite\",\"@id\":\"https:\/\/worklaser.pt\/#website\",\"url\":\"https:\/\/worklaser.pt\/\",\"name\":\"WorkLaser\",\"description\":\"Loja Online\",\"potentialAction\":[{\"@type\":\"SearchAction\",\"target\":\"https:\/\/worklaser.pt\/?s={search_term_string}\",\"query-input\":\"required name=search_term_string\"}],\"inLanguage\":\"pt-PT\"},{\"@type\":\"ImageObject\",\"@id\":\"https:\/\/worklaser.pt\/?product=porta-velas-magnolia#primaryimage\",\"inLanguage\":\"pt-PT\",\"url\":\"https:\/\/worklaser.pt\/wp-content\/uploads\/2026\/01\/Design-sem-nome-2026-01-08T103231.975.png\",\"width\":940,\"height\":733},{\"@type\":\"WebPage\",\"@id\":\"https:\/\/worklaser.pt\/?product=porta-velas-magnolia#webpage\",\"url\":\"https:\/\/worklaser.pt\/?product=porta-velas-magnolia\",\"name\":\"Porta Velas Magn\\u00f3lia - WorkLaser\",\"isPartOf\":{\"@id\":\"https:\/\/worklaser.pt\/#website\"},\"primaryImageOfPage\":{\"@id\":\"https:\/\/worklaser.pt\/?product=porta-velas-magnolia#primaryimage\"},\"datePublished\":\"2026-01-08T10:44:24+00:00\",\"dateModified\":\"2026-03-12T11:04:56+00:00\",\"inLanguage\":\"pt-PT\",\"potentialAction\":[{\"@type\":\"ReadAction\",\"target\":[\"https:\/\/worklaser.pt\/?product=porta-velas-magnolia\"]}]}]}<\/script>\n<!-- \/ Yoast SEO plugin. -->","builder_content":"","_links":{"self":[{"href":"https:\/\/worklaser.pt\/index.php?rest_route=\/wp\/v2\/product\/13922"}],"collection":[{"href":"https:\/\/worklaser.pt\/index.php?rest_route=\/wp\/v2\/product"}],"about":[{"href":"https:\/\/worklaser.pt\/index.php?rest_route=\/wp\/v2\/types\/product"}],"replies":[{"embeddable":true,"href":"https:\/\/worklaser.pt\/index.php?rest_route=%2Fwp%2Fv2%2Fcomments&post=13922"}],"wp:featuredmedia":[{"embeddable":true,"href":"https:\/\/worklaser.pt\/index.php?rest_route=\/wp\/v2\/media\/13923"}],"wp:attachment":[{"href":"https:\/\/worklaser.pt\/index.php?rest_route=%2Fwp%2Fv2%2Fmedia&parent=13922"}],"wp:term":[{"taxonomy":"product_cat","embeddable":true,"href":"https:\/\/worklaser.pt\/index.php?rest_route=%2Fwp%2Fv2%2Fproduct_cat&post=13922"},{"taxonomy":"product_tag","embeddable":true,"href":"https:\/\/worklaser.pt\/index.php?rest_route=%2Fwp%2Fv2%2Fproduct_tag&post=13922"}],"curies":[{"name":"wp","href":"https:\/\/api.w.org\/{rel}","templated":true}]}}