{"id":13905,"date":"2025-11-19T18:55:35","date_gmt":"2025-11-19T18:55:35","guid":{"rendered":"https:\/\/worklaser.pt\/?post_type=product&#038;p=13905"},"modified":"2025-11-19T18:55:35","modified_gmt":"2025-11-19T18:55:35","slug":"iman-acrilico-bodas-ouro","status":"publish","type":"product","link":"https:\/\/worklaser.pt\/?product=iman-acrilico-bodas-ouro","title":{"rendered":"\u00cdman Acr\u00edlico Bodas Ouro"},"content":{"rendered":"","protected":false},"excerpt":{"rendered":"<p>\u00cdman em acr\u00edlico formato cora\u00e7\u00e3o com aplica\u00e7\u00e3o dourada e flores secas.<br \/>\nPersonalizado com nomes e data<br \/>\nTamanho: 8,5cm x 7,4cm<\/p>\n<p><strong>M\u00ednimo compra 15 unidades\u00a0<\/strong>( caso necessite de menos entre em contacto connosco).<\/p>\n","protected":false},"featured_media":13897,"comment_status":"open","ping_status":"closed","template":"","meta":[],"product_cat":[99],"product_tag":[],"yoast_head":"<!-- This site is optimized with the Yoast SEO plugin v14.5 - https:\/\/yoast.com\/wordpress\/plugins\/seo\/ -->\n<title>\u00cdman Acr\u00edlico Bodas Ouro - WorkLaser<\/title>\n<meta name=\"robots\" content=\"index, follow\" \/>\n<meta name=\"googlebot\" content=\"index, follow, max-snippet:-1, max-image-preview:large, max-video-preview:-1\" \/>\n<meta name=\"bingbot\" content=\"index, follow, max-snippet:-1, max-image-preview:large, max-video-preview:-1\" \/>\n<link rel=\"canonical\" href=\"https:\/\/worklaser.pt\/?product=iman-acrilico-bodas-ouro\" \/>\n<meta property=\"og:locale\" content=\"pt_PT\" \/>\n<meta property=\"og:type\" content=\"article\" \/>\n<meta property=\"og:title\" content=\"\u00cdman Acr\u00edlico Bodas Ouro - WorkLaser\" \/>\n<meta property=\"og:description\" content=\"\u00cdman em acr\u00edlico formato cora\u00e7\u00e3o com aplica\u00e7\u00e3o dourada e flores secas. Personalizado com nomes e data Tamanho: 8,5cm x 7,4cm  M\u00ednimo compra 15 unidades\u00a0( caso necessite de menos entre em contacto connosco).\" \/>\n<meta property=\"og:url\" content=\"https:\/\/worklaser.pt\/?product=iman-acrilico-bodas-ouro\" \/>\n<meta property=\"og:site_name\" content=\"WorkLaser\" \/>\n<meta property=\"article:publisher\" content=\"https:\/\/www.facebook.com\/worklaser\" \/>\n<meta property=\"og:image\" content=\"https:\/\/worklaser.pt\/wp-content\/uploads\/2025\/11\/5-2.png\" \/>\n\t<meta property=\"og:image:width\" content=\"940\" \/>\n\t<meta property=\"og:image:height\" content=\"735\" \/>\n<meta property=\"fb:app_id\" content=\"275000290498322\" \/>\n<meta name=\"twitter:card\" content=\"summary_large_image\" \/>\n<script type=\"application\/ld+json\" class=\"yoast-schema-graph\">{\"@context\":\"https:\/\/schema.org\",\"@graph\":[{\"@type\":\"WebSite\",\"@id\":\"https:\/\/worklaser.pt\/#website\",\"url\":\"https:\/\/worklaser.pt\/\",\"name\":\"WorkLaser\",\"description\":\"Loja Online\",\"potentialAction\":[{\"@type\":\"SearchAction\",\"target\":\"https:\/\/worklaser.pt\/?s={search_term_string}\",\"query-input\":\"required name=search_term_string\"}],\"inLanguage\":\"pt-PT\"},{\"@type\":\"ImageObject\",\"@id\":\"https:\/\/worklaser.pt\/?product=iman-acrilico-bodas-ouro#primaryimage\",\"inLanguage\":\"pt-PT\",\"url\":\"https:\/\/worklaser.pt\/wp-content\/uploads\/2025\/11\/5-2.png\",\"width\":940,\"height\":735},{\"@type\":\"WebPage\",\"@id\":\"https:\/\/worklaser.pt\/?product=iman-acrilico-bodas-ouro#webpage\",\"url\":\"https:\/\/worklaser.pt\/?product=iman-acrilico-bodas-ouro\",\"name\":\"\\u00cdman Acr\\u00edlico Bodas Ouro - WorkLaser\",\"isPartOf\":{\"@id\":\"https:\/\/worklaser.pt\/#website\"},\"primaryImageOfPage\":{\"@id\":\"https:\/\/worklaser.pt\/?product=iman-acrilico-bodas-ouro#primaryimage\"},\"datePublished\":\"2025-11-19T18:55:35+00:00\",\"dateModified\":\"2025-11-19T18:55:35+00:00\",\"inLanguage\":\"pt-PT\",\"potentialAction\":[{\"@type\":\"ReadAction\",\"target\":[\"https:\/\/worklaser.pt\/?product=iman-acrilico-bodas-ouro\"]}]}]}<\/script>\n<!-- \/ Yoast SEO plugin. -->","builder_content":"","_links":{"self":[{"href":"https:\/\/worklaser.pt\/index.php?rest_route=\/wp\/v2\/product\/13905"}],"collection":[{"href":"https:\/\/worklaser.pt\/index.php?rest_route=\/wp\/v2\/product"}],"about":[{"href":"https:\/\/worklaser.pt\/index.php?rest_route=\/wp\/v2\/types\/product"}],"replies":[{"embeddable":true,"href":"https:\/\/worklaser.pt\/index.php?rest_route=%2Fwp%2Fv2%2Fcomments&post=13905"}],"wp:featuredmedia":[{"embeddable":true,"href":"https:\/\/worklaser.pt\/index.php?rest_route=\/wp\/v2\/media\/13897"}],"wp:attachment":[{"href":"https:\/\/worklaser.pt\/index.php?rest_route=%2Fwp%2Fv2%2Fmedia&parent=13905"}],"wp:term":[{"taxonomy":"product_cat","embeddable":true,"href":"https:\/\/worklaser.pt\/index.php?rest_route=%2Fwp%2Fv2%2Fproduct_cat&post=13905"},{"taxonomy":"product_tag","embeddable":true,"href":"https:\/\/worklaser.pt\/index.php?rest_route=%2Fwp%2Fv2%2Fproduct_tag&post=13905"}],"curies":[{"name":"wp","href":"https:\/\/api.w.org\/{rel}","templated":true}]}}