{"id":13903,"date":"2025-11-19T18:49:28","date_gmt":"2025-11-19T18:49:28","guid":{"rendered":"https:\/\/worklaser.pt\/?post_type=product&#038;p=13903"},"modified":"2026-04-16T17:43:02","modified_gmt":"2026-04-16T17:43:02","slug":"porta-velas-coracao-bodas","status":"publish","type":"product","link":"https:\/\/worklaser.pt\/?product=porta-velas-coracao-bodas","title":{"rendered":"Porta Velas Cora\u00e7\u00e3o Bodas"},"content":{"rendered":"","protected":false},"excerpt":{"rendered":"<p>Porta vela cora\u00e7\u00e3o em madeira escurecida<br \/>\n\u2013 Com vela branca<br \/>\n\u2013 Decora\u00e7\u00e3o com flores e pingente cora\u00e7\u00e3o personalizado<br \/>\nTamanho: 9cm x 8cm<\/p>\n<p><strong>M\u00ednimo compra 15 unidades\u00a0<\/strong>( caso necessite de menos entre em contacto connosco).<\/p>\n<p>Tempo de entrega 15-20 dias \u00fateis<\/p>\n","protected":false},"featured_media":13896,"comment_status":"open","ping_status":"closed","template":"","meta":[],"product_cat":[99],"product_tag":[],"yoast_head":"<!-- This site is optimized with the Yoast SEO plugin v14.5 - https:\/\/yoast.com\/wordpress\/plugins\/seo\/ -->\n<title>Porta Velas Cora\u00e7\u00e3o Bodas - WorkLaser<\/title>\n<meta name=\"robots\" content=\"index, follow\" \/>\n<meta name=\"googlebot\" content=\"index, follow, max-snippet:-1, max-image-preview:large, max-video-preview:-1\" \/>\n<meta name=\"bingbot\" content=\"index, follow, max-snippet:-1, max-image-preview:large, max-video-preview:-1\" \/>\n<link rel=\"canonical\" href=\"https:\/\/worklaser.pt\/?product=porta-velas-coracao-bodas\" \/>\n<meta property=\"og:locale\" content=\"pt_PT\" \/>\n<meta property=\"og:type\" content=\"article\" \/>\n<meta property=\"og:title\" content=\"Porta Velas Cora\u00e7\u00e3o Bodas - WorkLaser\" \/>\n<meta property=\"og:description\" content=\"Porta vela cora\u00e7\u00e3o em madeira escurecida \u2013 Com vela branca \u2013 Decora\u00e7\u00e3o com flores e pingente cora\u00e7\u00e3o personalizado Tamanho: 9cm x 8cm  M\u00ednimo compra 15 unidades\u00a0( caso necessite de menos entre em contacto connosco).  Tempo de entrega 15-20 dias \u00fateis\" \/>\n<meta property=\"og:url\" content=\"https:\/\/worklaser.pt\/?product=porta-velas-coracao-bodas\" \/>\n<meta property=\"og:site_name\" content=\"WorkLaser\" \/>\n<meta property=\"article:publisher\" content=\"https:\/\/www.facebook.com\/worklaser\" \/>\n<meta property=\"article:modified_time\" content=\"2026-04-16T17:43:02+00:00\" \/>\n<meta property=\"og:image\" content=\"https:\/\/worklaser.pt\/wp-content\/uploads\/2025\/11\/4-3.png\" \/>\n\t<meta property=\"og:image:width\" content=\"940\" \/>\n\t<meta property=\"og:image:height\" content=\"733\" \/>\n<meta property=\"fb:app_id\" content=\"275000290498322\" \/>\n<meta name=\"twitter:card\" content=\"summary_large_image\" \/>\n<script type=\"application\/ld+json\" class=\"yoast-schema-graph\">{\"@context\":\"https:\/\/schema.org\",\"@graph\":[{\"@type\":\"WebSite\",\"@id\":\"https:\/\/worklaser.pt\/#website\",\"url\":\"https:\/\/worklaser.pt\/\",\"name\":\"WorkLaser\",\"description\":\"Loja Online\",\"potentialAction\":[{\"@type\":\"SearchAction\",\"target\":\"https:\/\/worklaser.pt\/?s={search_term_string}\",\"query-input\":\"required name=search_term_string\"}],\"inLanguage\":\"pt-PT\"},{\"@type\":\"ImageObject\",\"@id\":\"https:\/\/worklaser.pt\/?product=porta-velas-coracao-bodas#primaryimage\",\"inLanguage\":\"pt-PT\",\"url\":\"https:\/\/worklaser.pt\/wp-content\/uploads\/2025\/11\/4-3.png\",\"width\":940,\"height\":733},{\"@type\":\"WebPage\",\"@id\":\"https:\/\/worklaser.pt\/?product=porta-velas-coracao-bodas#webpage\",\"url\":\"https:\/\/worklaser.pt\/?product=porta-velas-coracao-bodas\",\"name\":\"Porta Velas Cora\\u00e7\\u00e3o Bodas - WorkLaser\",\"isPartOf\":{\"@id\":\"https:\/\/worklaser.pt\/#website\"},\"primaryImageOfPage\":{\"@id\":\"https:\/\/worklaser.pt\/?product=porta-velas-coracao-bodas#primaryimage\"},\"datePublished\":\"2025-11-19T18:49:28+00:00\",\"dateModified\":\"2026-04-16T17:43:02+00:00\",\"inLanguage\":\"pt-PT\",\"potentialAction\":[{\"@type\":\"ReadAction\",\"target\":[\"https:\/\/worklaser.pt\/?product=porta-velas-coracao-bodas\"]}]}]}<\/script>\n<!-- \/ Yoast SEO plugin. -->","builder_content":"","_links":{"self":[{"href":"https:\/\/worklaser.pt\/index.php?rest_route=\/wp\/v2\/product\/13903"}],"collection":[{"href":"https:\/\/worklaser.pt\/index.php?rest_route=\/wp\/v2\/product"}],"about":[{"href":"https:\/\/worklaser.pt\/index.php?rest_route=\/wp\/v2\/types\/product"}],"replies":[{"embeddable":true,"href":"https:\/\/worklaser.pt\/index.php?rest_route=%2Fwp%2Fv2%2Fcomments&post=13903"}],"wp:featuredmedia":[{"embeddable":true,"href":"https:\/\/worklaser.pt\/index.php?rest_route=\/wp\/v2\/media\/13896"}],"wp:attachment":[{"href":"https:\/\/worklaser.pt\/index.php?rest_route=%2Fwp%2Fv2%2Fmedia&parent=13903"}],"wp:term":[{"taxonomy":"product_cat","embeddable":true,"href":"https:\/\/worklaser.pt\/index.php?rest_route=%2Fwp%2Fv2%2Fproduct_cat&post=13903"},{"taxonomy":"product_tag","embeddable":true,"href":"https:\/\/worklaser.pt\/index.php?rest_route=%2Fwp%2Fv2%2Fproduct_tag&post=13903"}],"curies":[{"name":"wp","href":"https:\/\/api.w.org\/{rel}","templated":true}]}}