{"id":13860,"date":"2025-11-15T16:40:27","date_gmt":"2025-11-15T16:40:27","guid":{"rendered":"https:\/\/worklaser.pt\/?post_type=product&#038;p=13860"},"modified":"2026-03-12T11:48:07","modified_gmt":"2026-03-12T11:48:07","slug":"iman-aurora","status":"publish","type":"product","link":"https:\/\/worklaser.pt\/?product=iman-aurora","title":{"rendered":"\u00cdman Aurora"},"content":{"rendered":"","protected":false},"excerpt":{"rendered":"<p>\u00cdman em mdf branco personalizado.<br \/>\nAplique em acr\u00edlico dourado espelhado personalizado.<br \/>\nLa\u00e7o de cetim.<br \/>\nInclui o cart\u00e3o<\/p>\n<p>Tamanho do \u00edman: 8,5 x 6cm<\/p>\n<p><strong>M\u00ednimo compra 15 unidades<\/strong><\/p>\n<p>Tempo de produ\u00e7\u00e3o 20 dias \u00fateis<\/p>\n","protected":false},"featured_media":13846,"comment_status":"open","ping_status":"closed","template":"","meta":[],"product_cat":[48,56,70],"product_tag":[],"yoast_head":"<!-- This site is optimized with the Yoast SEO plugin v14.5 - https:\/\/yoast.com\/wordpress\/plugins\/seo\/ -->\n<title>\u00cdman Aurora - WorkLaser<\/title>\n<meta name=\"robots\" content=\"index, follow\" \/>\n<meta name=\"googlebot\" content=\"index, follow, max-snippet:-1, max-image-preview:large, max-video-preview:-1\" \/>\n<meta name=\"bingbot\" content=\"index, follow, max-snippet:-1, max-image-preview:large, max-video-preview:-1\" \/>\n<link rel=\"canonical\" href=\"https:\/\/worklaser.pt\/?product=iman-aurora\" \/>\n<meta property=\"og:locale\" content=\"pt_PT\" \/>\n<meta property=\"og:type\" content=\"article\" \/>\n<meta property=\"og:title\" content=\"\u00cdman Aurora - WorkLaser\" \/>\n<meta property=\"og:description\" content=\"\u00cdman em mdf branco personalizado. Aplique em acr\u00edlico dourado espelhado personalizado. La\u00e7o de cetim. Inclui o cart\u00e3o  Tamanho do \u00edman: 8,5 x 6cm  M\u00ednimo compra 15 unidades  Tempo de produ\u00e7\u00e3o 20 dias \u00fateis\" \/>\n<meta property=\"og:url\" content=\"https:\/\/worklaser.pt\/?product=iman-aurora\" \/>\n<meta property=\"og:site_name\" content=\"WorkLaser\" \/>\n<meta property=\"article:publisher\" content=\"https:\/\/www.facebook.com\/worklaser\" \/>\n<meta property=\"article:modified_time\" content=\"2026-03-12T11:48:07+00:00\" \/>\n<meta property=\"og:image\" content=\"https:\/\/worklaser.pt\/wp-content\/uploads\/2025\/11\/Design-sem-nome-2025-11-15T160332.734.png\" \/>\n\t<meta property=\"og:image:width\" content=\"940\" \/>\n\t<meta property=\"og:image:height\" content=\"732\" \/>\n<meta property=\"fb:app_id\" content=\"275000290498322\" \/>\n<meta name=\"twitter:card\" content=\"summary_large_image\" \/>\n<script type=\"application\/ld+json\" class=\"yoast-schema-graph\">{\"@context\":\"https:\/\/schema.org\",\"@graph\":[{\"@type\":\"WebSite\",\"@id\":\"https:\/\/worklaser.pt\/#website\",\"url\":\"https:\/\/worklaser.pt\/\",\"name\":\"WorkLaser\",\"description\":\"Loja Online\",\"potentialAction\":[{\"@type\":\"SearchAction\",\"target\":\"https:\/\/worklaser.pt\/?s={search_term_string}\",\"query-input\":\"required name=search_term_string\"}],\"inLanguage\":\"pt-PT\"},{\"@type\":\"ImageObject\",\"@id\":\"https:\/\/worklaser.pt\/?product=iman-aurora#primaryimage\",\"inLanguage\":\"pt-PT\",\"url\":\"https:\/\/worklaser.pt\/wp-content\/uploads\/2025\/11\/Design-sem-nome-2025-11-15T160332.734.png\",\"width\":940,\"height\":732},{\"@type\":\"WebPage\",\"@id\":\"https:\/\/worklaser.pt\/?product=iman-aurora#webpage\",\"url\":\"https:\/\/worklaser.pt\/?product=iman-aurora\",\"name\":\"\\u00cdman Aurora - WorkLaser\",\"isPartOf\":{\"@id\":\"https:\/\/worklaser.pt\/#website\"},\"primaryImageOfPage\":{\"@id\":\"https:\/\/worklaser.pt\/?product=iman-aurora#primaryimage\"},\"datePublished\":\"2025-11-15T16:40:27+00:00\",\"dateModified\":\"2026-03-12T11:48:07+00:00\",\"inLanguage\":\"pt-PT\",\"potentialAction\":[{\"@type\":\"ReadAction\",\"target\":[\"https:\/\/worklaser.pt\/?product=iman-aurora\"]}]}]}<\/script>\n<!-- \/ Yoast SEO plugin. -->","builder_content":"","_links":{"self":[{"href":"https:\/\/worklaser.pt\/index.php?rest_route=\/wp\/v2\/product\/13860"}],"collection":[{"href":"https:\/\/worklaser.pt\/index.php?rest_route=\/wp\/v2\/product"}],"about":[{"href":"https:\/\/worklaser.pt\/index.php?rest_route=\/wp\/v2\/types\/product"}],"replies":[{"embeddable":true,"href":"https:\/\/worklaser.pt\/index.php?rest_route=%2Fwp%2Fv2%2Fcomments&post=13860"}],"wp:featuredmedia":[{"embeddable":true,"href":"https:\/\/worklaser.pt\/index.php?rest_route=\/wp\/v2\/media\/13846"}],"wp:attachment":[{"href":"https:\/\/worklaser.pt\/index.php?rest_route=%2Fwp%2Fv2%2Fmedia&parent=13860"}],"wp:term":[{"taxonomy":"product_cat","embeddable":true,"href":"https:\/\/worklaser.pt\/index.php?rest_route=%2Fwp%2Fv2%2Fproduct_cat&post=13860"},{"taxonomy":"product_tag","embeddable":true,"href":"https:\/\/worklaser.pt\/index.php?rest_route=%2Fwp%2Fv2%2Fproduct_tag&post=13860"}],"curies":[{"name":"wp","href":"https:\/\/api.w.org\/{rel}","templated":true}]}}