{"id":13850,"date":"2025-11-15T16:34:54","date_gmt":"2025-11-15T16:34:54","guid":{"rendered":"https:\/\/worklaser.pt\/?post_type=product&#038;p=13850"},"modified":"2025-11-15T16:55:24","modified_gmt":"2025-11-15T16:55:24","slug":"quadro-de-honra-aurora","status":"publish","type":"product","link":"https:\/\/worklaser.pt\/?product=quadro-de-honra-aurora","title":{"rendered":"Quadro de Honra Aurora"},"content":{"rendered":"","protected":false},"excerpt":{"rendered":"<p>Quadro de honra em madeira com pintura.<br \/>\nPersonalizado com nomes e data.<br \/>\nO quadro da fotografia \u00e9 o tamanho mais pequeno com 60 cora\u00e7\u00f5es.<\/p>\n<p>-fundo creme<br \/>\n-moldura branca<br \/>\n-tronco da arvore, noivos e cora\u00e7\u00e3o madeira natural<\/p>\n<p>Tempo de produ\u00e7\u00e3o 20-25 dias \u00fateis<\/p>\n<p>&nbsp;<\/p>\n<p>&nbsp;<\/p>\n","protected":false},"featured_media":13843,"comment_status":"open","ping_status":"closed","template":"","meta":[],"product_cat":[48,57,83],"product_tag":[],"yoast_head":"<!-- This site is optimized with the Yoast SEO plugin v14.5 - https:\/\/yoast.com\/wordpress\/plugins\/seo\/ -->\n<title>Quadro de Honra Aurora - WorkLaser<\/title>\n<meta name=\"robots\" content=\"index, follow\" \/>\n<meta name=\"googlebot\" content=\"index, follow, max-snippet:-1, max-image-preview:large, max-video-preview:-1\" \/>\n<meta name=\"bingbot\" content=\"index, follow, max-snippet:-1, max-image-preview:large, max-video-preview:-1\" \/>\n<link rel=\"canonical\" href=\"https:\/\/worklaser.pt\/?product=quadro-de-honra-aurora\" \/>\n<meta property=\"og:locale\" content=\"pt_PT\" \/>\n<meta property=\"og:type\" content=\"article\" \/>\n<meta property=\"og:title\" content=\"Quadro de Honra Aurora - WorkLaser\" \/>\n<meta property=\"og:description\" content=\"Quadro de honra em madeira com pintura. Personalizado com nomes e data. O quadro da fotografia \u00e9 o tamanho mais pequeno com 60 cora\u00e7\u00f5es.  -fundo creme -moldura branca -tronco da arvore, noivos e cora\u00e7\u00e3o madeira natural  Tempo de produ\u00e7\u00e3o 20-25 dias \u00fateis  &nbsp;  &nbsp;\" \/>\n<meta property=\"og:url\" content=\"https:\/\/worklaser.pt\/?product=quadro-de-honra-aurora\" \/>\n<meta property=\"og:site_name\" content=\"WorkLaser\" \/>\n<meta property=\"article:publisher\" content=\"https:\/\/www.facebook.com\/worklaser\" \/>\n<meta property=\"article:modified_time\" content=\"2025-11-15T16:55:24+00:00\" \/>\n<meta property=\"og:image\" content=\"https:\/\/worklaser.pt\/wp-content\/uploads\/2025\/11\/Design-sem-nome-2025-11-15T160015.800.png\" \/>\n\t<meta property=\"og:image:width\" content=\"940\" \/>\n\t<meta property=\"og:image:height\" content=\"733\" \/>\n<meta property=\"fb:app_id\" content=\"275000290498322\" \/>\n<meta name=\"twitter:card\" content=\"summary_large_image\" \/>\n<script type=\"application\/ld+json\" class=\"yoast-schema-graph\">{\"@context\":\"https:\/\/schema.org\",\"@graph\":[{\"@type\":\"WebSite\",\"@id\":\"https:\/\/worklaser.pt\/#website\",\"url\":\"https:\/\/worklaser.pt\/\",\"name\":\"WorkLaser\",\"description\":\"Loja Online\",\"potentialAction\":[{\"@type\":\"SearchAction\",\"target\":\"https:\/\/worklaser.pt\/?s={search_term_string}\",\"query-input\":\"required name=search_term_string\"}],\"inLanguage\":\"pt-PT\"},{\"@type\":\"ImageObject\",\"@id\":\"https:\/\/worklaser.pt\/?product=quadro-de-honra-aurora#primaryimage\",\"inLanguage\":\"pt-PT\",\"url\":\"https:\/\/worklaser.pt\/wp-content\/uploads\/2025\/11\/Design-sem-nome-2025-11-15T160015.800.png\",\"width\":940,\"height\":733},{\"@type\":\"WebPage\",\"@id\":\"https:\/\/worklaser.pt\/?product=quadro-de-honra-aurora#webpage\",\"url\":\"https:\/\/worklaser.pt\/?product=quadro-de-honra-aurora\",\"name\":\"Quadro de Honra Aurora - WorkLaser\",\"isPartOf\":{\"@id\":\"https:\/\/worklaser.pt\/#website\"},\"primaryImageOfPage\":{\"@id\":\"https:\/\/worklaser.pt\/?product=quadro-de-honra-aurora#primaryimage\"},\"datePublished\":\"2025-11-15T16:34:54+00:00\",\"dateModified\":\"2025-11-15T16:55:24+00:00\",\"inLanguage\":\"pt-PT\",\"potentialAction\":[{\"@type\":\"ReadAction\",\"target\":[\"https:\/\/worklaser.pt\/?product=quadro-de-honra-aurora\"]}]}]}<\/script>\n<!-- \/ Yoast SEO plugin. -->","builder_content":"","_links":{"self":[{"href":"https:\/\/worklaser.pt\/index.php?rest_route=\/wp\/v2\/product\/13850"}],"collection":[{"href":"https:\/\/worklaser.pt\/index.php?rest_route=\/wp\/v2\/product"}],"about":[{"href":"https:\/\/worklaser.pt\/index.php?rest_route=\/wp\/v2\/types\/product"}],"replies":[{"embeddable":true,"href":"https:\/\/worklaser.pt\/index.php?rest_route=%2Fwp%2Fv2%2Fcomments&post=13850"}],"wp:featuredmedia":[{"embeddable":true,"href":"https:\/\/worklaser.pt\/index.php?rest_route=\/wp\/v2\/media\/13843"}],"wp:attachment":[{"href":"https:\/\/worklaser.pt\/index.php?rest_route=%2Fwp%2Fv2%2Fmedia&parent=13850"}],"wp:term":[{"taxonomy":"product_cat","embeddable":true,"href":"https:\/\/worklaser.pt\/index.php?rest_route=%2Fwp%2Fv2%2Fproduct_cat&post=13850"},{"taxonomy":"product_tag","embeddable":true,"href":"https:\/\/worklaser.pt\/index.php?rest_route=%2Fwp%2Fv2%2Fproduct_tag&post=13850"}],"curies":[{"name":"wp","href":"https:\/\/api.w.org\/{rel}","templated":true}]}}