{"id":1385,"date":"2019-10-29T17:06:33","date_gmt":"2019-10-29T17:06:33","guid":{"rendered":"http:\/\/worklaser.pt\/?post_type=product&#038;p=1385"},"modified":"2021-11-06T18:13:09","modified_gmt":"2021-11-06T18:13:09","slug":"abre-capsulas-4","status":"publish","type":"product","link":"https:\/\/worklaser.pt\/?product=abre-capsulas-4","title":{"rendered":"Abre C\u00e1psulas"},"content":{"rendered":"","protected":false},"excerpt":{"rendered":"<p>Tempo de entrega: 10 dias \u00fateis<\/p>\n<p>Abre c\u00e1psulas em metal preto com aplica\u00e7\u00e3o em madeira com grava\u00e7\u00e3o a laser \u201cUso exclusivo do melhor tio\u201d.<br \/>\nTamanho: 8,5cm de comprimento<\/p>\n<p>Possibilidade de grava\u00e7\u00e3o de frase personalizada.<\/p>\n<p>Caso pretenda alterar a frase do abre c\u00e1psulas selecione a op\u00e7\u00e3o &#8220;Sim&#8221; no campo da personaliza\u00e7\u00e3o.<\/p>\n","protected":false},"featured_media":1350,"comment_status":"open","ping_status":"closed","template":"","meta":[],"product_cat":[52,120],"product_tag":[],"yoast_head":"<!-- This site is optimized with the Yoast SEO plugin v14.5 - https:\/\/yoast.com\/wordpress\/plugins\/seo\/ -->\n<title>Abre C\u00e1psulas - WorkLaser<\/title>\n<meta name=\"robots\" content=\"index, follow\" \/>\n<meta name=\"googlebot\" content=\"index, follow, max-snippet:-1, max-image-preview:large, max-video-preview:-1\" \/>\n<meta name=\"bingbot\" content=\"index, follow, max-snippet:-1, max-image-preview:large, max-video-preview:-1\" \/>\n<link rel=\"canonical\" href=\"https:\/\/worklaser.pt\/?product=abre-capsulas-4\" \/>\n<meta property=\"og:locale\" content=\"pt_PT\" \/>\n<meta property=\"og:type\" content=\"article\" \/>\n<meta property=\"og:title\" content=\"Abre C\u00e1psulas - WorkLaser\" \/>\n<meta property=\"og:description\" content=\"Tempo de entrega: 10 dias \u00fateis  Abre c\u00e1psulas em metal preto com aplica\u00e7\u00e3o em madeira com grava\u00e7\u00e3o a laser \u201cUso exclusivo do melhor tio\u201d. Tamanho: 8,5cm de comprimento  Possibilidade de grava\u00e7\u00e3o de frase personalizada.  Caso pretenda alterar a frase do abre c\u00e1psulas selecione a op\u00e7\u00e3o &quot;Sim&quot; no campo da personaliza\u00e7\u00e3o.\" \/>\n<meta property=\"og:url\" content=\"https:\/\/worklaser.pt\/?product=abre-capsulas-4\" \/>\n<meta property=\"og:site_name\" content=\"WorkLaser\" \/>\n<meta property=\"article:publisher\" content=\"https:\/\/www.facebook.com\/worklaser\" \/>\n<meta property=\"article:modified_time\" content=\"2021-11-06T18:13:09+00:00\" \/>\n<meta property=\"og:image\" content=\"https:\/\/worklaser.pt\/wp-content\/uploads\/2019\/10\/abre-capsulas-1.jpg\" \/>\n\t<meta property=\"og:image:width\" content=\"1024\" \/>\n\t<meta property=\"og:image:height\" content=\"800\" \/>\n<meta property=\"fb:app_id\" content=\"275000290498322\" \/>\n<meta name=\"twitter:card\" content=\"summary_large_image\" \/>\n<script type=\"application\/ld+json\" class=\"yoast-schema-graph\">{\"@context\":\"https:\/\/schema.org\",\"@graph\":[{\"@type\":\"WebSite\",\"@id\":\"https:\/\/worklaser.pt\/#website\",\"url\":\"https:\/\/worklaser.pt\/\",\"name\":\"WorkLaser\",\"description\":\"Loja Online\",\"potentialAction\":[{\"@type\":\"SearchAction\",\"target\":\"https:\/\/worklaser.pt\/?s={search_term_string}\",\"query-input\":\"required name=search_term_string\"}],\"inLanguage\":\"pt-PT\"},{\"@type\":\"ImageObject\",\"@id\":\"https:\/\/worklaser.pt\/?product=abre-capsulas-4#primaryimage\",\"inLanguage\":\"pt-PT\",\"url\":\"https:\/\/worklaser.pt\/wp-content\/uploads\/2019\/10\/abre-capsulas-1.jpg\",\"width\":1024,\"height\":800},{\"@type\":\"WebPage\",\"@id\":\"https:\/\/worklaser.pt\/?product=abre-capsulas-4#webpage\",\"url\":\"https:\/\/worklaser.pt\/?product=abre-capsulas-4\",\"name\":\"Abre C\\u00e1psulas - WorkLaser\",\"isPartOf\":{\"@id\":\"https:\/\/worklaser.pt\/#website\"},\"primaryImageOfPage\":{\"@id\":\"https:\/\/worklaser.pt\/?product=abre-capsulas-4#primaryimage\"},\"datePublished\":\"2019-10-29T17:06:33+00:00\",\"dateModified\":\"2021-11-06T18:13:09+00:00\",\"inLanguage\":\"pt-PT\",\"potentialAction\":[{\"@type\":\"ReadAction\",\"target\":[\"https:\/\/worklaser.pt\/?product=abre-capsulas-4\"]}]}]}<\/script>\n<!-- \/ Yoast SEO plugin. -->","builder_content":"","_links":{"self":[{"href":"https:\/\/worklaser.pt\/index.php?rest_route=\/wp\/v2\/product\/1385"}],"collection":[{"href":"https:\/\/worklaser.pt\/index.php?rest_route=\/wp\/v2\/product"}],"about":[{"href":"https:\/\/worklaser.pt\/index.php?rest_route=\/wp\/v2\/types\/product"}],"replies":[{"embeddable":true,"href":"https:\/\/worklaser.pt\/index.php?rest_route=%2Fwp%2Fv2%2Fcomments&post=1385"}],"wp:featuredmedia":[{"embeddable":true,"href":"https:\/\/worklaser.pt\/index.php?rest_route=\/wp\/v2\/media\/1350"}],"wp:attachment":[{"href":"https:\/\/worklaser.pt\/index.php?rest_route=%2Fwp%2Fv2%2Fmedia&parent=1385"}],"wp:term":[{"taxonomy":"product_cat","embeddable":true,"href":"https:\/\/worklaser.pt\/index.php?rest_route=%2Fwp%2Fv2%2Fproduct_cat&post=1385"},{"taxonomy":"product_tag","embeddable":true,"href":"https:\/\/worklaser.pt\/index.php?rest_route=%2Fwp%2Fv2%2Fproduct_tag&post=1385"}],"curies":[{"name":"wp","href":"https:\/\/api.w.org\/{rel}","templated":true}]}}