{"id":13824,"date":"2025-11-12T18:04:48","date_gmt":"2025-11-12T18:04:48","guid":{"rendered":"https:\/\/worklaser.pt\/?post_type=product&#038;p=13824"},"modified":"2025-11-12T18:04:48","modified_gmt":"2025-11-12T18:04:48","slug":"convite-elegante-2","status":"publish","type":"product","link":"https:\/\/worklaser.pt\/?product=convite-elegante-2","title":{"rendered":"Convite Elegante"},"content":{"rendered":"","protected":false},"excerpt":{"rendered":"<p>Convite em papel 250gr com ligeiro brilho.<br \/>\nInclui Lacre e flores seca<\/p>\n<p>Ap\u00f3s valida\u00e7\u00e3o da encomenda (pagamento) receber\u00e1 o desenho digital do convite para confirma\u00e7\u00e3o.<\/p>\n<p>Tamanho: 18cm x 10cm<\/p>\n<p><strong>M\u00ednimo compra 15 unidades\u00a0<\/strong>( caso necessite de menos entre em contacto connosco).<\/p>\n<p>Tempo de entrega 15 dias \u00fateis<\/p>\n","protected":false},"featured_media":13826,"comment_status":"open","ping_status":"closed","template":"","meta":[],"product_cat":[49,86,149],"product_tag":[],"yoast_head":"<!-- This site is optimized with the Yoast SEO plugin v14.5 - https:\/\/yoast.com\/wordpress\/plugins\/seo\/ -->\n<title>Convite Elegante - WorkLaser<\/title>\n<meta name=\"robots\" content=\"index, follow\" \/>\n<meta name=\"googlebot\" content=\"index, follow, max-snippet:-1, max-image-preview:large, max-video-preview:-1\" \/>\n<meta name=\"bingbot\" content=\"index, follow, max-snippet:-1, max-image-preview:large, max-video-preview:-1\" \/>\n<link rel=\"canonical\" href=\"https:\/\/worklaser.pt\/?product=convite-elegante-2\" \/>\n<meta property=\"og:locale\" content=\"pt_PT\" \/>\n<meta property=\"og:type\" content=\"article\" \/>\n<meta property=\"og:title\" content=\"Convite Elegante - WorkLaser\" \/>\n<meta property=\"og:description\" content=\"Convite em papel 250gr com ligeiro brilho. Inclui Lacre e flores seca  Ap\u00f3s valida\u00e7\u00e3o da encomenda (pagamento) receber\u00e1 o desenho digital do convite para confirma\u00e7\u00e3o.  Tamanho: 18cm x 10cm  M\u00ednimo compra 15 unidades\u00a0( caso necessite de menos entre em contacto connosco).  Tempo de entrega 15 dias \u00fateis\" \/>\n<meta property=\"og:url\" content=\"https:\/\/worklaser.pt\/?product=convite-elegante-2\" \/>\n<meta property=\"og:site_name\" content=\"WorkLaser\" \/>\n<meta property=\"article:publisher\" content=\"https:\/\/www.facebook.com\/worklaser\" \/>\n<meta property=\"og:image\" content=\"https:\/\/worklaser.pt\/wp-content\/uploads\/2025\/11\/2-1.png\" \/>\n\t<meta property=\"og:image:width\" content=\"940\" \/>\n\t<meta property=\"og:image:height\" content=\"734\" \/>\n<meta property=\"fb:app_id\" content=\"275000290498322\" \/>\n<meta name=\"twitter:card\" content=\"summary_large_image\" \/>\n<script type=\"application\/ld+json\" class=\"yoast-schema-graph\">{\"@context\":\"https:\/\/schema.org\",\"@graph\":[{\"@type\":\"WebSite\",\"@id\":\"https:\/\/worklaser.pt\/#website\",\"url\":\"https:\/\/worklaser.pt\/\",\"name\":\"WorkLaser\",\"description\":\"Loja Online\",\"potentialAction\":[{\"@type\":\"SearchAction\",\"target\":\"https:\/\/worklaser.pt\/?s={search_term_string}\",\"query-input\":\"required name=search_term_string\"}],\"inLanguage\":\"pt-PT\"},{\"@type\":\"ImageObject\",\"@id\":\"https:\/\/worklaser.pt\/?product=convite-elegante-2#primaryimage\",\"inLanguage\":\"pt-PT\",\"url\":\"https:\/\/worklaser.pt\/wp-content\/uploads\/2025\/11\/2-1.png\",\"width\":940,\"height\":734},{\"@type\":\"WebPage\",\"@id\":\"https:\/\/worklaser.pt\/?product=convite-elegante-2#webpage\",\"url\":\"https:\/\/worklaser.pt\/?product=convite-elegante-2\",\"name\":\"Convite Elegante - WorkLaser\",\"isPartOf\":{\"@id\":\"https:\/\/worklaser.pt\/#website\"},\"primaryImageOfPage\":{\"@id\":\"https:\/\/worklaser.pt\/?product=convite-elegante-2#primaryimage\"},\"datePublished\":\"2025-11-12T18:04:48+00:00\",\"dateModified\":\"2025-11-12T18:04:48+00:00\",\"inLanguage\":\"pt-PT\",\"potentialAction\":[{\"@type\":\"ReadAction\",\"target\":[\"https:\/\/worklaser.pt\/?product=convite-elegante-2\"]}]}]}<\/script>\n<!-- \/ Yoast SEO plugin. -->","builder_content":"","_links":{"self":[{"href":"https:\/\/worklaser.pt\/index.php?rest_route=\/wp\/v2\/product\/13824"}],"collection":[{"href":"https:\/\/worklaser.pt\/index.php?rest_route=\/wp\/v2\/product"}],"about":[{"href":"https:\/\/worklaser.pt\/index.php?rest_route=\/wp\/v2\/types\/product"}],"replies":[{"embeddable":true,"href":"https:\/\/worklaser.pt\/index.php?rest_route=%2Fwp%2Fv2%2Fcomments&post=13824"}],"wp:featuredmedia":[{"embeddable":true,"href":"https:\/\/worklaser.pt\/index.php?rest_route=\/wp\/v2\/media\/13826"}],"wp:attachment":[{"href":"https:\/\/worklaser.pt\/index.php?rest_route=%2Fwp%2Fv2%2Fmedia&parent=13824"}],"wp:term":[{"taxonomy":"product_cat","embeddable":true,"href":"https:\/\/worklaser.pt\/index.php?rest_route=%2Fwp%2Fv2%2Fproduct_cat&post=13824"},{"taxonomy":"product_tag","embeddable":true,"href":"https:\/\/worklaser.pt\/index.php?rest_route=%2Fwp%2Fv2%2Fproduct_tag&post=13824"}],"curies":[{"name":"wp","href":"https:\/\/api.w.org\/{rel}","templated":true}]}}