{"id":13812,"date":"2025-11-05T10:17:26","date_gmt":"2025-11-05T10:17:26","guid":{"rendered":"https:\/\/worklaser.pt\/?post_type=product&#038;p=13812"},"modified":"2025-11-05T10:19:11","modified_gmt":"2025-11-05T10:19:11","slug":"conjunto-batizado-foto","status":"publish","type":"product","link":"https:\/\/worklaser.pt\/?product=conjunto-batizado-foto","title":{"rendered":"Conjunto Batizado Foto"},"content":{"rendered":"","protected":false},"excerpt":{"rendered":"<p>Caixa em madeira natural com acabamento a veniz.<\/p>\n<p>Com grava\u00e7\u00e3o da fotografia da crian\u00e7a.<\/p>\n<p>Personaliza\u00e7\u00e3o com nome e data.<\/p>\n<p>Interior com 3 divis\u00f5es, para a vela, concha e toalha.<br \/>\nTamanho: 37 x 24 x 7,5cm<\/p>\n<p>Deve anexar a fotografia ao finalizar a compra. Ou pode enviar por email geral@worklaser.pt indicando o n\u00famero da sua encomenda.<\/p>\n<p>&#8211; Pode adquirir apenas a caixa personalizada ou o conjunto completo personalizado (caixa+vela+concha+toalha)<br \/>\nToalha com bordado branco de batizado (n\u00e3o \u00e9 poss\u00edvel personalizar )<\/p>\n<p>Tempo de fabrico e entrega 15-20 dias \u00fateis.<\/p>\n","protected":false},"featured_media":13808,"comment_status":"open","ping_status":"closed","template":"","meta":[],"product_cat":[49,93],"product_tag":[],"yoast_head":"<!-- This site is optimized with the Yoast SEO plugin v14.5 - https:\/\/yoast.com\/wordpress\/plugins\/seo\/ -->\n<title>Conjunto Batizado Foto - WorkLaser<\/title>\n<meta name=\"robots\" content=\"index, follow\" \/>\n<meta name=\"googlebot\" content=\"index, follow, max-snippet:-1, max-image-preview:large, max-video-preview:-1\" \/>\n<meta name=\"bingbot\" content=\"index, follow, max-snippet:-1, max-image-preview:large, max-video-preview:-1\" \/>\n<link rel=\"canonical\" href=\"https:\/\/worklaser.pt\/?product=conjunto-batizado-foto\" \/>\n<meta property=\"og:locale\" content=\"pt_PT\" \/>\n<meta property=\"og:type\" content=\"article\" \/>\n<meta property=\"og:title\" content=\"Conjunto Batizado Foto - WorkLaser\" \/>\n<meta property=\"og:description\" content=\"Caixa em madeira natural com acabamento a veniz.  Com grava\u00e7\u00e3o da fotografia da crian\u00e7a.  Personaliza\u00e7\u00e3o com nome e data.  Interior com 3 divis\u00f5es, para a vela, concha e toalha. Tamanho: 37 x 24 x 7,5cm  Deve anexar a fotografia ao finalizar a compra. Ou pode enviar por email geral@worklaser.pt indicando o n\u00famero da sua encomenda.  - Pode adquirir apenas a caixa personalizada ou o conjunto completo personalizado (caixa+vela+concha+toalha) Toalha com bordado branco de batizado (n\u00e3o \u00e9 poss\u00edvel personalizar )  Tempo de fabrico e entrega 15-20 dias \u00fateis.\" \/>\n<meta property=\"og:url\" content=\"https:\/\/worklaser.pt\/?product=conjunto-batizado-foto\" \/>\n<meta property=\"og:site_name\" content=\"WorkLaser\" \/>\n<meta property=\"article:publisher\" content=\"https:\/\/www.facebook.com\/worklaser\" \/>\n<meta property=\"article:modified_time\" content=\"2025-11-05T10:19:11+00:00\" \/>\n<meta property=\"og:image\" content=\"https:\/\/worklaser.pt\/wp-content\/uploads\/2025\/11\/1.png\" \/>\n\t<meta property=\"og:image:width\" content=\"940\" \/>\n\t<meta property=\"og:image:height\" content=\"733\" \/>\n<meta property=\"fb:app_id\" content=\"275000290498322\" \/>\n<meta name=\"twitter:card\" content=\"summary_large_image\" \/>\n<script type=\"application\/ld+json\" class=\"yoast-schema-graph\">{\"@context\":\"https:\/\/schema.org\",\"@graph\":[{\"@type\":\"WebSite\",\"@id\":\"https:\/\/worklaser.pt\/#website\",\"url\":\"https:\/\/worklaser.pt\/\",\"name\":\"WorkLaser\",\"description\":\"Loja Online\",\"potentialAction\":[{\"@type\":\"SearchAction\",\"target\":\"https:\/\/worklaser.pt\/?s={search_term_string}\",\"query-input\":\"required name=search_term_string\"}],\"inLanguage\":\"pt-PT\"},{\"@type\":\"ImageObject\",\"@id\":\"https:\/\/worklaser.pt\/?product=conjunto-batizado-foto#primaryimage\",\"inLanguage\":\"pt-PT\",\"url\":\"https:\/\/worklaser.pt\/wp-content\/uploads\/2025\/11\/1.png\",\"width\":940,\"height\":733},{\"@type\":\"WebPage\",\"@id\":\"https:\/\/worklaser.pt\/?product=conjunto-batizado-foto#webpage\",\"url\":\"https:\/\/worklaser.pt\/?product=conjunto-batizado-foto\",\"name\":\"Conjunto Batizado Foto - WorkLaser\",\"isPartOf\":{\"@id\":\"https:\/\/worklaser.pt\/#website\"},\"primaryImageOfPage\":{\"@id\":\"https:\/\/worklaser.pt\/?product=conjunto-batizado-foto#primaryimage\"},\"datePublished\":\"2025-11-05T10:17:26+00:00\",\"dateModified\":\"2025-11-05T10:19:11+00:00\",\"inLanguage\":\"pt-PT\",\"potentialAction\":[{\"@type\":\"ReadAction\",\"target\":[\"https:\/\/worklaser.pt\/?product=conjunto-batizado-foto\"]}]}]}<\/script>\n<!-- \/ Yoast SEO plugin. -->","builder_content":"","_links":{"self":[{"href":"https:\/\/worklaser.pt\/index.php?rest_route=\/wp\/v2\/product\/13812"}],"collection":[{"href":"https:\/\/worklaser.pt\/index.php?rest_route=\/wp\/v2\/product"}],"about":[{"href":"https:\/\/worklaser.pt\/index.php?rest_route=\/wp\/v2\/types\/product"}],"replies":[{"embeddable":true,"href":"https:\/\/worklaser.pt\/index.php?rest_route=%2Fwp%2Fv2%2Fcomments&post=13812"}],"wp:featuredmedia":[{"embeddable":true,"href":"https:\/\/worklaser.pt\/index.php?rest_route=\/wp\/v2\/media\/13808"}],"wp:attachment":[{"href":"https:\/\/worklaser.pt\/index.php?rest_route=%2Fwp%2Fv2%2Fmedia&parent=13812"}],"wp:term":[{"taxonomy":"product_cat","embeddable":true,"href":"https:\/\/worklaser.pt\/index.php?rest_route=%2Fwp%2Fv2%2Fproduct_cat&post=13812"},{"taxonomy":"product_tag","embeddable":true,"href":"https:\/\/worklaser.pt\/index.php?rest_route=%2Fwp%2Fv2%2Fproduct_tag&post=13812"}],"curies":[{"name":"wp","href":"https:\/\/api.w.org\/{rel}","templated":true}]}}