{"id":13739,"date":"2025-09-18T13:21:39","date_gmt":"2025-09-18T13:21:39","guid":{"rendered":"https:\/\/worklaser.pt\/?post_type=product&#038;p=13739"},"modified":"2025-09-21T20:02:34","modified_gmt":"2025-09-21T20:02:34","slug":"convite-requinte-floral","status":"publish","type":"product","link":"https:\/\/worklaser.pt\/?product=convite-requinte-floral","title":{"rendered":"Convite Requinte Floral"},"content":{"rendered":"","protected":false},"excerpt":{"rendered":"<p>Convite inclui:<br \/>\n&#8211; Convite desdobr\u00e1vel com fita de cetim e etiqueta.<br \/>\n&#8211; Envelope com lacre dourado simples cora\u00e7\u00e3o com flores secas<\/p>\n<p>Papel 250gm branco com ligeiro brilho, alta qualidade.<\/p>\n<p>Caso queira\u00a0<strong>lacre personalizado com iniciais<\/strong>\u00a0entre primeiro em contacto connosco porque \u00e9 necess\u00e1rio fabricar um sinete e acresce o respetivo valor.<\/p>\n<p>Ap\u00f3s valida\u00e7\u00e3o da encomenda receber\u00e1 o desenho digital do convite para confirma\u00e7\u00e3o.<\/p>\n<p>Tamanho do convite: 17,5cm x 12cm<\/p>\n<p><strong>M\u00ednimo compra 20 unidades\u00a0<\/strong>( caso necessite de menos entre em contacto connosco).<\/p>\n<p>Tempo de entrega 25 dias \u00fateis<\/p>\n","protected":false},"featured_media":13732,"comment_status":"open","ping_status":"closed","template":"","meta":[],"product_cat":[48,55,80],"product_tag":[],"yoast_head":"<!-- This site is optimized with the Yoast SEO plugin v14.5 - https:\/\/yoast.com\/wordpress\/plugins\/seo\/ -->\n<title>Convite Requinte Floral - WorkLaser<\/title>\n<meta name=\"robots\" content=\"index, follow\" \/>\n<meta name=\"googlebot\" content=\"index, follow, max-snippet:-1, max-image-preview:large, max-video-preview:-1\" \/>\n<meta name=\"bingbot\" content=\"index, follow, max-snippet:-1, max-image-preview:large, max-video-preview:-1\" \/>\n<link rel=\"canonical\" href=\"https:\/\/worklaser.pt\/?product=convite-requinte-floral\" \/>\n<meta property=\"og:locale\" content=\"pt_PT\" \/>\n<meta property=\"og:type\" content=\"article\" \/>\n<meta property=\"og:title\" content=\"Convite Requinte Floral - WorkLaser\" \/>\n<meta property=\"og:description\" content=\"Convite inclui: - Convite desdobr\u00e1vel com fita de cetim e etiqueta. - Envelope com lacre dourado simples cora\u00e7\u00e3o com flores secas  Papel 250gm branco com ligeiro brilho, alta qualidade.  Caso queira\u00a0lacre personalizado com iniciais\u00a0entre primeiro em contacto connosco porque \u00e9 necess\u00e1rio fabricar um sinete e acresce o respetivo valor.  Ap\u00f3s valida\u00e7\u00e3o da encomenda receber\u00e1 o desenho digital do convite para confirma\u00e7\u00e3o.  Tamanho do convite: 17,5cm x 12cm  M\u00ednimo compra 20 unidades\u00a0( caso necessite de menos entre em contacto connosco).  Tempo de entrega 25 dias \u00fateis\" \/>\n<meta property=\"og:url\" content=\"https:\/\/worklaser.pt\/?product=convite-requinte-floral\" \/>\n<meta property=\"og:site_name\" content=\"WorkLaser\" \/>\n<meta property=\"article:publisher\" content=\"https:\/\/www.facebook.com\/worklaser\" \/>\n<meta property=\"article:modified_time\" content=\"2025-09-21T20:02:34+00:00\" \/>\n<meta property=\"og:image\" content=\"https:\/\/worklaser.pt\/wp-content\/uploads\/2025\/09\/19.jpg\" \/>\n\t<meta property=\"og:image:width\" content=\"600\" \/>\n\t<meta property=\"og:image:height\" content=\"469\" \/>\n<meta property=\"fb:app_id\" content=\"275000290498322\" \/>\n<meta name=\"twitter:card\" content=\"summary_large_image\" \/>\n<script type=\"application\/ld+json\" class=\"yoast-schema-graph\">{\"@context\":\"https:\/\/schema.org\",\"@graph\":[{\"@type\":\"WebSite\",\"@id\":\"https:\/\/worklaser.pt\/#website\",\"url\":\"https:\/\/worklaser.pt\/\",\"name\":\"WorkLaser\",\"description\":\"Loja Online\",\"potentialAction\":[{\"@type\":\"SearchAction\",\"target\":\"https:\/\/worklaser.pt\/?s={search_term_string}\",\"query-input\":\"required name=search_term_string\"}],\"inLanguage\":\"pt-PT\"},{\"@type\":\"ImageObject\",\"@id\":\"https:\/\/worklaser.pt\/?product=convite-requinte-floral#primaryimage\",\"inLanguage\":\"pt-PT\",\"url\":\"https:\/\/worklaser.pt\/wp-content\/uploads\/2025\/09\/19.jpg\",\"width\":600,\"height\":469},{\"@type\":\"WebPage\",\"@id\":\"https:\/\/worklaser.pt\/?product=convite-requinte-floral#webpage\",\"url\":\"https:\/\/worklaser.pt\/?product=convite-requinte-floral\",\"name\":\"Convite Requinte Floral - WorkLaser\",\"isPartOf\":{\"@id\":\"https:\/\/worklaser.pt\/#website\"},\"primaryImageOfPage\":{\"@id\":\"https:\/\/worklaser.pt\/?product=convite-requinte-floral#primaryimage\"},\"datePublished\":\"2025-09-18T13:21:39+00:00\",\"dateModified\":\"2025-09-21T20:02:34+00:00\",\"inLanguage\":\"pt-PT\",\"potentialAction\":[{\"@type\":\"ReadAction\",\"target\":[\"https:\/\/worklaser.pt\/?product=convite-requinte-floral\"]}]}]}<\/script>\n<!-- \/ Yoast SEO plugin. -->","builder_content":"","_links":{"self":[{"href":"https:\/\/worklaser.pt\/index.php?rest_route=\/wp\/v2\/product\/13739"}],"collection":[{"href":"https:\/\/worklaser.pt\/index.php?rest_route=\/wp\/v2\/product"}],"about":[{"href":"https:\/\/worklaser.pt\/index.php?rest_route=\/wp\/v2\/types\/product"}],"replies":[{"embeddable":true,"href":"https:\/\/worklaser.pt\/index.php?rest_route=%2Fwp%2Fv2%2Fcomments&post=13739"}],"wp:featuredmedia":[{"embeddable":true,"href":"https:\/\/worklaser.pt\/index.php?rest_route=\/wp\/v2\/media\/13732"}],"wp:attachment":[{"href":"https:\/\/worklaser.pt\/index.php?rest_route=%2Fwp%2Fv2%2Fmedia&parent=13739"}],"wp:term":[{"taxonomy":"product_cat","embeddable":true,"href":"https:\/\/worklaser.pt\/index.php?rest_route=%2Fwp%2Fv2%2Fproduct_cat&post=13739"},{"taxonomy":"product_tag","embeddable":true,"href":"https:\/\/worklaser.pt\/index.php?rest_route=%2Fwp%2Fv2%2Fproduct_tag&post=13739"}],"curies":[{"name":"wp","href":"https:\/\/api.w.org\/{rel}","templated":true}]}}