{"id":13737,"date":"2025-09-18T11:36:00","date_gmt":"2025-09-18T11:36:00","guid":{"rendered":"https:\/\/worklaser.pt\/?post_type=product&#038;p=13737"},"modified":"2026-03-12T09:52:51","modified_gmt":"2026-03-12T09:52:51","slug":"convite-viagens-azul","status":"publish","type":"product","link":"https:\/\/worklaser.pt\/?product=convite-viagens-azul","title":{"rendered":"Convite Viagens Azul"},"content":{"rendered":"","protected":false},"excerpt":{"rendered":"<p>Convite composto por passaporte e bilhete.<br \/>\nEm papel branco com ligeiro brilho alta qualidade.<br \/>\nInclui avi\u00e3o de acr\u00edlico espelhado com cord\u00e3o dourado.<\/p>\n<p>Ap\u00f3s valida\u00e7\u00e3o da encomenda receber\u00e1 o desenho digital do convite para confirma\u00e7\u00e3o.<\/p>\n<p>Tamanho do convite com o bilhete no interior do passaporte: 9,5cm x 19cm<\/p>\n<p><strong>M\u00ednimo compra 20 unidades\u00a0<\/strong>( caso necessite de menos entre em contacto connosco).<\/p>\n<p>Tempo de entrega 25 dias \u00fateis<\/p>\n","protected":false},"featured_media":13714,"comment_status":"open","ping_status":"closed","template":"","meta":[],"product_cat":[48,55,80],"product_tag":[],"yoast_head":"<!-- This site is optimized with the Yoast SEO plugin v14.5 - https:\/\/yoast.com\/wordpress\/plugins\/seo\/ -->\n<title>Convite Viagens Azul - WorkLaser<\/title>\n<meta name=\"robots\" content=\"index, follow\" \/>\n<meta name=\"googlebot\" content=\"index, follow, max-snippet:-1, max-image-preview:large, max-video-preview:-1\" \/>\n<meta name=\"bingbot\" content=\"index, follow, max-snippet:-1, max-image-preview:large, max-video-preview:-1\" \/>\n<link rel=\"canonical\" href=\"https:\/\/worklaser.pt\/?product=convite-viagens-azul\" \/>\n<meta property=\"og:locale\" content=\"pt_PT\" \/>\n<meta property=\"og:type\" content=\"article\" \/>\n<meta property=\"og:title\" content=\"Convite Viagens Azul - WorkLaser\" \/>\n<meta property=\"og:description\" content=\"Convite composto por passaporte e bilhete. Em papel branco com ligeiro brilho alta qualidade. Inclui avi\u00e3o de acr\u00edlico espelhado com cord\u00e3o dourado.  Ap\u00f3s valida\u00e7\u00e3o da encomenda receber\u00e1 o desenho digital do convite para confirma\u00e7\u00e3o.  Tamanho do convite com o bilhete no interior do passaporte: 9,5cm x 19cm  M\u00ednimo compra 20 unidades\u00a0( caso necessite de menos entre em contacto connosco).  Tempo de entrega 25 dias \u00fateis\" \/>\n<meta property=\"og:url\" content=\"https:\/\/worklaser.pt\/?product=convite-viagens-azul\" \/>\n<meta property=\"og:site_name\" content=\"WorkLaser\" \/>\n<meta property=\"article:publisher\" content=\"https:\/\/www.facebook.com\/worklaser\" \/>\n<meta property=\"article:modified_time\" content=\"2026-03-12T09:52:51+00:00\" \/>\n<meta property=\"og:image\" content=\"https:\/\/worklaser.pt\/wp-content\/uploads\/2025\/09\/1.jpg\" \/>\n\t<meta property=\"og:image:width\" content=\"600\" \/>\n\t<meta property=\"og:image:height\" content=\"469\" \/>\n<meta property=\"fb:app_id\" content=\"275000290498322\" \/>\n<meta name=\"twitter:card\" content=\"summary_large_image\" \/>\n<script type=\"application\/ld+json\" class=\"yoast-schema-graph\">{\"@context\":\"https:\/\/schema.org\",\"@graph\":[{\"@type\":\"WebSite\",\"@id\":\"https:\/\/worklaser.pt\/#website\",\"url\":\"https:\/\/worklaser.pt\/\",\"name\":\"WorkLaser\",\"description\":\"Loja Online\",\"potentialAction\":[{\"@type\":\"SearchAction\",\"target\":\"https:\/\/worklaser.pt\/?s={search_term_string}\",\"query-input\":\"required name=search_term_string\"}],\"inLanguage\":\"pt-PT\"},{\"@type\":\"ImageObject\",\"@id\":\"https:\/\/worklaser.pt\/?product=convite-viagens-azul#primaryimage\",\"inLanguage\":\"pt-PT\",\"url\":\"https:\/\/worklaser.pt\/wp-content\/uploads\/2025\/09\/1.jpg\",\"width\":600,\"height\":469},{\"@type\":\"WebPage\",\"@id\":\"https:\/\/worklaser.pt\/?product=convite-viagens-azul#webpage\",\"url\":\"https:\/\/worklaser.pt\/?product=convite-viagens-azul\",\"name\":\"Convite Viagens Azul - WorkLaser\",\"isPartOf\":{\"@id\":\"https:\/\/worklaser.pt\/#website\"},\"primaryImageOfPage\":{\"@id\":\"https:\/\/worklaser.pt\/?product=convite-viagens-azul#primaryimage\"},\"datePublished\":\"2025-09-18T11:36:00+00:00\",\"dateModified\":\"2026-03-12T09:52:51+00:00\",\"inLanguage\":\"pt-PT\",\"potentialAction\":[{\"@type\":\"ReadAction\",\"target\":[\"https:\/\/worklaser.pt\/?product=convite-viagens-azul\"]}]}]}<\/script>\n<!-- \/ Yoast SEO plugin. -->","builder_content":"","_links":{"self":[{"href":"https:\/\/worklaser.pt\/index.php?rest_route=\/wp\/v2\/product\/13737"}],"collection":[{"href":"https:\/\/worklaser.pt\/index.php?rest_route=\/wp\/v2\/product"}],"about":[{"href":"https:\/\/worklaser.pt\/index.php?rest_route=\/wp\/v2\/types\/product"}],"replies":[{"embeddable":true,"href":"https:\/\/worklaser.pt\/index.php?rest_route=%2Fwp%2Fv2%2Fcomments&post=13737"}],"wp:featuredmedia":[{"embeddable":true,"href":"https:\/\/worklaser.pt\/index.php?rest_route=\/wp\/v2\/media\/13714"}],"wp:attachment":[{"href":"https:\/\/worklaser.pt\/index.php?rest_route=%2Fwp%2Fv2%2Fmedia&parent=13737"}],"wp:term":[{"taxonomy":"product_cat","embeddable":true,"href":"https:\/\/worklaser.pt\/index.php?rest_route=%2Fwp%2Fv2%2Fproduct_cat&post=13737"},{"taxonomy":"product_tag","embeddable":true,"href":"https:\/\/worklaser.pt\/index.php?rest_route=%2Fwp%2Fv2%2Fproduct_tag&post=13737"}],"curies":[{"name":"wp","href":"https:\/\/api.w.org\/{rel}","templated":true}]}}