{"id":13657,"date":"2025-06-24T12:37:31","date_gmt":"2025-06-24T12:37:31","guid":{"rendered":"https:\/\/worklaser.pt\/?post_type=product&#038;p=13657"},"modified":"2026-02-05T10:57:06","modified_gmt":"2026-02-05T10:57:06","slug":"caixa-envelopes-ref-3","status":"publish","type":"product","link":"https:\/\/worklaser.pt\/?product=caixa-envelopes-ref-3","title":{"rendered":"Caixa Envelopes ref.3"},"content":{"rendered":"","protected":false},"excerpt":{"rendered":"<p>Caixa em madeira natural clara.<br \/>\nCom acabamento a verniz.<\/p>\n<p>Com grava\u00e7\u00e3o a laser na tampa.<br \/>\nAplica\u00e7\u00f5es em acr\u00edlico dourado.<br \/>\nFecho para aloquete.<br \/>\nAloquete Inclu\u00eddo<\/p>\n<p>Tamanho da caixa: 30 x 20 x 13,5cm<br \/>\nTempo de entrega: 15 dias \u00fateis<\/p>\n<p>Possibilidade de grava\u00e7\u00e3o de monograma, contudo o monograma est\u00e1 sujeito a an\u00e1lise. (ao finalizar a encomenda pode anexar o ficheiro)<\/p>\n","protected":false},"featured_media":13658,"comment_status":"open","ping_status":"closed","template":"","meta":[],"product_cat":[48,64],"product_tag":[],"yoast_head":"<!-- This site is optimized with the Yoast SEO plugin v14.5 - https:\/\/yoast.com\/wordpress\/plugins\/seo\/ -->\n<title>Caixa Envelopes ref.3 - WorkLaser<\/title>\n<meta name=\"robots\" content=\"index, follow\" \/>\n<meta name=\"googlebot\" content=\"index, follow, max-snippet:-1, max-image-preview:large, max-video-preview:-1\" \/>\n<meta name=\"bingbot\" content=\"index, follow, max-snippet:-1, max-image-preview:large, max-video-preview:-1\" \/>\n<link rel=\"canonical\" href=\"https:\/\/worklaser.pt\/?product=caixa-envelopes-ref-3\" \/>\n<meta property=\"og:locale\" content=\"pt_PT\" \/>\n<meta property=\"og:type\" content=\"article\" \/>\n<meta property=\"og:title\" content=\"Caixa Envelopes ref.3 - WorkLaser\" \/>\n<meta property=\"og:description\" content=\"Caixa em madeira natural clara. Com acabamento a verniz.  Com grava\u00e7\u00e3o a laser na tampa. Aplica\u00e7\u00f5es em acr\u00edlico dourado. Fecho para aloquete. Aloquete Inclu\u00eddo  Tamanho da caixa: 30 x 20 x 13,5cm Tempo de entrega: 15 dias \u00fateis  Possibilidade de grava\u00e7\u00e3o de monograma, contudo o monograma est\u00e1 sujeito a an\u00e1lise. (ao finalizar a encomenda pode anexar o ficheiro)\" \/>\n<meta property=\"og:url\" content=\"https:\/\/worklaser.pt\/?product=caixa-envelopes-ref-3\" \/>\n<meta property=\"og:site_name\" content=\"WorkLaser\" \/>\n<meta property=\"article:publisher\" content=\"https:\/\/www.facebook.com\/worklaser\" \/>\n<meta property=\"article:modified_time\" content=\"2026-02-05T10:57:06+00:00\" \/>\n<meta property=\"og:image\" content=\"https:\/\/worklaser.pt\/wp-content\/uploads\/2025\/06\/12.jpg\" \/>\n\t<meta property=\"og:image:width\" content=\"600\" \/>\n\t<meta property=\"og:image:height\" content=\"469\" \/>\n<meta property=\"fb:app_id\" content=\"275000290498322\" \/>\n<meta name=\"twitter:card\" content=\"summary_large_image\" \/>\n<script type=\"application\/ld+json\" class=\"yoast-schema-graph\">{\"@context\":\"https:\/\/schema.org\",\"@graph\":[{\"@type\":\"WebSite\",\"@id\":\"https:\/\/worklaser.pt\/#website\",\"url\":\"https:\/\/worklaser.pt\/\",\"name\":\"WorkLaser\",\"description\":\"Loja Online\",\"potentialAction\":[{\"@type\":\"SearchAction\",\"target\":\"https:\/\/worklaser.pt\/?s={search_term_string}\",\"query-input\":\"required name=search_term_string\"}],\"inLanguage\":\"pt-PT\"},{\"@type\":\"ImageObject\",\"@id\":\"https:\/\/worklaser.pt\/?product=caixa-envelopes-ref-3#primaryimage\",\"inLanguage\":\"pt-PT\",\"url\":\"https:\/\/worklaser.pt\/wp-content\/uploads\/2025\/06\/12.jpg\",\"width\":600,\"height\":469},{\"@type\":\"WebPage\",\"@id\":\"https:\/\/worklaser.pt\/?product=caixa-envelopes-ref-3#webpage\",\"url\":\"https:\/\/worklaser.pt\/?product=caixa-envelopes-ref-3\",\"name\":\"Caixa Envelopes ref.3 - WorkLaser\",\"isPartOf\":{\"@id\":\"https:\/\/worklaser.pt\/#website\"},\"primaryImageOfPage\":{\"@id\":\"https:\/\/worklaser.pt\/?product=caixa-envelopes-ref-3#primaryimage\"},\"datePublished\":\"2025-06-24T12:37:31+00:00\",\"dateModified\":\"2026-02-05T10:57:06+00:00\",\"inLanguage\":\"pt-PT\",\"potentialAction\":[{\"@type\":\"ReadAction\",\"target\":[\"https:\/\/worklaser.pt\/?product=caixa-envelopes-ref-3\"]}]}]}<\/script>\n<!-- \/ Yoast SEO plugin. -->","builder_content":"","_links":{"self":[{"href":"https:\/\/worklaser.pt\/index.php?rest_route=\/wp\/v2\/product\/13657"}],"collection":[{"href":"https:\/\/worklaser.pt\/index.php?rest_route=\/wp\/v2\/product"}],"about":[{"href":"https:\/\/worklaser.pt\/index.php?rest_route=\/wp\/v2\/types\/product"}],"replies":[{"embeddable":true,"href":"https:\/\/worklaser.pt\/index.php?rest_route=%2Fwp%2Fv2%2Fcomments&post=13657"}],"wp:featuredmedia":[{"embeddable":true,"href":"https:\/\/worklaser.pt\/index.php?rest_route=\/wp\/v2\/media\/13658"}],"wp:attachment":[{"href":"https:\/\/worklaser.pt\/index.php?rest_route=%2Fwp%2Fv2%2Fmedia&parent=13657"}],"wp:term":[{"taxonomy":"product_cat","embeddable":true,"href":"https:\/\/worklaser.pt\/index.php?rest_route=%2Fwp%2Fv2%2Fproduct_cat&post=13657"},{"taxonomy":"product_tag","embeddable":true,"href":"https:\/\/worklaser.pt\/index.php?rest_route=%2Fwp%2Fv2%2Fproduct_tag&post=13657"}],"curies":[{"name":"wp","href":"https:\/\/api.w.org\/{rel}","templated":true}]}}