{"id":13633,"date":"2025-05-21T18:49:10","date_gmt":"2025-05-21T18:49:10","guid":{"rendered":"https:\/\/worklaser.pt\/?post_type=product&#038;p=13633"},"modified":"2025-05-21T18:49:41","modified_gmt":"2025-05-21T18:49:41","slug":"iman-concha-com-borboleta","status":"publish","type":"product","link":"https:\/\/worklaser.pt\/?product=iman-concha-com-borboleta","title":{"rendered":"\u00cdman Concha c\/ Borboleta"},"content":{"rendered":"","protected":false},"excerpt":{"rendered":"<p>\u00cdman concha com aplica\u00e7\u00e3o de borboleta em mdf e mdf branco com personaliza\u00e7\u00e3o de nome e data.<br \/>\nTamanho da pe\u00e7a: 7cm x 7cm<br \/>\nOp\u00e7\u00e3o de acrescentar saquinho de organza rosa.<\/p>\n<p><strong>M\u00ednimo compra 15 unidades\u00a0<\/strong>( caso necessite de menos entre em contacto connosco).<\/p>\n<p>Tempo de entrega 15 dias \u00fateis<\/p>\n","protected":false},"featured_media":13596,"comment_status":"open","ping_status":"closed","template":"","meta":[],"product_cat":[49,88,141],"product_tag":[],"yoast_head":"<!-- This site is optimized with the Yoast SEO plugin v14.5 - https:\/\/yoast.com\/wordpress\/plugins\/seo\/ -->\n<title>\u00cdman Concha c\/ Borboleta - WorkLaser<\/title>\n<meta name=\"robots\" content=\"index, follow\" \/>\n<meta name=\"googlebot\" content=\"index, follow, max-snippet:-1, max-image-preview:large, max-video-preview:-1\" \/>\n<meta name=\"bingbot\" content=\"index, follow, max-snippet:-1, max-image-preview:large, max-video-preview:-1\" \/>\n<link rel=\"canonical\" href=\"https:\/\/worklaser.pt\/?product=iman-concha-com-borboleta\" \/>\n<meta property=\"og:locale\" content=\"pt_PT\" \/>\n<meta property=\"og:type\" content=\"article\" \/>\n<meta property=\"og:title\" content=\"\u00cdman Concha c\/ Borboleta - WorkLaser\" \/>\n<meta property=\"og:description\" content=\"\u00cdman concha com aplica\u00e7\u00e3o de borboleta em mdf e mdf branco com personaliza\u00e7\u00e3o de nome e data. Tamanho da pe\u00e7a: 7cm x 7cm Op\u00e7\u00e3o de acrescentar saquinho de organza rosa.  M\u00ednimo compra 15 unidades\u00a0( caso necessite de menos entre em contacto connosco).  Tempo de entrega 15 dias \u00fateis\" \/>\n<meta property=\"og:url\" content=\"https:\/\/worklaser.pt\/?product=iman-concha-com-borboleta\" \/>\n<meta property=\"og:site_name\" content=\"WorkLaser\" \/>\n<meta property=\"article:publisher\" content=\"https:\/\/www.facebook.com\/worklaser\" \/>\n<meta property=\"article:modified_time\" content=\"2025-05-21T18:49:41+00:00\" \/>\n<meta property=\"og:image\" content=\"https:\/\/worklaser.pt\/wp-content\/uploads\/2025\/05\/19.jpg\" \/>\n\t<meta property=\"og:image:width\" content=\"600\" \/>\n\t<meta property=\"og:image:height\" content=\"469\" \/>\n<meta property=\"fb:app_id\" content=\"275000290498322\" \/>\n<meta name=\"twitter:card\" content=\"summary_large_image\" \/>\n<script type=\"application\/ld+json\" class=\"yoast-schema-graph\">{\"@context\":\"https:\/\/schema.org\",\"@graph\":[{\"@type\":\"WebSite\",\"@id\":\"https:\/\/worklaser.pt\/#website\",\"url\":\"https:\/\/worklaser.pt\/\",\"name\":\"WorkLaser\",\"description\":\"Loja Online\",\"potentialAction\":[{\"@type\":\"SearchAction\",\"target\":\"https:\/\/worklaser.pt\/?s={search_term_string}\",\"query-input\":\"required name=search_term_string\"}],\"inLanguage\":\"pt-PT\"},{\"@type\":\"ImageObject\",\"@id\":\"https:\/\/worklaser.pt\/?product=iman-concha-com-borboleta#primaryimage\",\"inLanguage\":\"pt-PT\",\"url\":\"https:\/\/worklaser.pt\/wp-content\/uploads\/2025\/05\/19.jpg\",\"width\":600,\"height\":469},{\"@type\":\"WebPage\",\"@id\":\"https:\/\/worklaser.pt\/?product=iman-concha-com-borboleta#webpage\",\"url\":\"https:\/\/worklaser.pt\/?product=iman-concha-com-borboleta\",\"name\":\"\\u00cdman Concha c\/ Borboleta - WorkLaser\",\"isPartOf\":{\"@id\":\"https:\/\/worklaser.pt\/#website\"},\"primaryImageOfPage\":{\"@id\":\"https:\/\/worklaser.pt\/?product=iman-concha-com-borboleta#primaryimage\"},\"datePublished\":\"2025-05-21T18:49:10+00:00\",\"dateModified\":\"2025-05-21T18:49:41+00:00\",\"inLanguage\":\"pt-PT\",\"potentialAction\":[{\"@type\":\"ReadAction\",\"target\":[\"https:\/\/worklaser.pt\/?product=iman-concha-com-borboleta\"]}]}]}<\/script>\n<!-- \/ Yoast SEO plugin. -->","builder_content":"","_links":{"self":[{"href":"https:\/\/worklaser.pt\/index.php?rest_route=\/wp\/v2\/product\/13633"}],"collection":[{"href":"https:\/\/worklaser.pt\/index.php?rest_route=\/wp\/v2\/product"}],"about":[{"href":"https:\/\/worklaser.pt\/index.php?rest_route=\/wp\/v2\/types\/product"}],"replies":[{"embeddable":true,"href":"https:\/\/worklaser.pt\/index.php?rest_route=%2Fwp%2Fv2%2Fcomments&post=13633"}],"wp:featuredmedia":[{"embeddable":true,"href":"https:\/\/worklaser.pt\/index.php?rest_route=\/wp\/v2\/media\/13596"}],"wp:attachment":[{"href":"https:\/\/worklaser.pt\/index.php?rest_route=%2Fwp%2Fv2%2Fmedia&parent=13633"}],"wp:term":[{"taxonomy":"product_cat","embeddable":true,"href":"https:\/\/worklaser.pt\/index.php?rest_route=%2Fwp%2Fv2%2Fproduct_cat&post=13633"},{"taxonomy":"product_tag","embeddable":true,"href":"https:\/\/worklaser.pt\/index.php?rest_route=%2Fwp%2Fv2%2Fproduct_tag&post=13633"}],"curies":[{"name":"wp","href":"https:\/\/api.w.org\/{rel}","templated":true}]}}