{"id":13580,"date":"2025-05-14T17:26:38","date_gmt":"2025-05-14T17:26:38","guid":{"rendered":"https:\/\/worklaser.pt\/?post_type=product&#038;p=13580"},"modified":"2026-03-12T10:32:18","modified_gmt":"2026-03-12T10:32:18","slug":"seating-plan-grande","status":"publish","type":"product","link":"https:\/\/worklaser.pt\/?product=seating-plan-grande","title":{"rendered":"Seating Plan Grande"},"content":{"rendered":"","protected":false},"excerpt":{"rendered":"<p>Placar grande: 90cm x 70cm<br \/>\nAp\u00f3s efetuar a encomenda e o pagamento dever\u00e1 enviar por email a lista dos convidados por mesa. &#8211;\u00a0 geral@worklaser.pt<\/p>\n<p>Tempo de entrega: 15-20 dias \u00fateis.<\/p>\n<p>As flores podem ser alteradas, deve indicar nas notas da encomenda a cor que gostaria.<br \/>\nCaso tenha algum monograma\/flores pode anexar o ficheiro, iremos analisar se \u00e9 poss\u00edvel colocar.<\/p>\n<p>Suporte n\u00e3o inclu\u00eddo.<\/p>\n","protected":false},"featured_media":13581,"comment_status":"open","ping_status":"closed","template":"","meta":[],"product_cat":[48,61],"product_tag":[],"yoast_head":"<!-- This site is optimized with the Yoast SEO plugin v14.5 - https:\/\/yoast.com\/wordpress\/plugins\/seo\/ -->\n<title>Seating Plan Grande - WorkLaser<\/title>\n<meta name=\"robots\" content=\"index, follow\" \/>\n<meta name=\"googlebot\" content=\"index, follow, max-snippet:-1, max-image-preview:large, max-video-preview:-1\" \/>\n<meta name=\"bingbot\" content=\"index, follow, max-snippet:-1, max-image-preview:large, max-video-preview:-1\" \/>\n<link rel=\"canonical\" href=\"https:\/\/worklaser.pt\/?product=seating-plan-grande\" \/>\n<meta property=\"og:locale\" content=\"pt_PT\" \/>\n<meta property=\"og:type\" content=\"article\" \/>\n<meta property=\"og:title\" content=\"Seating Plan Grande - WorkLaser\" \/>\n<meta property=\"og:description\" content=\"Placar grande: 90cm x 70cm Ap\u00f3s efetuar a encomenda e o pagamento dever\u00e1 enviar por email a lista dos convidados por mesa. -\u00a0 geral@worklaser.pt  Tempo de entrega: 15-20 dias \u00fateis.  As flores podem ser alteradas, deve indicar nas notas da encomenda a cor que gostaria. Caso tenha algum monograma\/flores pode anexar o ficheiro, iremos analisar se \u00e9 poss\u00edvel colocar.  Suporte n\u00e3o inclu\u00eddo.\" \/>\n<meta property=\"og:url\" content=\"https:\/\/worklaser.pt\/?product=seating-plan-grande\" \/>\n<meta property=\"og:site_name\" content=\"WorkLaser\" \/>\n<meta property=\"article:publisher\" content=\"https:\/\/www.facebook.com\/worklaser\" \/>\n<meta property=\"article:modified_time\" content=\"2026-03-12T10:32:18+00:00\" \/>\n<meta property=\"og:image\" content=\"https:\/\/worklaser.pt\/wp-content\/uploads\/2025\/05\/14.jpg\" \/>\n\t<meta property=\"og:image:width\" content=\"600\" \/>\n\t<meta property=\"og:image:height\" content=\"469\" \/>\n<meta property=\"fb:app_id\" content=\"275000290498322\" \/>\n<meta name=\"twitter:card\" content=\"summary_large_image\" \/>\n<script type=\"application\/ld+json\" class=\"yoast-schema-graph\">{\"@context\":\"https:\/\/schema.org\",\"@graph\":[{\"@type\":\"WebSite\",\"@id\":\"https:\/\/worklaser.pt\/#website\",\"url\":\"https:\/\/worklaser.pt\/\",\"name\":\"WorkLaser\",\"description\":\"Loja Online\",\"potentialAction\":[{\"@type\":\"SearchAction\",\"target\":\"https:\/\/worklaser.pt\/?s={search_term_string}\",\"query-input\":\"required name=search_term_string\"}],\"inLanguage\":\"pt-PT\"},{\"@type\":\"ImageObject\",\"@id\":\"https:\/\/worklaser.pt\/?product=seating-plan-grande#primaryimage\",\"inLanguage\":\"pt-PT\",\"url\":\"https:\/\/worklaser.pt\/wp-content\/uploads\/2025\/05\/14.jpg\",\"width\":600,\"height\":469},{\"@type\":\"WebPage\",\"@id\":\"https:\/\/worklaser.pt\/?product=seating-plan-grande#webpage\",\"url\":\"https:\/\/worklaser.pt\/?product=seating-plan-grande\",\"name\":\"Seating Plan Grande - WorkLaser\",\"isPartOf\":{\"@id\":\"https:\/\/worklaser.pt\/#website\"},\"primaryImageOfPage\":{\"@id\":\"https:\/\/worklaser.pt\/?product=seating-plan-grande#primaryimage\"},\"datePublished\":\"2025-05-14T17:26:38+00:00\",\"dateModified\":\"2026-03-12T10:32:18+00:00\",\"inLanguage\":\"pt-PT\",\"potentialAction\":[{\"@type\":\"ReadAction\",\"target\":[\"https:\/\/worklaser.pt\/?product=seating-plan-grande\"]}]}]}<\/script>\n<!-- \/ Yoast SEO plugin. -->","builder_content":"","_links":{"self":[{"href":"https:\/\/worklaser.pt\/index.php?rest_route=\/wp\/v2\/product\/13580"}],"collection":[{"href":"https:\/\/worklaser.pt\/index.php?rest_route=\/wp\/v2\/product"}],"about":[{"href":"https:\/\/worklaser.pt\/index.php?rest_route=\/wp\/v2\/types\/product"}],"replies":[{"embeddable":true,"href":"https:\/\/worklaser.pt\/index.php?rest_route=%2Fwp%2Fv2%2Fcomments&post=13580"}],"wp:featuredmedia":[{"embeddable":true,"href":"https:\/\/worklaser.pt\/index.php?rest_route=\/wp\/v2\/media\/13581"}],"wp:attachment":[{"href":"https:\/\/worklaser.pt\/index.php?rest_route=%2Fwp%2Fv2%2Fmedia&parent=13580"}],"wp:term":[{"taxonomy":"product_cat","embeddable":true,"href":"https:\/\/worklaser.pt\/index.php?rest_route=%2Fwp%2Fv2%2Fproduct_cat&post=13580"},{"taxonomy":"product_tag","embeddable":true,"href":"https:\/\/worklaser.pt\/index.php?rest_route=%2Fwp%2Fv2%2Fproduct_tag&post=13580"}],"curies":[{"name":"wp","href":"https:\/\/api.w.org\/{rel}","templated":true}]}}