{"id":13378,"date":"2025-01-06T10:23:38","date_gmt":"2025-01-06T10:23:38","guid":{"rendered":"https:\/\/worklaser.pt\/?post_type=product&#038;p=13378"},"modified":"2026-02-11T12:07:10","modified_gmt":"2026-02-11T12:07:10","slug":"iman-coracao-ref-4","status":"publish","type":"product","link":"https:\/\/worklaser.pt\/?product=iman-coracao-ref-4","title":{"rendered":"\u00cdman Cora\u00e7\u00e3o ref.4"},"content":{"rendered":"","protected":false},"excerpt":{"rendered":"<p><em><span style=\"text-decoration: line-through;\"><span style=\"font-size: large;\"><b>2.00\u20ac &#8211; 2.70\u20ac<\/b><\/span><\/span><\/em><\/p>\n<p>\u00cdman em madeira clara<br \/>\nPersonalizado com nomes e data<br \/>\nTamanho: 7cm x 6,2cm<\/p>\n<p><strong>M\u00ednimo compra 15 unidades\u00a0<\/strong>( caso necessite de menos entre em contacto connosco).<br \/>\nOp\u00e7\u00e3o: Apenas o \u00edman ou o \u00edman com o saquinho e cart\u00e3o.<\/p>\n<p>Tempo de entrega 15-20 dias \u00fateis<\/p>\n","protected":false},"featured_media":13381,"comment_status":"open","ping_status":"closed","template":"","meta":[],"product_cat":[48,56,71,70],"product_tag":[],"yoast_head":"<!-- This site is optimized with the Yoast SEO plugin v14.5 - https:\/\/yoast.com\/wordpress\/plugins\/seo\/ -->\n<title>\u00cdman Cora\u00e7\u00e3o ref.4 - WorkLaser<\/title>\n<meta name=\"robots\" content=\"index, follow\" \/>\n<meta name=\"googlebot\" content=\"index, follow, max-snippet:-1, max-image-preview:large, max-video-preview:-1\" \/>\n<meta name=\"bingbot\" content=\"index, follow, max-snippet:-1, max-image-preview:large, max-video-preview:-1\" \/>\n<link rel=\"canonical\" href=\"https:\/\/worklaser.pt\/?product=iman-coracao-ref-4\" \/>\n<meta property=\"og:locale\" content=\"pt_PT\" \/>\n<meta property=\"og:type\" content=\"article\" \/>\n<meta property=\"og:title\" content=\"\u00cdman Cora\u00e7\u00e3o ref.4 - WorkLaser\" \/>\n<meta property=\"og:description\" content=\"2.00\u20ac - 2.70\u20ac  \u00cdman em madeira clara Personalizado com nomes e data Tamanho: 7cm x 6,2cm  M\u00ednimo compra 15 unidades\u00a0( caso necessite de menos entre em contacto connosco). Op\u00e7\u00e3o: Apenas o \u00edman ou o \u00edman com o saquinho e cart\u00e3o.  Tempo de entrega 15-20 dias \u00fateis\" \/>\n<meta property=\"og:url\" content=\"https:\/\/worklaser.pt\/?product=iman-coracao-ref-4\" \/>\n<meta property=\"og:site_name\" content=\"WorkLaser\" \/>\n<meta property=\"article:publisher\" content=\"https:\/\/www.facebook.com\/worklaser\" \/>\n<meta property=\"article:modified_time\" content=\"2026-02-11T12:07:10+00:00\" \/>\n<meta property=\"og:image\" content=\"https:\/\/worklaser.pt\/wp-content\/uploads\/2025\/01\/25.jpg\" \/>\n\t<meta property=\"og:image:width\" content=\"600\" \/>\n\t<meta property=\"og:image:height\" content=\"469\" \/>\n<meta property=\"fb:app_id\" content=\"275000290498322\" \/>\n<meta name=\"twitter:card\" content=\"summary_large_image\" \/>\n<script type=\"application\/ld+json\" class=\"yoast-schema-graph\">{\"@context\":\"https:\/\/schema.org\",\"@graph\":[{\"@type\":\"WebSite\",\"@id\":\"https:\/\/worklaser.pt\/#website\",\"url\":\"https:\/\/worklaser.pt\/\",\"name\":\"WorkLaser\",\"description\":\"Loja Online\",\"potentialAction\":[{\"@type\":\"SearchAction\",\"target\":\"https:\/\/worklaser.pt\/?s={search_term_string}\",\"query-input\":\"required name=search_term_string\"}],\"inLanguage\":\"pt-PT\"},{\"@type\":\"ImageObject\",\"@id\":\"https:\/\/worklaser.pt\/?product=iman-coracao-ref-4#primaryimage\",\"inLanguage\":\"pt-PT\",\"url\":\"https:\/\/worklaser.pt\/wp-content\/uploads\/2025\/01\/25.jpg\",\"width\":600,\"height\":469},{\"@type\":\"WebPage\",\"@id\":\"https:\/\/worklaser.pt\/?product=iman-coracao-ref-4#webpage\",\"url\":\"https:\/\/worklaser.pt\/?product=iman-coracao-ref-4\",\"name\":\"\\u00cdman Cora\\u00e7\\u00e3o ref.4 - WorkLaser\",\"isPartOf\":{\"@id\":\"https:\/\/worklaser.pt\/#website\"},\"primaryImageOfPage\":{\"@id\":\"https:\/\/worklaser.pt\/?product=iman-coracao-ref-4#primaryimage\"},\"datePublished\":\"2025-01-06T10:23:38+00:00\",\"dateModified\":\"2026-02-11T12:07:10+00:00\",\"inLanguage\":\"pt-PT\",\"potentialAction\":[{\"@type\":\"ReadAction\",\"target\":[\"https:\/\/worklaser.pt\/?product=iman-coracao-ref-4\"]}]}]}<\/script>\n<!-- \/ Yoast SEO plugin. -->","builder_content":"","_links":{"self":[{"href":"https:\/\/worklaser.pt\/index.php?rest_route=\/wp\/v2\/product\/13378"}],"collection":[{"href":"https:\/\/worklaser.pt\/index.php?rest_route=\/wp\/v2\/product"}],"about":[{"href":"https:\/\/worklaser.pt\/index.php?rest_route=\/wp\/v2\/types\/product"}],"replies":[{"embeddable":true,"href":"https:\/\/worklaser.pt\/index.php?rest_route=%2Fwp%2Fv2%2Fcomments&post=13378"}],"wp:featuredmedia":[{"embeddable":true,"href":"https:\/\/worklaser.pt\/index.php?rest_route=\/wp\/v2\/media\/13381"}],"wp:attachment":[{"href":"https:\/\/worklaser.pt\/index.php?rest_route=%2Fwp%2Fv2%2Fmedia&parent=13378"}],"wp:term":[{"taxonomy":"product_cat","embeddable":true,"href":"https:\/\/worklaser.pt\/index.php?rest_route=%2Fwp%2Fv2%2Fproduct_cat&post=13378"},{"taxonomy":"product_tag","embeddable":true,"href":"https:\/\/worklaser.pt\/index.php?rest_route=%2Fwp%2Fv2%2Fproduct_tag&post=13378"}],"curies":[{"name":"wp","href":"https:\/\/api.w.org\/{rel}","templated":true}]}}