{"id":13037,"date":"2024-05-03T14:28:12","date_gmt":"2024-05-03T14:28:12","guid":{"rendered":"https:\/\/worklaser.pt\/?post_type=product&#038;p=13037"},"modified":"2026-03-12T10:30:41","modified_gmt":"2026-03-12T10:30:41","slug":"placa-bem-vindos-ref-5","status":"publish","type":"product","link":"https:\/\/worklaser.pt\/?product=placa-bem-vindos-ref-5","title":{"rendered":"Placa Bem-vindos ref.5"},"content":{"rendered":"","protected":false},"excerpt":{"rendered":"<p>Placa grande: 70cm x 50cm<br \/>\nTempo de entrega: 15-20 dias \u00fateis.<\/p>\n<p>As flores podem ser alteradas, deve indicar nas notas da encomenda a cor que gostaria.<br \/>\nCaso tenha algum monograma\/flores pode anexar o ficheiro, iremos analisar se \u00e9 poss\u00edvel colocar.<\/p>\n<p>Suporte n\u00e3o inclu\u00eddo.<\/p>\n","protected":false},"featured_media":13015,"comment_status":"open","ping_status":"closed","template":"","meta":[],"product_cat":[48,61],"product_tag":[],"yoast_head":"<!-- This site is optimized with the Yoast SEO plugin v14.5 - https:\/\/yoast.com\/wordpress\/plugins\/seo\/ -->\n<title>Placa Bem-vindos ref.5 - WorkLaser<\/title>\n<meta name=\"robots\" content=\"index, follow\" \/>\n<meta name=\"googlebot\" content=\"index, follow, max-snippet:-1, max-image-preview:large, max-video-preview:-1\" \/>\n<meta name=\"bingbot\" content=\"index, follow, max-snippet:-1, max-image-preview:large, max-video-preview:-1\" \/>\n<link rel=\"canonical\" href=\"https:\/\/worklaser.pt\/?product=placa-bem-vindos-ref-5\" \/>\n<meta property=\"og:locale\" content=\"pt_PT\" \/>\n<meta property=\"og:type\" content=\"article\" \/>\n<meta property=\"og:title\" content=\"Placa Bem-vindos ref.5 - WorkLaser\" \/>\n<meta property=\"og:description\" content=\"Placa grande: 70cm x 50cm Tempo de entrega: 15-20 dias \u00fateis.  As flores podem ser alteradas, deve indicar nas notas da encomenda a cor que gostaria. Caso tenha algum monograma\/flores pode anexar o ficheiro, iremos analisar se \u00e9 poss\u00edvel colocar.  Suporte n\u00e3o inclu\u00eddo.\" \/>\n<meta property=\"og:url\" content=\"https:\/\/worklaser.pt\/?product=placa-bem-vindos-ref-5\" \/>\n<meta property=\"og:site_name\" content=\"WorkLaser\" \/>\n<meta property=\"article:publisher\" content=\"https:\/\/www.facebook.com\/worklaser\" \/>\n<meta property=\"article:modified_time\" content=\"2026-03-12T10:30:41+00:00\" \/>\n<meta property=\"og:image\" content=\"https:\/\/worklaser.pt\/wp-content\/uploads\/2024\/05\/5-2.jpg\" \/>\n\t<meta property=\"og:image:width\" content=\"600\" \/>\n\t<meta property=\"og:image:height\" content=\"479\" \/>\n<meta property=\"fb:app_id\" content=\"275000290498322\" \/>\n<meta name=\"twitter:card\" content=\"summary_large_image\" \/>\n<script type=\"application\/ld+json\" class=\"yoast-schema-graph\">{\"@context\":\"https:\/\/schema.org\",\"@graph\":[{\"@type\":\"WebSite\",\"@id\":\"https:\/\/worklaser.pt\/#website\",\"url\":\"https:\/\/worklaser.pt\/\",\"name\":\"WorkLaser\",\"description\":\"Loja Online\",\"potentialAction\":[{\"@type\":\"SearchAction\",\"target\":\"https:\/\/worklaser.pt\/?s={search_term_string}\",\"query-input\":\"required name=search_term_string\"}],\"inLanguage\":\"pt-PT\"},{\"@type\":\"ImageObject\",\"@id\":\"https:\/\/worklaser.pt\/?product=placa-bem-vindos-ref-5#primaryimage\",\"inLanguage\":\"pt-PT\",\"url\":\"https:\/\/worklaser.pt\/wp-content\/uploads\/2024\/05\/5-2.jpg\",\"width\":600,\"height\":479},{\"@type\":\"WebPage\",\"@id\":\"https:\/\/worklaser.pt\/?product=placa-bem-vindos-ref-5#webpage\",\"url\":\"https:\/\/worklaser.pt\/?product=placa-bem-vindos-ref-5\",\"name\":\"Placa Bem-vindos ref.5 - WorkLaser\",\"isPartOf\":{\"@id\":\"https:\/\/worklaser.pt\/#website\"},\"primaryImageOfPage\":{\"@id\":\"https:\/\/worklaser.pt\/?product=placa-bem-vindos-ref-5#primaryimage\"},\"datePublished\":\"2024-05-03T14:28:12+00:00\",\"dateModified\":\"2026-03-12T10:30:41+00:00\",\"inLanguage\":\"pt-PT\",\"potentialAction\":[{\"@type\":\"ReadAction\",\"target\":[\"https:\/\/worklaser.pt\/?product=placa-bem-vindos-ref-5\"]}]}]}<\/script>\n<!-- \/ Yoast SEO plugin. -->","builder_content":"","_links":{"self":[{"href":"https:\/\/worklaser.pt\/index.php?rest_route=\/wp\/v2\/product\/13037"}],"collection":[{"href":"https:\/\/worklaser.pt\/index.php?rest_route=\/wp\/v2\/product"}],"about":[{"href":"https:\/\/worklaser.pt\/index.php?rest_route=\/wp\/v2\/types\/product"}],"replies":[{"embeddable":true,"href":"https:\/\/worklaser.pt\/index.php?rest_route=%2Fwp%2Fv2%2Fcomments&post=13037"}],"wp:featuredmedia":[{"embeddable":true,"href":"https:\/\/worklaser.pt\/index.php?rest_route=\/wp\/v2\/media\/13015"}],"wp:attachment":[{"href":"https:\/\/worklaser.pt\/index.php?rest_route=%2Fwp%2Fv2%2Fmedia&parent=13037"}],"wp:term":[{"taxonomy":"product_cat","embeddable":true,"href":"https:\/\/worklaser.pt\/index.php?rest_route=%2Fwp%2Fv2%2Fproduct_cat&post=13037"},{"taxonomy":"product_tag","embeddable":true,"href":"https:\/\/worklaser.pt\/index.php?rest_route=%2Fwp%2Fv2%2Fproduct_tag&post=13037"}],"curies":[{"name":"wp","href":"https:\/\/api.w.org\/{rel}","templated":true}]}}