{"id":13026,"date":"2024-05-03T13:50:45","date_gmt":"2024-05-03T13:50:45","guid":{"rendered":"https:\/\/worklaser.pt\/?post_type=product&#038;p=13026"},"modified":"2025-05-21T18:23:55","modified_gmt":"2025-05-21T18:23:55","slug":"menu-basic","status":"publish","type":"product","link":"https:\/\/worklaser.pt\/?product=menu-basic","title":{"rendered":"Menu Basic"},"content":{"rendered":"","protected":false},"excerpt":{"rendered":"<p>Ementa em papel matte 250gr<br \/>\nTamanho: 21cm x 7,5cm aprox.<br \/>\nAs flores podem ser alteradas, deve indicar nas notas da encomenda a cor que gostaria.<br \/>\nCaso tenha algum monograma\/flores pode anexar o ficheiro, iremos analisar se \u00e9 poss\u00edvel colocar.<\/p>\n<p>Quantidade m\u00ednima 20 unidades<br \/>\nTempo de entrega: 15-20 dias \u00fateis.<\/p>\n<p>Deve enviar a ementa por email: geral@worklaser.pt\u00a0 &#8211; indique no assunto o n\u00famero da sua encomenda.<\/p>\n","protected":false},"featured_media":13610,"comment_status":"open","ping_status":"closed","template":"","meta":[],"product_cat":[48,66],"product_tag":[],"yoast_head":"<!-- This site is optimized with the Yoast SEO plugin v14.5 - https:\/\/yoast.com\/wordpress\/plugins\/seo\/ -->\n<title>Menu Basic - WorkLaser<\/title>\n<meta name=\"robots\" content=\"index, follow\" \/>\n<meta name=\"googlebot\" content=\"index, follow, max-snippet:-1, max-image-preview:large, max-video-preview:-1\" \/>\n<meta name=\"bingbot\" content=\"index, follow, max-snippet:-1, max-image-preview:large, max-video-preview:-1\" \/>\n<link rel=\"canonical\" href=\"https:\/\/worklaser.pt\/?product=menu-basic\" \/>\n<meta property=\"og:locale\" content=\"pt_PT\" \/>\n<meta property=\"og:type\" content=\"article\" \/>\n<meta property=\"og:title\" content=\"Menu Basic - WorkLaser\" \/>\n<meta property=\"og:description\" content=\"Ementa em papel matte 250gr Tamanho: 21cm x 7,5cm aprox. As flores podem ser alteradas, deve indicar nas notas da encomenda a cor que gostaria. Caso tenha algum monograma\/flores pode anexar o ficheiro, iremos analisar se \u00e9 poss\u00edvel colocar.  Quantidade m\u00ednima 20 unidades Tempo de entrega: 15-20 dias \u00fateis.  Deve enviar a ementa por email: geral@worklaser.pt\u00a0 - indique no assunto o n\u00famero da sua encomenda.\" \/>\n<meta property=\"og:url\" content=\"https:\/\/worklaser.pt\/?product=menu-basic\" \/>\n<meta property=\"og:site_name\" content=\"WorkLaser\" \/>\n<meta property=\"article:publisher\" content=\"https:\/\/www.facebook.com\/worklaser\" \/>\n<meta property=\"article:modified_time\" content=\"2025-05-21T18:23:55+00:00\" \/>\n<meta property=\"og:image\" content=\"https:\/\/worklaser.pt\/wp-content\/uploads\/2025\/05\/9.jpg\" \/>\n\t<meta property=\"og:image:width\" content=\"600\" \/>\n\t<meta property=\"og:image:height\" content=\"469\" \/>\n<meta property=\"fb:app_id\" content=\"275000290498322\" \/>\n<meta name=\"twitter:card\" content=\"summary_large_image\" \/>\n<script type=\"application\/ld+json\" class=\"yoast-schema-graph\">{\"@context\":\"https:\/\/schema.org\",\"@graph\":[{\"@type\":\"WebSite\",\"@id\":\"https:\/\/worklaser.pt\/#website\",\"url\":\"https:\/\/worklaser.pt\/\",\"name\":\"WorkLaser\",\"description\":\"Loja Online\",\"potentialAction\":[{\"@type\":\"SearchAction\",\"target\":\"https:\/\/worklaser.pt\/?s={search_term_string}\",\"query-input\":\"required name=search_term_string\"}],\"inLanguage\":\"pt-PT\"},{\"@type\":\"ImageObject\",\"@id\":\"https:\/\/worklaser.pt\/?product=menu-basic#primaryimage\",\"inLanguage\":\"pt-PT\",\"url\":\"https:\/\/worklaser.pt\/wp-content\/uploads\/2025\/05\/9.jpg\",\"width\":600,\"height\":469},{\"@type\":\"WebPage\",\"@id\":\"https:\/\/worklaser.pt\/?product=menu-basic#webpage\",\"url\":\"https:\/\/worklaser.pt\/?product=menu-basic\",\"name\":\"Menu Basic - WorkLaser\",\"isPartOf\":{\"@id\":\"https:\/\/worklaser.pt\/#website\"},\"primaryImageOfPage\":{\"@id\":\"https:\/\/worklaser.pt\/?product=menu-basic#primaryimage\"},\"datePublished\":\"2024-05-03T13:50:45+00:00\",\"dateModified\":\"2025-05-21T18:23:55+00:00\",\"inLanguage\":\"pt-PT\",\"potentialAction\":[{\"@type\":\"ReadAction\",\"target\":[\"https:\/\/worklaser.pt\/?product=menu-basic\"]}]}]}<\/script>\n<!-- \/ Yoast SEO plugin. -->","builder_content":"","_links":{"self":[{"href":"https:\/\/worklaser.pt\/index.php?rest_route=\/wp\/v2\/product\/13026"}],"collection":[{"href":"https:\/\/worklaser.pt\/index.php?rest_route=\/wp\/v2\/product"}],"about":[{"href":"https:\/\/worklaser.pt\/index.php?rest_route=\/wp\/v2\/types\/product"}],"replies":[{"embeddable":true,"href":"https:\/\/worklaser.pt\/index.php?rest_route=%2Fwp%2Fv2%2Fcomments&post=13026"}],"wp:featuredmedia":[{"embeddable":true,"href":"https:\/\/worklaser.pt\/index.php?rest_route=\/wp\/v2\/media\/13610"}],"wp:attachment":[{"href":"https:\/\/worklaser.pt\/index.php?rest_route=%2Fwp%2Fv2%2Fmedia&parent=13026"}],"wp:term":[{"taxonomy":"product_cat","embeddable":true,"href":"https:\/\/worklaser.pt\/index.php?rest_route=%2Fwp%2Fv2%2Fproduct_cat&post=13026"},{"taxonomy":"product_tag","embeddable":true,"href":"https:\/\/worklaser.pt\/index.php?rest_route=%2Fwp%2Fv2%2Fproduct_tag&post=13026"}],"curies":[{"name":"wp","href":"https:\/\/api.w.org\/{rel}","templated":true}]}}